{"id":2330,"date":"2025-02-24T10:46:15","date_gmt":"2025-02-24T10:46:15","guid":{"rendered":"https:\/\/new.psbh.ro\/?page_id=2330"},"modified":"2025-02-24T15:36:46","modified_gmt":"2025-02-24T15:36:46","slug":"drept-societar-comercial","status":"publish","type":"page","link":"https:\/\/new.psbh.ro\/en\/drept-societar-comercial\/","title":{"rendered":"Drept societar &#038; Comercial"},"content":{"rendered":"<div class=\"vc_row wpb_row vc_row-fluid\"><div class=\"wpb_column vc_column_container vc_col-sm-12\"><div class=\"vc_column-inner\"><div class=\"wpb_wrapper\">\n\t<div class=\"wpb_text_column wpb_content_element\" >\n\t\t<div class=\"wpb_wrapper\">\n\t\t\t<div class=\"wpb_text_column\">\n<div class=\"wpb_wrapper\">\n<p data-start=\"80\" data-end=\"450\">Lansarea \u0219i dezvoltarea unei afaceri necesit\u0103 mai mult dec\u00e2t viziune \u0219i strategie \u2013 o baz\u0103 juridic\u0103 solid\u0103 este esen\u021bial\u0103 pentru succesul pe termen lung. De la alegerea formei juridice potrivite \u0219i redactarea documentelor necesare, p\u00e2n\u0103 la gestionarea contractelor comerciale \u0219i conformitatea cu reglement\u0103rile, fiecare etap\u0103 trebuie abordat\u0103 cu precizie \u0219i expertiz\u0103.<\/p>\n<p data-start=\"452\" data-end=\"857\" data-is-last-node=\"\" data-is-only-node=\"\">Echipa PSBH ofer\u0103 <strong data-start=\"470\" data-end=\"528\">suport juridic complet pentru antreprenori \u0219i companii<\/strong>, sprijinindu-i de la faza ini\u021bial\u0103 a \u00eenfiin\u021b\u0103rii unei societ\u0103\u021bi p\u00e2n\u0103 la consolidarea acesteia pe pia\u021b\u0103. Am fost al\u0103turi de numero\u0219i clien\u021bi \u00een procesul de construire \u0219i stabilizare a business-urilor lor, contribuind la transformarea ideilor \u00een realit\u0103\u021bi profitabile \u0219i la crearea unor pove\u0219ti autentice de succes antreprenorial.<\/p>\n<p>\u00cen concret, avoca\u021bii PSBH asigur\u0103 asisten\u021ba \u0219i reprezentarea prin:<\/p>\n<ul>\n<li>Consultan\u021b\u0103, asisten\u021b\u0103 \u0219i reprezentare juridic\u0103 cu privire la realizarea de investi\u021bii, intrarea \u00een orice joint-venture, alegerea celei mai bune forme de organizare, dezvoltarea normelor corporative, alegerea regimului fiscal favorabil, \u00eenfiin\u021barea formelor de organizare (societ\u0103\u021bi pe ac\u021biuni, societ\u0103\u021bi cu r\u0103spundere limitat\u0103);<\/li>\n<li>Consultan\u021b\u0103, asisten\u021b\u0103 \u0219i reprezentare juridic\u0103 cu privire la realizarea de proiecte non-guvernamentale, alegerea celei mai bune forme de organizare, \u00eenfiin\u021barea formelor de organizare (asocia\u021bii, funda\u021bii, federa\u021bii);<\/li>\n<li>Consultan\u021b\u0103 pe parcursul desf\u0103\u0219ur\u0103rii activit\u0103\u021bii, de la ob\u021binerea avizelor de func\u021bionare \u0219i \u00eencepere a activit\u0103\u021bii, p\u00e2n\u0103 la acordarea suportului juridic \u00een demersurile de zi cu zi;<\/li>\n<li>Consultan\u021b\u0103, asisten\u021b\u0103 \u0219i reprezentare juridic\u0103 \u00een cadrul reorganiz\u0103rilor societare, fuziunilor \u0219i achizi\u021biilor sau diviz\u0103rilor, at\u00e2t \u00een ceea ce prive\u0219te preg\u0103tirea documenta\u021biei procedurilor, precum \u0219i \u00een fa\u021ba institu\u021biilor publice;<\/li>\n<li>Consultan\u021b\u0103, asisten\u021b\u0103 \u0219i reprezentare juridic\u0103 cu privire la transferul de active, fond de comer\u021b, strategii \u0219i planuri de afaceri, asigurarea auditului juridic prealabil oric\u0103rui tip de tranzac\u021bie, etc.;<\/li>\n<li>Consultan\u021b\u0103, asisten\u021b\u0103 \u0219i reprezentare juridic\u0103 cu privire la negocierea tranzac\u021biilor, modific\u0103rilor corporative \u0219i rela\u021biilor dintre p\u0103r\u021bile interesate;<\/li>\n<li>Consultan\u021b\u0103, asisten\u021b\u0103 \u0219i reprezentare juridic\u0103 \u00een vederea dizolv\u0103rii \u0219i lichid\u0103rii societ\u0103\u021bilor, asocia\u021biilor, funda\u021biilor sau federa\u021biilor, at\u00e2t \u00een ceea ce prive\u0219te preg\u0103tirea documenta\u021biei procedurilor, precum \u0219i \u00een fa\u021ba institu\u021biilor publice \u0219i instan\u021belor judec\u0103tore\u0219ti;<\/li>\n<li>Asisten\u021b\u0103 \u0219i reprezentare juridic\u0103 \u00een litigii av\u00e2nd ca obiect opozi\u021bii sau cereri de anulare a deciziilor corporative;<\/li>\n<li>Asisten\u021b\u0103 \u0219i reprezentare juridic\u0103 \u00een litigii av\u00e2nd ca obiect cereri de excludere sau retragere a unui asociat, sau dizolvare a societ\u0103\u021bii.<\/li>\n<\/ul>\n<\/div>\n<\/div>\n<div class=\"wpb_text_column\">\n<div class=\"wpb_wrapper\">\n<h3>Cazuri de referin\u0163\u0103<\/h3>\n<ul>\n<li>PSBH a asigurat cu succes consultan\u021b\u0103 juridic\u0103 unei societ\u0103\u021bi av\u00e2nd activitatea principal\u0103 \u00een domeniul IT \u0219i telecomunica\u021bii, \u00een vederea negocierii \u0219i realiz\u0103rii retragerii din societate a asociatului majoritar, urmat\u0103 de reducerea capitalului social al societ\u0103\u021bii.<\/li>\n<li>PSBH a asigurat cu succes consultan\u021b\u0103 juridic\u0103 pentru 37 de persoane fizice, beneficiare ale unui program de ini\u021biere \u00een antreprenoriat desf\u0103\u0219urat de c\u0103tre o universitate din Rom\u00e2nia, proiect finan\u021bat din fonduri europene.<\/li>\n<li>PSBH a asigurat consultan\u021b\u0103 juridic\u0103 unei societ\u0103\u021bi cu activitatea principal\u0103 \u00een domeniul turismului, privind modificarea cu succes a structurii conducerii persoanei juridice, c\u00e2t \u0219i \u00een ceea ce prive\u0219te negocierea tranzac\u021biilor derivate din schimb\u0103rile astfel intervenite.<\/li>\n<\/ul>\n<\/div>\n<\/div>\n\n\t\t<\/div>\n\t<\/div>\n<\/div><\/div><\/div><\/div><div class=\"vc_row wpb_row vc_row-fluid\"><div class=\"wpb_column vc_column_container vc_col-sm-6\"><div class=\"vc_column-inner\"><div class=\"wpb_wrapper\">\n<div class=\"wpcf7 no-js\" id=\"wpcf7-f1938-o1\" lang=\"en-US\" dir=\"ltr\" data-wpcf7-id=\"1938\">\n<div class=\"screen-reader-response\"><p role=\"status\" aria-live=\"polite\" aria-atomic=\"true\"><\/p> <ul><\/ul><\/div>\n<form action=\"\/en\/wp-json\/wp\/v2\/pages\/2330#wpcf7-f1938-o1\" method=\"post\" class=\"wpcf7-form init\" aria-label=\"Contact form\" novalidate=\"novalidate\" data-status=\"init\" data-trp-original-action=\"\/en\/wp-json\/wp\/v2\/pages\/2330#wpcf7-f1938-o1\">\n<div style=\"display: none;\">\n<input type=\"hidden\" name=\"_wpcf7\" value=\"1938\" \/>\n<input type=\"hidden\" name=\"_wpcf7_version\" value=\"6.0.1\" \/>\n<input type=\"hidden\" name=\"_wpcf7_locale\" value=\"en_US\" \/>\n<input type=\"hidden\" name=\"_wpcf7_unit_tag\" value=\"wpcf7-f1938-o1\" \/>\n<input type=\"hidden\" name=\"_wpcf7_container_post\" value=\"0\" \/>\n<input type=\"hidden\" name=\"_wpcf7_posted_data_hash\" value=\"\" \/>\n<\/div>\n<h4>Talk to a legal expert\n<\/h4>\n<p>Share your contact details and one of our experts will get back to you within 24 hours.\n<\/p>\n<div>\n\t<p><label> Nume<\/label><span class=\"wpcf7-form-control-wrap\" data-name=\"your-name\"><input size=\"40\" maxlength=\"400\" class=\"wpcf7-form-control wpcf7-text wpcf7-validates-as-required\" aria-required=\"true\" aria-invalid=\"false\" value=\"\" type=\"text\" name=\"your-name\" \/><\/span>\n\t<\/p>\n<\/div>\n<div>\n\t<p><label> Num\u0103r de telefon<\/label><span class=\"wpcf7-form-control-wrap\" data-name=\"tel-429\"><input size=\"40\" maxlength=\"400\" class=\"wpcf7-form-control wpcf7-tel wpcf7-validates-as-required wpcf7-text wpcf7-validates-as-tel\" aria-required=\"true\" aria-invalid=\"false\" value=\"\" type=\"tel\" name=\"tel-429\" \/><\/span>\n\t<\/p>\n<\/div>\n<div>\n\t<p><label> D\u0103-ne c\u00e2teva detalii<\/label><span class=\"wpcf7-form-control-wrap\" data-name=\"your-message\"><textarea cols=\"40\" rows=\"2\" maxlength=\"2000\" class=\"wpcf7-form-control wpcf7-textarea\" aria-invalid=\"false\" name=\"your-message\"><\/textarea><\/span>\n\t<\/p>\n<\/div>\n<p><input class=\"wpcf7-form-control wpcf7-submit has-spinner os-btn black\" type=\"submit\" value=\"I&#039;d like to receive a call!\" \/>\n<\/p><div class=\"wpcf7-response-output\" aria-hidden=\"true\"><\/div>\n<input type=\"hidden\" name=\"trp-form-language\" value=\"en\"\/><\/form>\n<\/div>\n<\/div><\/div><\/div><div class=\"wpb_column vc_column_container vc_col-sm-6\"><div class=\"vc_column-inner\"><div class=\"wpb_wrapper\">\n\t<div  class=\"wpb_single_image wpb_content_element vc_align_center\">\n\t\t\n\t\t<figure class=\"wpb_wrapper vc_figure\">\n\t\t\t<div class=\"vc_single_image-wrapper   vc_box_border_grey\"><img loading=\"lazy\" decoding=\"async\" width=\"2000\" height=\"2000\" src=\"https:\/\/new.psbh.ro\/wp-content\/uploads\/2025\/01\/psbh-brosura-patrata.jpg\" class=\"vc_single_image-img attachment-full\" alt=\"\" srcset=\"https:\/\/new.psbh.ro\/wp-content\/uploads\/2025\/01\/psbh-brosura-patrata.jpg 2000w, https:\/\/new.psbh.ro\/wp-content\/uploads\/2025\/01\/psbh-brosura-patrata-300x300.jpg 300w, https:\/\/new.psbh.ro\/wp-content\/uploads\/2025\/01\/psbh-brosura-patrata-1024x1024.jpg 1024w, https:\/\/new.psbh.ro\/wp-content\/uploads\/2025\/01\/psbh-brosura-patrata-150x150.jpg 150w, https:\/\/new.psbh.ro\/wp-content\/uploads\/2025\/01\/psbh-brosura-patrata-768x768.jpg 768w, https:\/\/new.psbh.ro\/wp-content\/uploads\/2025\/01\/psbh-brosura-patrata-1536x1536.jpg 1536w, https:\/\/new.psbh.ro\/wp-content\/uploads\/2025\/01\/psbh-brosura-patrata-500x500.jpg 500w, https:\/\/new.psbh.ro\/wp-content\/uploads\/2025\/01\/psbh-brosura-patrata-400x400.jpg 400w, https:\/\/new.psbh.ro\/wp-content\/uploads\/2025\/01\/psbh-brosura-patrata-1300x1300.jpg 1300w, https:\/\/new.psbh.ro\/wp-content\/uploads\/2025\/01\/psbh-brosura-patrata-600x600.jpg 600w, https:\/\/new.psbh.ro\/wp-content\/uploads\/2025\/01\/psbh-brosura-patrata-100x100.jpg 100w, https:\/\/new.psbh.ro\/wp-content\/uploads\/2025\/01\/psbh-brosura-patrata-250x250.jpg 250w\" sizes=\"auto, (max-width: 2000px) 100vw, 2000px\" \/><\/div>\n\t\t<\/figure>\n\t<\/div>\n<\/div><\/div><\/div><\/div>","protected":false},"excerpt":{"rendered":"Lansarea \u0219i dezvoltarea unei afaceri necesit\u0103 mai mult dec\u00e2t viziune \u0219i strategie \u2013 o baz\u0103 juridic\u0103 solid\u0103 este esen\u021bial\u0103 pentru succesul pe termen lung. De la alegerea formei juridice potrivite \u0219i redactarea documentelor necesare, p\u00e2n\u0103 la gestionarea contractelor comerciale \u0219i conformitatea cu reglement\u0103rile, fiecare etap\u0103 trebuie abordat\u0103 cu precizie \u0219i expertiz\u0103. Echipa PSBH ofer\u0103 suport...<div class=\"[...]\"><a href=\"https:\/\/new.psbh.ro\/en\/drept-societar-comercial\/\">Read More<\/a><\/div>","protected":false},"author":1,"featured_media":0,"parent":0,"menu_order":0,"comment_status":"closed","ping_status":"closed","template":"","meta":{"footnotes":""},"class_list":["post-2330","page","type-page","status-publish","hentry"],"_links":{"self":[{"href":"https:\/\/new.psbh.ro\/en\/wp-json\/wp\/v2\/pages\/2330","targetHints":{"allow":["GET"]}}],"collection":[{"href":"https:\/\/new.psbh.ro\/en\/wp-json\/wp\/v2\/pages"}],"about":[{"href":"https:\/\/new.psbh.ro\/en\/wp-json\/wp\/v2\/types\/page"}],"author":[{"embeddable":true,"href":"https:\/\/new.psbh.ro\/en\/wp-json\/wp\/v2\/users\/1"}],"replies":[{"embeddable":true,"href":"https:\/\/new.psbh.ro\/en\/wp-json\/wp\/v2\/comments?post=2330"}],"version-history":[{"count":4,"href":"https:\/\/new.psbh.ro\/en\/wp-json\/wp\/v2\/pages\/2330\/revisions"}],"predecessor-version":[{"id":2455,"href":"https:\/\/new.psbh.ro\/en\/wp-json\/wp\/v2\/pages\/2330\/revisions\/2455"}],"wp:attachment":[{"href":"https:\/\/new.psbh.ro\/en\/wp-json\/wp\/v2\/media?parent=2330"}],"curies":[{"name":"wp","href":"https:\/\/api.w.org\/{rel}","templated":true}]}}