{"id":2344,"date":"2025-02-24T11:14:23","date_gmt":"2025-02-24T11:14:23","guid":{"rendered":"https:\/\/new.psbh.ro\/?page_id=2344"},"modified":"2025-02-24T15:38:27","modified_gmt":"2025-02-24T15:38:27","slug":"drept-penal-al-afacerilor","status":"publish","type":"page","link":"https:\/\/new.psbh.ro\/en\/drept-penal-al-afacerilor\/","title":{"rendered":"Drept penal al afacerilor"},"content":{"rendered":"<div class=\"vc_row wpb_row vc_row-fluid\"><div class=\"wpb_column vc_column_container vc_col-sm-12\"><div class=\"vc_column-inner\"><div class=\"wpb_wrapper\">\n\t<div class=\"wpb_text_column wpb_content_element\" >\n\t\t<div class=\"wpb_wrapper\">\n\t\t\t<div class=\"wpb_text_column\">\n<div class=\"wpb_wrapper\">\n<article class=\"w-full text-token-text-primary focus-visible:outline-2 focus-visible:outline-offset-&#091;-4px&#093;\" dir=\"auto\" data-testid=\"conversation-turn-19\" data-scroll-anchor=\"true\">\n<div class=\"m-auto text-base py-&#091;18px&#093; px-6\">\n<div class=\"mx-auto flex flex-1 text-base gap-4 md:gap-5 lg:gap-6 md:max-w-3xl lg:max-w-&#091;40rem&#093; xl:max-w-&#091;48rem&#093;\">\n<div class=\"group\/conversation-turn relative flex w-full min-w-0 flex-col agent-turn @xs\/thread:px-0 @sm\/thread:px-1.5 @md\/thread:px-4\">\n<div class=\"flex-col gap-1 md:gap-3\">\n<div class=\"flex max-w-full flex-col flex-grow\">\n<div class=\"min-h-8 text-message flex w-full flex-col items-end gap-2 whitespace-normal break-words text-start &#091;.text-message+&amp;&#093;:mt-5\" dir=\"auto\" data-message-author-role=\"assistant\" data-message-id=\"aec69051-5335-42ee-9477-45d5c724ab3b\" data-message-model-slug=\"gpt-4o\">\n<div class=\"flex w-full flex-col gap-1 empty:hidden first:pt-&#091;3px&#093;\">\n<div class=\"markdown prose w-full break-words dark:prose-invert light\">\n<p data-start=\"86\" data-end=\"396\">Dreptul penal al afacerilor este unul dintre cele mai provocatoare \u0219i complexe domenii juridice, dar \u0219i unul \u00een care expertiza face diferen\u021ba. \u00centr-un mediu de afaceri din ce \u00een ce mai reglementat, riscurile de natur\u0103 penal\u0103 pot ap\u0103rea at\u00e2t din neglijen\u021b\u0103, c\u00e2t \u0219i din interpretarea eronat\u0103 a normelor legale.<\/p>\n<p data-start=\"398\" data-end=\"867\" data-is-last-node=\"\" data-is-only-node=\"\">Echipa PSBH ofer\u0103 <strong data-start=\"416\" data-end=\"451\">asisten\u021b\u0103 juridic\u0103 specializat\u0103<\/strong>, intervenind at\u00e2t \u00een fazele de preven\u021bie, pentru a ajuta companiile s\u0103 \u00ee\u0219i desf\u0103\u0219oare activitatea \u00een deplin\u0103 conformitate cu legea, c\u00e2t \u0219i \u00een situa\u021bii critice, cum ar fi anchetele penale sau litigiile. Av\u00e2nd o expertiz\u0103 consolidat\u0103 \u00een drept fiscal \u0219i comercial, sprijinim clien\u021bii \u00een gestionarea riscurilor penale \u0219i oferim solu\u021bii eficiente pentru protejarea intereselor lor, indiferent de complexitatea dosarului.<\/p>\n<\/div>\n<\/div>\n<\/div>\n<\/div>\n<\/div>\n<\/div>\n<\/div>\n<\/div>\n<\/article>\n<p>Astfel, echipa PSBH este specializat\u0103 \u00een derularea cercet\u0103rilor \u0219i litigiilor penale av\u00e2nd ca obiect infrac\u021biuni de evaziune fiscal\u0103 prev\u0103zute de Legea nr. 241\/2005, sp\u0103larea banilor prev\u0103zut\u0103 de Legea nr. 656\/2002 \u0219i Legea nr. 129\/2019, infrac\u021biuni specifice dreptului societar prev\u0103zute de Legea nr. 31\/1990,\u00a0 infrac\u021biuni specifice procedurilor de insolven\u021b\u0103 prev\u0103zute de Legea nr. 85\/2006 \u0219i de Legea nr. 85\/2014, infrac\u021biuni de corup\u021bie prev\u0103zute \u00een Codul Penal \u0219i \u00een Legea nr. 78\/2000, infrac\u021biuni specifice domeniului achizi\u021biilor publice, etc.<\/p>\n<p>A\u0219adar, PSBH, \u00een domeniul dreptului penal al afacerilor ofer\u0103, printre altele:<\/p>\n<ul>\n<li>Consultan\u021b\u0103 \u00een activitatea de zi cu zi a clien\u021bilor, \u00een vederea lu\u0103rii celor mai bune decizii \u0219i cu scopul preven\u021biei;<\/li>\n<li>Asisten\u021b\u0103 \u0219i reprezentare juridic\u0103 \u00een cadrul cercet\u0103rii \u0219i urm\u0103ririi penale \u00eencepute \u00eempotriva clien\u021bilor, persoane fizice sau juridice, precum \u0219i cu ocazia desf\u0103\u0219ur\u0103rii actelor de urm\u0103rire penal\u0103 specifice (perchezi\u021bii, audieri, confrunt\u0103ri, etc.);<\/li>\n<li>Asisten\u021b\u0103 \u0219i reprezentare juridic\u0103 \u00een cadrul cercet\u0103rii \u0219i urm\u0103ririi penale \u00eencepute la ini\u021biativa clien\u021bilor, persoane fizice sau juridice, unde ace\u0219tia sunt persoane v\u0103t\u0103mate sau p\u0103r\u021bi civile;<\/li>\n<li>Asisten\u021b\u0103 \u0219i reprezentare juridic\u0103 \u00een fa\u021ba judec\u0103torului de drepturi \u0219i libert\u0103\u021bi cu ocazia lu\u0103rii de masuri preventive precum \u0219i solu\u021bionarea unor cereri aflate \u00een competen\u021ba acestuia;<\/li>\n<li>Asisten\u021b\u0103 \u0219i reprezentare juridic\u0103 \u00een fa\u021ba judec\u0103torului de camer\u0103 preliminar\u0103 cu ocazia verific\u0103rii actului de sesizare al instan\u021bei precum \u0219i solu\u021bionarea unor cereri aflate \u00een competen\u021ba acestuia;<\/li>\n<li>Asisten\u021b\u0103 \u0219i reprezentare juridic\u0103 \u00een fa\u021ba instan\u021belor de judecat\u0103 \u00eenvestite cu solu\u021bionarea unor acuza\u021bii aduse clien\u021bilor, sau reprezentarea persoanelor v\u0103t\u0103mate \u0219i p\u0103r\u021bilor civile \u00een vederea recuper\u0103rii prejudiciilor suferite;<\/li>\n<li>Asisten\u021b\u0103 \u0219i reprezentare juridic\u0103 \u00een fa\u021ba instan\u021belor de judecat\u0103, \u00een cauze av\u00e2nd ca obiect executarea pedepsei, modalitatea de executare \u0219i incidente ap\u0103rute pe parcursul execut\u0103rii pedepsei.<\/li>\n<\/ul>\n<\/div>\n<\/div>\n<div class=\"wpb_text_column\">\n<div class=\"wpb_wrapper\">\n<h3>Cazuri de referin\u0163\u0103<\/h3>\n<ul>\n<li>PSBH a reprezentat cu succes \u00een faza procesual\u0103 de apel, o persoan\u0103 fizic\u0103 acuzat\u0103 de complicitate la infrac\u021biunea de evaziune fiscal\u0103, apelul formulat fiind admis, hot\u0103r\u00e2rea instan\u021bei de fond \u0219i condamnarea de 9 ani dat\u0103 de aceasta instan\u021b\u0103, fiind casate \u00een integralitate, cauza fiind retrimis\u0103 instan\u021bei de fond pentru rejudecare.<\/li>\n<li>PSBH a reprezentat cu succes \u00een cadrul cercet\u0103rilor penale realizate \u00eempotriva unui client, societate multina\u021bional\u0103 din domeniul energiei, pentru s\u0103v\u00e2r\u0219irea infrac\u021biunii de evaziune fiscal\u0103, cauza fiind clasat\u0103 ca urmare a constat\u0103rii situa\u021biei conform c\u0103reia fapta nu exista.<\/li>\n<li>PSBH a reprezentat cu succes \u00een cadrul cercet\u0103rilor realizate \u00eempotriva unui client, societate multina\u021bional\u0103 din domeniul energiei, pentru modalitatea de realizare a unor importuri \u00een Rom\u00e2nia, cauza fiind clasat\u0103 ca urmare a constat\u0103rii situa\u021biei conform c\u0103reia fapta nu se \u00eenscrie \u00een sfera ilicit\u0103.<\/li>\n<li>PSBH a reprezentat cu succes o persoan\u0103 fizic\u0103, acuzat\u0103 de infrac\u021biuni de corup\u021bie, respectiv luare de mit\u0103, abuz \u00een serviciu, fals \u00een \u00eenscrisuri \u0219i uz de fals, at\u00e2t \u00een faza procesual\u0103 de fond c\u00e2t \u0219i apel, \u00een urm\u0103 demersurilor efectuate fiind pronun\u021bat\u0103 o solu\u021bie de achitare.<\/li>\n<li>PSBH a reprezentat cu succes o persoan\u0103 juridic\u0103 asupra c\u0103reia au fost instituite de c\u0103tre organele de urm\u0103rire penal\u0103, m\u0103suri asiguratorii \u00een valoare de aproximativ 30 milioane Euro, \u00eentr-un dosar av\u00e2nd ca obiect cercetarea unor infrac\u021biuni de corup\u021bie, \u00een urm\u0103 demersurilor efectuate fiind pronun\u021bat\u0103 o solu\u021bie de desfiin\u021bare total\u0103 a m\u0103surilor asigur\u0103torii.<\/li>\n<li>PSBH a reprezentat cu succes, \u00een faza procesual\u0103 de apel, dou\u0103 persoane fizice, condamnate de c\u0103tre instan\u021ba de fond la pedepse cu \u00eenchisoarea cu executare, pentru s\u0103v\u00e2r\u0219irea unor infrac\u021biuni de \u00een\u0219el\u0103ciune \u0219i fals, \u00een urma demersurilor efectuate fiind pronun\u021bat\u0103 o solu\u021bie de achitare.<\/li>\n<li>PSBH a acordat consultan\u021b\u0103 \u0219i a asistat o persoan\u0103 juridic\u0103 \u00een demersurile de recuperare a prejudiciului produs de c\u0103tre proprii angaja\u021bi ca urmare a s\u0103v\u00e2r\u0219irii unor fapte de delapidare \u00eempotriva clientului nostru. Ca urmare a demersurilor realizate a fost posibil\u0103 recuperarea integral\u0103 a prejudiciului.<\/li>\n<\/ul>\n<\/div>\n<\/div>\n\n\t\t<\/div>\n\t<\/div>\n<\/div><\/div><\/div><\/div><div class=\"vc_row wpb_row vc_row-fluid\"><div class=\"wpb_column vc_column_container vc_col-sm-6\"><div class=\"vc_column-inner\"><div class=\"wpb_wrapper\">\n<div class=\"wpcf7 no-js\" id=\"wpcf7-f1938-o1\" lang=\"en-US\" dir=\"ltr\" data-wpcf7-id=\"1938\">\n<div class=\"screen-reader-response\"><p role=\"status\" aria-live=\"polite\" aria-atomic=\"true\"><\/p> <ul><\/ul><\/div>\n<form action=\"\/en\/wp-json\/wp\/v2\/pages\/2344#wpcf7-f1938-o1\" method=\"post\" class=\"wpcf7-form init\" aria-label=\"Contact form\" novalidate=\"novalidate\" data-status=\"init\" data-trp-original-action=\"\/en\/wp-json\/wp\/v2\/pages\/2344#wpcf7-f1938-o1\">\n<div style=\"display: none;\">\n<input type=\"hidden\" name=\"_wpcf7\" value=\"1938\" \/>\n<input type=\"hidden\" name=\"_wpcf7_version\" value=\"6.0.1\" \/>\n<input type=\"hidden\" name=\"_wpcf7_locale\" value=\"en_US\" \/>\n<input type=\"hidden\" name=\"_wpcf7_unit_tag\" value=\"wpcf7-f1938-o1\" \/>\n<input type=\"hidden\" name=\"_wpcf7_container_post\" value=\"0\" \/>\n<input type=\"hidden\" name=\"_wpcf7_posted_data_hash\" value=\"\" \/>\n<\/div>\n<h4>Talk to a legal expert\n<\/h4>\n<p>Share your contact details and one of our experts will get back to you within 24 hours.\n<\/p>\n<div>\n\t<p><label> Nume<\/label><span class=\"wpcf7-form-control-wrap\" data-name=\"your-name\"><input size=\"40\" maxlength=\"400\" class=\"wpcf7-form-control wpcf7-text wpcf7-validates-as-required\" aria-required=\"true\" aria-invalid=\"false\" value=\"\" type=\"text\" name=\"your-name\" \/><\/span>\n\t<\/p>\n<\/div>\n<div>\n\t<p><label> Num\u0103r de telefon<\/label><span class=\"wpcf7-form-control-wrap\" data-name=\"tel-429\"><input size=\"40\" maxlength=\"400\" class=\"wpcf7-form-control wpcf7-tel wpcf7-validates-as-required wpcf7-text wpcf7-validates-as-tel\" aria-required=\"true\" aria-invalid=\"false\" value=\"\" type=\"tel\" name=\"tel-429\" \/><\/span>\n\t<\/p>\n<\/div>\n<div>\n\t<p><label> D\u0103-ne c\u00e2teva detalii<\/label><span class=\"wpcf7-form-control-wrap\" data-name=\"your-message\"><textarea cols=\"40\" rows=\"2\" maxlength=\"2000\" class=\"wpcf7-form-control wpcf7-textarea\" aria-invalid=\"false\" name=\"your-message\"><\/textarea><\/span>\n\t<\/p>\n<\/div>\n<p><input class=\"wpcf7-form-control wpcf7-submit has-spinner os-btn black\" type=\"submit\" value=\"I&#039;d like to receive a call!\" \/>\n<\/p><div class=\"wpcf7-response-output\" aria-hidden=\"true\"><\/div>\n<input type=\"hidden\" name=\"trp-form-language\" value=\"en\"\/><\/form>\n<\/div>\n<\/div><\/div><\/div><div class=\"wpb_column vc_column_container vc_col-sm-6\"><div class=\"vc_column-inner\"><div class=\"wpb_wrapper\">\n\t<div  class=\"wpb_single_image wpb_content_element vc_align_center\">\n\t\t\n\t\t<figure class=\"wpb_wrapper vc_figure\">\n\t\t\t<div class=\"vc_single_image-wrapper   vc_box_border_grey\"><img loading=\"lazy\" decoding=\"async\" width=\"2000\" height=\"2000\" src=\"https:\/\/new.psbh.ro\/wp-content\/uploads\/2025\/01\/psbh-brosura-patrata.jpg\" class=\"vc_single_image-img attachment-full\" alt=\"\" srcset=\"https:\/\/new.psbh.ro\/wp-content\/uploads\/2025\/01\/psbh-brosura-patrata.jpg 2000w, https:\/\/new.psbh.ro\/wp-content\/uploads\/2025\/01\/psbh-brosura-patrata-300x300.jpg 300w, https:\/\/new.psbh.ro\/wp-content\/uploads\/2025\/01\/psbh-brosura-patrata-1024x1024.jpg 1024w, https:\/\/new.psbh.ro\/wp-content\/uploads\/2025\/01\/psbh-brosura-patrata-150x150.jpg 150w, https:\/\/new.psbh.ro\/wp-content\/uploads\/2025\/01\/psbh-brosura-patrata-768x768.jpg 768w, https:\/\/new.psbh.ro\/wp-content\/uploads\/2025\/01\/psbh-brosura-patrata-1536x1536.jpg 1536w, https:\/\/new.psbh.ro\/wp-content\/uploads\/2025\/01\/psbh-brosura-patrata-500x500.jpg 500w, https:\/\/new.psbh.ro\/wp-content\/uploads\/2025\/01\/psbh-brosura-patrata-400x400.jpg 400w, https:\/\/new.psbh.ro\/wp-content\/uploads\/2025\/01\/psbh-brosura-patrata-1300x1300.jpg 1300w, https:\/\/new.psbh.ro\/wp-content\/uploads\/2025\/01\/psbh-brosura-patrata-600x600.jpg 600w, https:\/\/new.psbh.ro\/wp-content\/uploads\/2025\/01\/psbh-brosura-patrata-100x100.jpg 100w, https:\/\/new.psbh.ro\/wp-content\/uploads\/2025\/01\/psbh-brosura-patrata-250x250.jpg 250w\" sizes=\"auto, (max-width: 2000px) 100vw, 2000px\" \/><\/div>\n\t\t<\/figure>\n\t<\/div>\n<\/div><\/div><\/div><\/div>","protected":false},"excerpt":{"rendered":"Dreptul penal al afacerilor este unul dintre cele mai provocatoare \u0219i complexe domenii juridice, dar \u0219i unul \u00een care expertiza face diferen\u021ba. \u00centr-un mediu de afaceri din ce \u00een ce mai reglementat, riscurile de natur\u0103 penal\u0103 pot ap\u0103rea at\u00e2t din neglijen\u021b\u0103, c\u00e2t \u0219i din interpretarea eronat\u0103 a normelor legale. Echipa PSBH ofer\u0103 asisten\u021b\u0103 juridic\u0103 specializat\u0103,...<div class=\"[...]\"><a href=\"https:\/\/new.psbh.ro\/en\/drept-penal-al-afacerilor\/\">Read More<\/a><\/div>","protected":false},"author":1,"featured_media":0,"parent":0,"menu_order":0,"comment_status":"closed","ping_status":"closed","template":"","meta":{"footnotes":""},"class_list":["post-2344","page","type-page","status-publish","hentry"],"_links":{"self":[{"href":"https:\/\/new.psbh.ro\/en\/wp-json\/wp\/v2\/pages\/2344","targetHints":{"allow":["GET"]}}],"collection":[{"href":"https:\/\/new.psbh.ro\/en\/wp-json\/wp\/v2\/pages"}],"about":[{"href":"https:\/\/new.psbh.ro\/en\/wp-json\/wp\/v2\/types\/page"}],"author":[{"embeddable":true,"href":"https:\/\/new.psbh.ro\/en\/wp-json\/wp\/v2\/users\/1"}],"replies":[{"embeddable":true,"href":"https:\/\/new.psbh.ro\/en\/wp-json\/wp\/v2\/comments?post=2344"}],"version-history":[{"count":4,"href":"https:\/\/new.psbh.ro\/en\/wp-json\/wp\/v2\/pages\/2344\/revisions"}],"predecessor-version":[{"id":2456,"href":"https:\/\/new.psbh.ro\/en\/wp-json\/wp\/v2\/pages\/2344\/revisions\/2456"}],"wp:attachment":[{"href":"https:\/\/new.psbh.ro\/en\/wp-json\/wp\/v2\/media?parent=2344"}],"curies":[{"name":"wp","href":"https:\/\/api.w.org\/{rel}","templated":true}]}}