{"id":2346,"date":"2025-02-24T11:14:24","date_gmt":"2025-02-24T11:14:24","guid":{"rendered":"https:\/\/new.psbh.ro\/?page_id=2346"},"modified":"2025-02-24T11:23:42","modified_gmt":"2025-02-24T11:23:42","slug":"drept-administrativ","status":"publish","type":"page","link":"https:\/\/new.psbh.ro\/en\/drept-administrativ\/","title":{"rendered":"Drept administrativ"},"content":{"rendered":"<div class=\"vc_row wpb_row vc_row-fluid\"><div class=\"wpb_column vc_column_container vc_col-sm-12\"><div class=\"vc_column-inner\"><div class=\"wpb_wrapper\">\n\t<div class=\"wpb_text_column wpb_content_element\" >\n\t\t<div class=\"wpb_wrapper\">\n\t\t\t<div class=\"wpb_text_column\">\n<div class=\"wpb_wrapper\">\n<p>PSBH a dob\u00e2ndit o vast\u0103 experien\u021b\u0103 \u00een domeniul administrativ \u00eenc\u0103 de la \u00eenceputul \u00eenfiin\u021b\u0103rii sale, aceast\u0103 arie de practica fiind una dintre principalele domenii de expertiz\u0103 ale asocia\u021bilor s\u0103i. Echipa PSBH asigur\u0103 cu succes asisten\u021b\u0103 \u0219i reprezentare juridic\u0103 clien\u021bilor s\u0103i, \u00een rela\u021biile de natur\u0103 conflictual\u0103 dintre autorit\u0103\u021bile publice \u0219i persoanele juridice de drept privat, precum \u0219i \u00een ceea ce prive\u0219te persoanele fizice fa\u021b\u0103 de care se pot na\u0219te astfel de situa\u021bii.<\/p>\n<p>Activit\u0103\u021bile juridice asigurate de PSBH se refer\u0103 at\u00e2t la procedurile prealabile, c\u00e2t \u0219i la ac\u021biunile \u00een contencios administrativ, avoca\u021bii no\u0219tri av\u00e2nd expertiza necesar\u0103 \u00een ceea ce prive\u0219te:<\/p>\n<ul>\n<li>Consultan\u021b\u0103, asisten\u021b\u0103 \u0219i reprezentare juridic\u0103 \u00een vederea ob\u021binerii unor acte administrative;<\/li>\n<li>Contestarea, \u00een procedurile prealabile, a actelor administrative emise de autorit\u0103\u021bile publice (Prim\u0103rii, Direc\u021bii de taxe \u0219i impozite, Administra\u021bii ale finan\u021belor publice, Curtea de Conturi, etc.);<\/li>\n<li>Formularea ac\u021biunilor \u0219i reprezent\u0103rii juridice \u00een vederea anul\u0103rii unor acte administrative sau \u00een cazul refuzului autorit\u0103\u021bilor publice de a r\u0103spunde solicit\u0103rilor \u00een termenul legal;<\/li>\n<li>Contestarea sanc\u021biunilor impuse de autorit\u0103\u021bile administrative din Romania din diverse domenii, cum ar fi: domeniul construc\u021biilor, domeniul financiar contabil, accizelor \u0219i regimului vamal, etc.;<\/li>\n<li>Asisten\u021b\u0103 \u0219i reprezentare juridic\u0103 \u00een cadrul diferitelor controale desf\u0103\u0219urate de c\u0103tre autorit\u0103\u021bile publice.<\/li>\n<\/ul>\n<\/div>\n<\/div>\n<div class=\"wpb_text_column\">\n<div class=\"wpb_wrapper\">\n<h3>Cazuri de referin\u0163\u0103<\/h3>\n<ul>\n<li>PSBH a reprezentat cu succes o societate ce activeaz\u0103 \u00een domeniul IT, \u00een cadrul demersurilor de atacare a unei decizii de impunere emis\u0103 de c\u0103tre Administra\u021bia Jude\u021bean\u0103 a Finan\u021belor Publice Cluj \u00een valoare de aproximativ 1.000.000 Euro, reprezent\u00e2nd contribu\u021bii aferente salariilor, impozite aferente salariilor, TVA, impozite aferente dividendelor, impozit pe profit. Ca urmare a pl\u00e2ngerii prealabile depuse, \u00eentreaga decizie de impunere a fost desfiin\u021bat\u0103 \u00een cadrul procedurilor de solu\u021bionare administrative.<\/li>\n<li>PSBH a reprezentat cu succes o societate ce activeaz\u0103 \u00een domeniul IT, \u00een cadrul demersurilor de suspendare a unei decizii de impunere emis\u0103 de c\u0103tre Administra\u021bia Jude\u021bean\u0103 a Finan\u021belor Publice Cluj, \u00een valoare de aproximativ 1.000.000 Euro, reprezent\u00e2nd contribu\u021bii aferente salariilor, impozite aferente salariilor, TVA, impozite aferente dividendelor, impozit pe profit decizie ce a pus societatea \u00een stare de insolven\u021b\u0103. Ca urmare a cererii de suspendare a actului administrativ fiscal, instan\u021ba a dispus at\u00e2t \u00een faza de fond c\u00e2t \u0219i la recurs, suspendarea execut\u0103rii deciziei de impunere.<\/li>\n<li>PSBH a reprezentat cu succes o societate ce activeaz\u0103 \u00een domeniul IT, \u00een cadrul demersurilor de suspendare a unei decizii de impunere emis\u0103 de c\u0103tre Administra\u021bia Jude\u021bean\u0103 a Finan\u021belor Publice Cluj \u00een valoare de aproximativ 5.500.000 lei, reprezent\u00e2nd contribu\u021bii aferente salariilor, impozite aferente salariilor, TVA, impozite aferente dividendelor, impozit pe profit, instan\u021ba dispun\u00e2nd suspendarea execut\u0103rii actului administrativ fiscal, respectiv deciziei de impunere.<\/li>\n<li>PSBH a reprezentat cu succes o societate ce activeaz\u0103 \u00een domeniul telecomunica\u021biilor, \u00een cadrul demersurilor de suspendare a unei decizii de impunere emis\u0103 de c\u0103tre Administra\u021bia Jude\u021bean\u0103 a Finan\u021belor Publice Dolj, \u00een valoare de aproximativ 1.300.000 lei, reprezent\u00e2nd impozit pe profit \u0219i TVA, instan\u021ba dispun\u00e2nd suspendarea execut\u0103rii actului administrativ fiscal, respectiv deciziei de impunere.<\/li>\n<li>PSBH a reprezentat cu succes o societate ce activeaz\u0103 \u00een domeniul telecomunica\u021biilor, \u00een cadrul unei ac\u021biuni av\u00e2nd ca obiect anularea unei decizii de instituire m\u0103suri asiguratorii emise de c\u0103tre Administra\u021bia Sector 3 a Finan\u021belor Publice, \u00een valoare de aproximativ 350.000 lei.<\/li>\n<li>PSBH a reprezentat cu succes o societate ce activeaz\u0103 \u00een domeniul telecomunica\u021biilor, \u00een cadrul unei ac\u021biuni av\u00e2nd ca obiect anularea unei decizii de instituire m\u0103suri asigur\u0103torii emise de c\u0103tre Direc\u021bia Regional\u0103 Antifraud\u0103 Fiscal\u0103 T\u00e2rgu \u2013 Jiu, \u00een valoare de aproximativ 900.000 lei. Ca urmare a demersurilor realizate, instan\u021ba de judecat\u0103 a dispus anularea \u00een integralitate a deciziei de instituire a m\u0103surilor asigur\u0103torii.<\/li>\n<li>PSBH a reprezentat cu succes un client, dezvoltator imobiliar, \u00een cadrul unei ac\u021biuni av\u00e2nd ca obiect anulare decizie de impunere, \u00een valoare de aproximativ 350.000 lei, reprezent\u00e2nd o regularizare taxa CC, instan\u021ba dispun\u00e2nd anularea \u00een integralitate a deciziei de impunere.<\/li>\n<li>PSBH a reprezentat cu succes o societate ce activeaz\u0103 \u00een domeniul construc\u021biilor, \u00een cadrul demersurilor de atacare a unei decizii de respingere a cererii de rambursare TVA, emis\u0103 de c\u0103tre Administra\u021bia Jude\u021bean\u0103 a Finan\u021belor Publice Mehedin\u021bi, \u00een valoare de aproximativ 150.000 lei. Ca urmare a pl\u00e2ngerii prealabile depuse, \u00eentreag\u0103 decizie a fost anulat\u0103, fiind dispus\u0103 rambursarea \u00eentregii sume solicitate cu titlu de TVA.<\/li>\n<li>PSBH a reprezentat cu succes o societate ce activeaz\u0103 \u00een domeniul pazei \u0219i protec\u021biei, \u00een cadrul demersurilor de atacare a unui proces-verbal de sanc\u021bionare a contraven\u021biilor emis de Inspectoratul Teritorial de Munc\u0103, prin care a fost aplicat\u0103 o amend\u0103 contraven\u021bional\u0103 \u00een cuantum de 200.000 de lei. Ca urmare a demersurilor realizate, instan\u021ba de judecat\u0103 a dispus anularea \u00een integralitate a procesului-verbal de contraven\u021bie.<\/li>\n<li>Echipa PSBH a reprezentat cu succes interesele unei societ\u0103\u021bi a c\u0103rei activitate principal\u0103 const\u0103 \u00een prestarea de servicii peisagistice, invoc\u00e2nd \u00een cadrul unei contesta\u021bii la executare demarat\u0103 \u00eempotriva unei institu\u021bii publice, lipsa comunic\u0103rii titlului de crean\u021b\u0103, drept pentru care, institu\u021bia a procedat,\u00a0<em>din oficiu<\/em>, la anularea actului administrativ emis f\u0103r\u0103 a avea la baz\u0103 un titlu executoriu legal. Astfel, clientul a fost exonerat de plata unor obliga\u021bii fiscale stabilite \u00een mod nelegal, \u00een cuantum aproximativ de 50.000 Lei.<\/li>\n<\/ul>\n<\/div>\n<\/div>\n\n\t\t<\/div>\n\t<\/div>\n<\/div><\/div><\/div><\/div><div class=\"vc_row wpb_row vc_row-fluid\"><div class=\"wpb_column vc_column_container vc_col-sm-6\"><div class=\"vc_column-inner\"><div class=\"wpb_wrapper\">\n<div class=\"wpcf7 no-js\" id=\"wpcf7-f1938-o1\" lang=\"en-US\" dir=\"ltr\" data-wpcf7-id=\"1938\">\n<div class=\"screen-reader-response\"><p role=\"status\" aria-live=\"polite\" aria-atomic=\"true\"><\/p> <ul><\/ul><\/div>\n<form action=\"\/en\/wp-json\/wp\/v2\/pages\/2346#wpcf7-f1938-o1\" method=\"post\" class=\"wpcf7-form init\" aria-label=\"Contact form\" novalidate=\"novalidate\" data-status=\"init\" data-trp-original-action=\"\/en\/wp-json\/wp\/v2\/pages\/2346#wpcf7-f1938-o1\">\n<div style=\"display: none;\">\n<input type=\"hidden\" name=\"_wpcf7\" value=\"1938\" \/>\n<input type=\"hidden\" name=\"_wpcf7_version\" value=\"6.0.1\" \/>\n<input type=\"hidden\" name=\"_wpcf7_locale\" value=\"en_US\" \/>\n<input type=\"hidden\" name=\"_wpcf7_unit_tag\" value=\"wpcf7-f1938-o1\" \/>\n<input type=\"hidden\" name=\"_wpcf7_container_post\" value=\"0\" \/>\n<input type=\"hidden\" name=\"_wpcf7_posted_data_hash\" value=\"\" \/>\n<\/div>\n<h4>Talk to a legal expert\n<\/h4>\n<p>Share your contact details and one of our experts will get back to you within 24 hours.\n<\/p>\n<div>\n\t<p><label> Nume<\/label><span class=\"wpcf7-form-control-wrap\" data-name=\"your-name\"><input size=\"40\" maxlength=\"400\" class=\"wpcf7-form-control wpcf7-text wpcf7-validates-as-required\" aria-required=\"true\" aria-invalid=\"false\" value=\"\" type=\"text\" name=\"your-name\" \/><\/span>\n\t<\/p>\n<\/div>\n<div>\n\t<p><label> Num\u0103r de telefon<\/label><span class=\"wpcf7-form-control-wrap\" data-name=\"tel-429\"><input size=\"40\" maxlength=\"400\" class=\"wpcf7-form-control wpcf7-tel wpcf7-validates-as-required wpcf7-text wpcf7-validates-as-tel\" aria-required=\"true\" aria-invalid=\"false\" value=\"\" type=\"tel\" name=\"tel-429\" \/><\/span>\n\t<\/p>\n<\/div>\n<div>\n\t<p><label> D\u0103-ne c\u00e2teva detalii<\/label><span class=\"wpcf7-form-control-wrap\" data-name=\"your-message\"><textarea cols=\"40\" rows=\"2\" maxlength=\"2000\" class=\"wpcf7-form-control wpcf7-textarea\" aria-invalid=\"false\" name=\"your-message\"><\/textarea><\/span>\n\t<\/p>\n<\/div>\n<p><input class=\"wpcf7-form-control wpcf7-submit has-spinner os-btn black\" type=\"submit\" value=\"I&#039;d like to receive a call!\" \/>\n<\/p><div class=\"wpcf7-response-output\" aria-hidden=\"true\"><\/div>\n<input type=\"hidden\" name=\"trp-form-language\" value=\"en\"\/><\/form>\n<\/div>\n<\/div><\/div><\/div><div class=\"wpb_column vc_column_container vc_col-sm-6\"><div class=\"vc_column-inner\"><div class=\"wpb_wrapper\">\n\t<div  class=\"wpb_single_image wpb_content_element vc_align_left\">\n\t\t\n\t\t<figure class=\"wpb_wrapper vc_figure\">\n\t\t\t<div class=\"vc_single_image-wrapper   vc_box_border_grey\"><img loading=\"lazy\" decoding=\"async\" width=\"2000\" height=\"2000\" src=\"https:\/\/new.psbh.ro\/wp-content\/uploads\/2025\/01\/psbh-brosura-patrata.jpg\" class=\"vc_single_image-img attachment-full\" alt=\"\" srcset=\"https:\/\/new.psbh.ro\/wp-content\/uploads\/2025\/01\/psbh-brosura-patrata.jpg 2000w, https:\/\/new.psbh.ro\/wp-content\/uploads\/2025\/01\/psbh-brosura-patrata-300x300.jpg 300w, https:\/\/new.psbh.ro\/wp-content\/uploads\/2025\/01\/psbh-brosura-patrata-1024x1024.jpg 1024w, https:\/\/new.psbh.ro\/wp-content\/uploads\/2025\/01\/psbh-brosura-patrata-150x150.jpg 150w, https:\/\/new.psbh.ro\/wp-content\/uploads\/2025\/01\/psbh-brosura-patrata-768x768.jpg 768w, https:\/\/new.psbh.ro\/wp-content\/uploads\/2025\/01\/psbh-brosura-patrata-1536x1536.jpg 1536w, https:\/\/new.psbh.ro\/wp-content\/uploads\/2025\/01\/psbh-brosura-patrata-500x500.jpg 500w, https:\/\/new.psbh.ro\/wp-content\/uploads\/2025\/01\/psbh-brosura-patrata-400x400.jpg 400w, https:\/\/new.psbh.ro\/wp-content\/uploads\/2025\/01\/psbh-brosura-patrata-1300x1300.jpg 1300w, https:\/\/new.psbh.ro\/wp-content\/uploads\/2025\/01\/psbh-brosura-patrata-600x600.jpg 600w, https:\/\/new.psbh.ro\/wp-content\/uploads\/2025\/01\/psbh-brosura-patrata-100x100.jpg 100w, https:\/\/new.psbh.ro\/wp-content\/uploads\/2025\/01\/psbh-brosura-patrata-250x250.jpg 250w\" sizes=\"auto, (max-width: 2000px) 100vw, 2000px\" \/><\/div>\n\t\t<\/figure>\n\t<\/div>\n<\/div><\/div><\/div><\/div>","protected":false},"excerpt":{"rendered":"PSBH a dob\u00e2ndit o vast\u0103 experien\u021b\u0103 \u00een domeniul administrativ \u00eenc\u0103 de la \u00eenceputul \u00eenfiin\u021b\u0103rii sale, aceast\u0103 arie de practica fiind una dintre principalele domenii de expertiz\u0103 ale asocia\u021bilor s\u0103i. Echipa PSBH asigur\u0103 cu succes asisten\u021b\u0103 \u0219i reprezentare juridic\u0103 clien\u021bilor s\u0103i, \u00een rela\u021biile de natur\u0103 conflictual\u0103 dintre autorit\u0103\u021bile publice \u0219i persoanele juridice de drept privat, precum...<div class=\"[...]\"><a href=\"https:\/\/new.psbh.ro\/en\/drept-administrativ\/\">Read More<\/a><\/div>","protected":false},"author":1,"featured_media":0,"parent":0,"menu_order":0,"comment_status":"closed","ping_status":"closed","template":"","meta":{"footnotes":""},"class_list":["post-2346","page","type-page","status-publish","hentry"],"_links":{"self":[{"href":"https:\/\/new.psbh.ro\/en\/wp-json\/wp\/v2\/pages\/2346","targetHints":{"allow":["GET"]}}],"collection":[{"href":"https:\/\/new.psbh.ro\/en\/wp-json\/wp\/v2\/pages"}],"about":[{"href":"https:\/\/new.psbh.ro\/en\/wp-json\/wp\/v2\/types\/page"}],"author":[{"embeddable":true,"href":"https:\/\/new.psbh.ro\/en\/wp-json\/wp\/v2\/users\/1"}],"replies":[{"embeddable":true,"href":"https:\/\/new.psbh.ro\/en\/wp-json\/wp\/v2\/comments?post=2346"}],"version-history":[{"count":3,"href":"https:\/\/new.psbh.ro\/en\/wp-json\/wp\/v2\/pages\/2346\/revisions"}],"predecessor-version":[{"id":2375,"href":"https:\/\/new.psbh.ro\/en\/wp-json\/wp\/v2\/pages\/2346\/revisions\/2375"}],"wp:attachment":[{"href":"https:\/\/new.psbh.ro\/en\/wp-json\/wp\/v2\/media?parent=2346"}],"curies":[{"name":"wp","href":"https:\/\/api.w.org\/{rel}","templated":true}]}}