{"id":2347,"date":"2025-02-24T11:14:24","date_gmt":"2025-02-24T11:14:24","guid":{"rendered":"https:\/\/new.psbh.ro\/?page_id=2347"},"modified":"2025-02-24T15:40:42","modified_gmt":"2025-02-24T15:40:42","slug":"proprietate-intelectuala","status":"publish","type":"page","link":"https:\/\/new.psbh.ro\/en\/proprietate-intelectuala\/","title":{"rendered":"Proprietate intelectual\u0103"},"content":{"rendered":"<div class=\"vc_row wpb_row vc_row-fluid\"><div class=\"wpb_column vc_column_container vc_col-sm-12\"><div class=\"vc_column-inner\"><div class=\"wpb_wrapper\">\n\t<div class=\"wpb_text_column wpb_content_element\" >\n\t\t<div class=\"wpb_wrapper\">\n\t\t\t<div class=\"wpb_text_column\">\n<div class=\"wpb_wrapper\">\n<p class=\"p1\">\u00centr-o lume \u00een care creativitatea \u0219i inova\u021bia sunt motoarele succesului, protejarea drepturilor de proprietate intelectual\u0103 devine esen\u021bial\u0103 pentru orice business. Fie c\u0103 este vorba despre m\u0103rci comerciale, inven\u021bii, modele industriale sau drepturi de autor, asigurarea unei protec\u021bii juridice solide este crucial\u0103 pentru securizarea \u0219i valorificarea activelor intelectuale.<\/p>\n<p class=\"p1\">Echipa PSBH ofer\u0103 <b>consultan\u021b\u0103, asisten\u021b\u0103 \u0219i reprezentare juridic\u0103 specializat\u0103<\/b>, sprijinind clien\u021bii \u00een protejarea, ap\u0103rarea \u0219i exploatarea drepturilor lor de proprietate intelectual\u0103. De la \u00eenregistrarea m\u0103rcilor \u0219i brevetelor p\u00e2n\u0103 la gestionarea disputelor \u0219i combaterea \u00eenc\u0103lc\u0103rilor, ne asigur\u0103m c\u0103 inova\u021biile \u0219i crea\u021biile clien\u021bilor no\u0219tri beneficiaz\u0103 de protec\u021bia legal\u0103 pe care o merit\u0103.<\/p>\n<p>Astfel, PSBH, \u00een domeniul propriet\u0103\u021bii intelectuale, ofer\u0103:<\/p>\n<ul>\n<li>Consultan\u021b\u0103, asisten\u021b\u0103 \u0219i reprezentare juridic\u0103 \u00een vederea \u00eenregistr\u0103rii \u0219i recunoa\u0219terii m\u0103rcilor comerciale, ob\u021binerii brevetelor de inven\u021bie \u0219i modelelor industriale;<\/li>\n<li>Consultan\u021b\u0103, asisten\u021b\u0103 \u0219i reprezentare juridic\u0103 \u00een vederea \u00eenregistr\u0103rii \u0219i recunoa\u0219terii drepturilor de autor;<\/li>\n<li>Consultan\u021b\u0103, asisten\u021b\u0103 \u0219i reprezentare juridic\u0103 \u00een vederea protej\u0103rii drepturilor de proprietate intelectual\u0103 deja \u00eenregistrate;<\/li>\n<li>Consultan\u021b\u0103, asisten\u021b\u0103 \u0219i reprezentare juridica cu ocazia negocierii \u0219i \u00eencheierii \u00een\u021belegerilor privind licen\u021bierea \u0219i exploatarea drepturilor de proprietate intelectual\u0103;<\/li>\n<li>Asisten\u021b\u0103 \u0219i reprezentare juridic\u0103 \u00een litigiile av\u00e2nd ca obiect protec\u021bia drepturilor de proprietate intelectual\u0103, respectiv \u00eenc\u0103lcarea unor m\u0103rci comerciale ori a unui brevet de inven\u021bie sau model industrial, \u00eenc\u0103lcarea drepturilor de autor prin utilizare neautorizat\u0103, etc.<\/li>\n<\/ul>\n<\/div>\n<\/div>\n<div class=\"wpb_text_column\">\n<div class=\"wpb_wrapper\">\n<h3>Cazuri de referin\u0163\u0103<\/h3>\n<ul>\n<li>PSBH a reprezentat cu succes interesele unei persoane publice a c\u0103rei imagine era folosit\u0103 \u00een scop comercial de c\u0103tre persoane nerezidente, \u00een vederea promov\u0103rii \u0219i v\u00e2nz\u0103rii unor produse, at\u00e2t \u00een demersuri civile, c\u00e2t \u0219i penale, ce s-au finalizat prin \u00eencetarea utiliz\u0103rii imaginii clientului.<\/li>\n<li>PSBH a reprezentat cu succes interesele unei societ\u0103\u021bi ce activeaz\u0103 \u00een domeniul IT \u0219i securitate cibernetic\u0103, \u00een vederea \u00eenregistr\u0103rii \u0219i recunoa\u0219terii drepturilor de proprietate intelectual\u0103 asupra unor produse software.<\/li>\n<li>PSBH a reprezentat cu succes interesele unui dezvoltator imobiliar, de\u021bin\u0103tor al unei m\u0103rci comerciale \u0219i ale c\u0103rui drepturi au fost \u00eenc\u0103lcate prin utilizarea neautorizat\u0103 de c\u0103tre al\u021bi competitori din pia\u021b\u0103, ce s-au finalizat prin \u00eencetarea utiliz\u0103rii m\u0103rcii clientului \u0219i plata de desp\u0103gubiri civile.<\/li>\n<\/ul>\n<\/div>\n<\/div>\n\n\t\t<\/div>\n\t<\/div>\n<\/div><\/div><\/div><\/div><div class=\"vc_row wpb_row vc_row-fluid\"><div class=\"wpb_column vc_column_container vc_col-sm-6\"><div class=\"vc_column-inner\"><div class=\"wpb_wrapper\">\n<div class=\"wpcf7 no-js\" id=\"wpcf7-f1938-o1\" lang=\"en-US\" dir=\"ltr\" data-wpcf7-id=\"1938\">\n<div class=\"screen-reader-response\"><p role=\"status\" aria-live=\"polite\" aria-atomic=\"true\"><\/p> <ul><\/ul><\/div>\n<form action=\"\/en\/wp-json\/wp\/v2\/pages\/2347#wpcf7-f1938-o1\" method=\"post\" class=\"wpcf7-form init\" aria-label=\"Contact form\" novalidate=\"novalidate\" data-status=\"init\" data-trp-original-action=\"\/en\/wp-json\/wp\/v2\/pages\/2347#wpcf7-f1938-o1\">\n<div style=\"display: none;\">\n<input type=\"hidden\" name=\"_wpcf7\" value=\"1938\" \/>\n<input type=\"hidden\" name=\"_wpcf7_version\" value=\"6.0.1\" \/>\n<input type=\"hidden\" name=\"_wpcf7_locale\" value=\"en_US\" \/>\n<input type=\"hidden\" name=\"_wpcf7_unit_tag\" value=\"wpcf7-f1938-o1\" \/>\n<input type=\"hidden\" name=\"_wpcf7_container_post\" value=\"0\" \/>\n<input type=\"hidden\" name=\"_wpcf7_posted_data_hash\" value=\"\" \/>\n<\/div>\n<h4>Talk to a legal expert\n<\/h4>\n<p>Share your contact details and one of our experts will get back to you within 24 hours.\n<\/p>\n<div>\n\t<p><label> Nume<\/label><span class=\"wpcf7-form-control-wrap\" data-name=\"your-name\"><input size=\"40\" maxlength=\"400\" class=\"wpcf7-form-control wpcf7-text wpcf7-validates-as-required\" aria-required=\"true\" aria-invalid=\"false\" value=\"\" type=\"text\" name=\"your-name\" \/><\/span>\n\t<\/p>\n<\/div>\n<div>\n\t<p><label> Num\u0103r de telefon<\/label><span class=\"wpcf7-form-control-wrap\" data-name=\"tel-429\"><input size=\"40\" maxlength=\"400\" class=\"wpcf7-form-control wpcf7-tel wpcf7-validates-as-required wpcf7-text wpcf7-validates-as-tel\" aria-required=\"true\" aria-invalid=\"false\" value=\"\" type=\"tel\" name=\"tel-429\" \/><\/span>\n\t<\/p>\n<\/div>\n<div>\n\t<p><label> D\u0103-ne c\u00e2teva detalii<\/label><span class=\"wpcf7-form-control-wrap\" data-name=\"your-message\"><textarea cols=\"40\" rows=\"2\" maxlength=\"2000\" class=\"wpcf7-form-control wpcf7-textarea\" aria-invalid=\"false\" name=\"your-message\"><\/textarea><\/span>\n\t<\/p>\n<\/div>\n<p><input class=\"wpcf7-form-control wpcf7-submit has-spinner os-btn black\" type=\"submit\" value=\"I&#039;d like to receive a call!\" \/>\n<\/p><div class=\"wpcf7-response-output\" aria-hidden=\"true\"><\/div>\n<input type=\"hidden\" name=\"trp-form-language\" value=\"en\"\/><\/form>\n<\/div>\n<\/div><\/div><\/div><div class=\"wpb_column vc_column_container vc_col-sm-6\"><div class=\"vc_column-inner\"><div class=\"wpb_wrapper\">\n\t<div  class=\"wpb_single_image wpb_content_element vc_align_left\">\n\t\t\n\t\t<figure class=\"wpb_wrapper vc_figure\">\n\t\t\t<div class=\"vc_single_image-wrapper   vc_box_border_grey\"><img loading=\"lazy\" decoding=\"async\" width=\"2000\" height=\"2000\" src=\"https:\/\/new.psbh.ro\/wp-content\/uploads\/2025\/01\/psbh-brosura-patrata.jpg\" class=\"vc_single_image-img attachment-full\" alt=\"\" srcset=\"https:\/\/new.psbh.ro\/wp-content\/uploads\/2025\/01\/psbh-brosura-patrata.jpg 2000w, https:\/\/new.psbh.ro\/wp-content\/uploads\/2025\/01\/psbh-brosura-patrata-300x300.jpg 300w, https:\/\/new.psbh.ro\/wp-content\/uploads\/2025\/01\/psbh-brosura-patrata-1024x1024.jpg 1024w, https:\/\/new.psbh.ro\/wp-content\/uploads\/2025\/01\/psbh-brosura-patrata-150x150.jpg 150w, https:\/\/new.psbh.ro\/wp-content\/uploads\/2025\/01\/psbh-brosura-patrata-768x768.jpg 768w, https:\/\/new.psbh.ro\/wp-content\/uploads\/2025\/01\/psbh-brosura-patrata-1536x1536.jpg 1536w, https:\/\/new.psbh.ro\/wp-content\/uploads\/2025\/01\/psbh-brosura-patrata-500x500.jpg 500w, https:\/\/new.psbh.ro\/wp-content\/uploads\/2025\/01\/psbh-brosura-patrata-400x400.jpg 400w, https:\/\/new.psbh.ro\/wp-content\/uploads\/2025\/01\/psbh-brosura-patrata-1300x1300.jpg 1300w, https:\/\/new.psbh.ro\/wp-content\/uploads\/2025\/01\/psbh-brosura-patrata-600x600.jpg 600w, https:\/\/new.psbh.ro\/wp-content\/uploads\/2025\/01\/psbh-brosura-patrata-100x100.jpg 100w, https:\/\/new.psbh.ro\/wp-content\/uploads\/2025\/01\/psbh-brosura-patrata-250x250.jpg 250w\" sizes=\"auto, (max-width: 2000px) 100vw, 2000px\" \/><\/div>\n\t\t<\/figure>\n\t<\/div>\n<\/div><\/div><\/div><\/div>","protected":false},"excerpt":{"rendered":"\u00centr-o lume \u00een care creativitatea \u0219i inova\u021bia sunt motoarele succesului, protejarea drepturilor de proprietate intelectual\u0103 devine esen\u021bial\u0103 pentru orice business. Fie c\u0103 este vorba despre m\u0103rci comerciale, inven\u021bii, modele industriale sau drepturi de autor, asigurarea unei protec\u021bii juridice solide este crucial\u0103 pentru securizarea \u0219i valorificarea activelor intelectuale. Echipa PSBH ofer\u0103 consultan\u021b\u0103, asisten\u021b\u0103 \u0219i reprezentare juridic\u0103...<div class=\"[...]\"><a href=\"https:\/\/new.psbh.ro\/en\/proprietate-intelectuala\/\">Read More<\/a><\/div>","protected":false},"author":1,"featured_media":0,"parent":0,"menu_order":0,"comment_status":"closed","ping_status":"closed","template":"","meta":{"footnotes":""},"class_list":["post-2347","page","type-page","status-publish","hentry"],"_links":{"self":[{"href":"https:\/\/new.psbh.ro\/en\/wp-json\/wp\/v2\/pages\/2347","targetHints":{"allow":["GET"]}}],"collection":[{"href":"https:\/\/new.psbh.ro\/en\/wp-json\/wp\/v2\/pages"}],"about":[{"href":"https:\/\/new.psbh.ro\/en\/wp-json\/wp\/v2\/types\/page"}],"author":[{"embeddable":true,"href":"https:\/\/new.psbh.ro\/en\/wp-json\/wp\/v2\/users\/1"}],"replies":[{"embeddable":true,"href":"https:\/\/new.psbh.ro\/en\/wp-json\/wp\/v2\/comments?post=2347"}],"version-history":[{"count":4,"href":"https:\/\/new.psbh.ro\/en\/wp-json\/wp\/v2\/pages\/2347\/revisions"}],"predecessor-version":[{"id":2457,"href":"https:\/\/new.psbh.ro\/en\/wp-json\/wp\/v2\/pages\/2347\/revisions\/2457"}],"wp:attachment":[{"href":"https:\/\/new.psbh.ro\/en\/wp-json\/wp\/v2\/media?parent=2347"}],"curies":[{"name":"wp","href":"https:\/\/api.w.org\/{rel}","templated":true}]}}