{"id":2348,"date":"2025-02-24T11:14:24","date_gmt":"2025-02-24T11:14:24","guid":{"rendered":"https:\/\/new.psbh.ro\/?page_id=2348"},"modified":"2025-02-24T11:28:37","modified_gmt":"2025-02-24T11:28:37","slug":"dreptul-muncii","status":"publish","type":"page","link":"https:\/\/new.psbh.ro\/en\/dreptul-muncii\/","title":{"rendered":"Dreptul muncii"},"content":{"rendered":"<div class=\"vc_row wpb_row vc_row-fluid\"><div class=\"wpb_column vc_column_container vc_col-sm-12\"><div class=\"vc_column-inner\"><div class=\"wpb_wrapper\">\n\t<div class=\"wpb_text_column wpb_content_element\" >\n\t\t<div class=\"wpb_wrapper\">\n\t\t\t<div class=\"wpb_text_column\">\n<div class=\"wpb_wrapper\">\n<p>Apropierea de acest domeniu de drept a fost inevitabil\u0103, av\u00e2nd \u00een vedere rela\u021bia apropiata dintre PSBH \u0219i clien\u021bii s\u0103i \u00een activitatea de zi cu zi a acestora.<\/p>\n<p>Astfel, PSBH ofer\u0103 servicii juridice \u00een acest domeniu de drept, printre altele:<\/p>\n<ul>\n<li>Consultan\u021b\u0103 \u0219i asisten\u021b\u0103 juridic\u0103 cu privire la reorganizarea societ\u0103\u021bilor, organizarea intern\u0103, elaborarea regulamentelor de ordine interioar\u0103 \u0219i a procedurilor de lucru, \u00eencheierea contractelor individuale \u0219i colective de munca, precum \u0219i modificarea acestora;<\/li>\n<li>Consultan\u021b\u0103 \u0219i asisten\u021b\u0103 juridic\u0103 cu privire la negocierile purtate \u00eentre societate \u0219i angaja\u021bi;<\/li>\n<li>Asisten\u021b\u0103 \u0219i reprezentare juridic\u0103 cu privire la controalele efectuate de c\u0103tre autorit\u0103\u021bile publice cu privire la respectarea legisla\u021biei \u00een domeniu;<\/li>\n<li>Asisten\u021b\u0103 \u0219i reprezentare juridic\u0103 \u00een cadrul conflictelor de munca, participarea \u00een cadrul comisiilor interne \u0219i cu ocazia emiterii deciziilor interne;<\/li>\n<li>Asisten\u021b\u0103 \u0219i reprezentare juridic\u0103 \u00een cadrul litigiilor av\u00e2nd ca obiect decizii de \u00eencetare sau modificare a contractelor individuale de munc\u0103;<\/li>\n<li>Asisten\u021b\u0103 \u0219i reprezentare juridic\u0103 \u00een cadrul litigiilor av\u00e2nd ca obiect preten\u021bii izvor\u00e2te din contracte de munca.<\/li>\n<\/ul>\n<\/div>\n<\/div>\n<div class=\"wpb_text_column\">\n<div class=\"wpb_wrapper\">\n<h3>Cazuri de referin\u0163\u0103<\/h3>\n<ul>\n<li>PSBH a asigurat cu succes consultan\u021b\u0103 juridic\u0103 unei renumite agen\u021bii de turism a c\u0103rei activitate a fost puternic afectat\u0103 de pandemia cu noul coronavirus, fiindu-i colaboratorii principali \u00een procesul de reechilibrare a situa\u021biei financiare. Astfel, echipa noastr\u0103 a informat zilnic clien\u021bii despre fiecare modificare favorabil\u0103 adus\u0103 cu privire la suspendarea contractelor individuale de munc\u0103, beneficiile aduse de ordonan\u021bele de urgen\u021b\u0103, acord\u00e2ndu-le \u00eentregul suport \u00een vederea renegocierii contractelor \u0219i redact\u0103rii actelor adi\u021bionale la acestea, a modific\u0103rii contractelor individuale de munc\u0103, ob\u021binerii certificatelor pentru situa\u021bii de urgen\u021b\u0103, pentru invocarea situa\u021biei de for\u021b\u0103 major\u0103 \u0219i ob\u021binerea am\u00e2n\u0103rii la plat\u0103 a obliga\u021biilor de plata devenite scadente \u00een perioada critic\u0103.<\/li>\n<li>PSBH ofer\u0103 consultan\u021b\u0103 juridic\u0103 unei persoane juridice ce activeaz\u0103 \u00een domeniul dezvolt\u0103rii personale \u2013 training &amp; coaching, acord\u00e2ndu-\u0219i \u00eentreg suportul \u00een vederea men\u021binerii activit\u0103\u021bii \u00een perioada de criz\u0103 curent\u0103. Echipa de avoca\u021bi alocat\u0103 a acordat suport integral \u00een vederea respect\u0103rii cerin\u021belor legale fa\u021b\u0103 de angaja\u021bii clientului nostru, dar \u0219i \u00een vederea reducerii legale a cheltuielilor survenite \u00een tot acest timp.<\/li>\n<li>PSBH a reprezentat cu succes un client \u00een vederea contest\u0103rii deciziei de \u00eencetare a contractului individual de munc\u0103 pentru motive ce nu \u021bin de persoana salariatului, demonstr\u00e2nd \u00een fa\u021ba instan\u021belor de judecat\u0103 c\u0103 respectiva concediere era doar expresia utiliz\u0103rii fictive a unui instrument legal, \u00een realitate, fiind vorba de un abuz al angajatorului. Drept urmare, clientul nostru a fost reintegrat \u00een func\u021bie, angajatorul fiind obligat la plata drepturilor salariale \u00een cuantum aproximativ de 50.000 Euro.<\/li>\n<li>PSBH a reprezentat cu succes interesele unui client \u00een vederea anul\u0103rii deciziilor de sanc\u021bionare disciplinar\u0103 cu reducerea salariului, urmate de decizii de desfacere disciplinar\u0103 a contractului de munc\u0103, av\u00e2nd \u00een vedere lipsa convoc\u0103rii legale a angajatului la cercetarea disciplinar\u0103, emiterea peste termenul de prescrip\u021bie a deciziei de concediere, precum \u0219i nemotivarea conform cerin\u021belor legale a deciziei. Astfel, instan\u021ba de judecat\u0103 a dispus reintegrarea \u00een func\u021bie a clientului nostru, oblig\u00e2nd, totodat\u0103, angajatorul, la achitarea drepturilor salariale ce i s-ar fi cuvenit \u00een lipsa emiterii deciziei nelegale, \u00een cuantum de aproximativ 30.000 Euro.<\/li>\n<li>PSBH a acordat cu succes consultan\u021b\u0103 unei companii cu capital de stat \u00een vederea derul\u0103rii procedurii de cercetare disciplinar\u0103 a salaria\u021bilor, respectarea prevederilor legale incidente, precum \u0219i cu privire la emiterea deciziilor de concediere.<\/li>\n<li>PSBH a acordat cu succes consultan\u021b\u0103 unei companii cu capital de stat \u00een vederea derul\u0103rii procedurii de reorganizare a societ\u0103\u021bii, prin desfiin\u021barea de posturi, respectarea prevederilor legale incidente, precum \u0219i cu privire la emiterea deciziilor de concediere.<\/li>\n<\/ul>\n<\/div>\n<\/div>\n\n\t\t<\/div>\n\t<\/div>\n<\/div><\/div><\/div><\/div><div class=\"vc_row wpb_row vc_row-fluid\"><div class=\"wpb_column vc_column_container vc_col-sm-6\"><div class=\"vc_column-inner\"><div class=\"wpb_wrapper\">\n<div class=\"wpcf7 no-js\" id=\"wpcf7-f1938-o1\" lang=\"en-US\" dir=\"ltr\" data-wpcf7-id=\"1938\">\n<div class=\"screen-reader-response\"><p role=\"status\" aria-live=\"polite\" aria-atomic=\"true\"><\/p> <ul><\/ul><\/div>\n<form action=\"\/en\/wp-json\/wp\/v2\/pages\/2348#wpcf7-f1938-o1\" method=\"post\" class=\"wpcf7-form init\" aria-label=\"Contact form\" novalidate=\"novalidate\" data-status=\"init\" data-trp-original-action=\"\/en\/wp-json\/wp\/v2\/pages\/2348#wpcf7-f1938-o1\">\n<div style=\"display: none;\">\n<input type=\"hidden\" name=\"_wpcf7\" value=\"1938\" \/>\n<input type=\"hidden\" name=\"_wpcf7_version\" value=\"6.0.1\" \/>\n<input type=\"hidden\" name=\"_wpcf7_locale\" value=\"en_US\" \/>\n<input type=\"hidden\" name=\"_wpcf7_unit_tag\" value=\"wpcf7-f1938-o1\" \/>\n<input type=\"hidden\" name=\"_wpcf7_container_post\" value=\"0\" \/>\n<input type=\"hidden\" name=\"_wpcf7_posted_data_hash\" value=\"\" \/>\n<\/div>\n<h4>Talk to a legal expert\n<\/h4>\n<p>Share your contact details and one of our experts will get back to you within 24 hours.\n<\/p>\n<div>\n\t<p><label> Nume<\/label><span class=\"wpcf7-form-control-wrap\" data-name=\"your-name\"><input size=\"40\" maxlength=\"400\" class=\"wpcf7-form-control wpcf7-text wpcf7-validates-as-required\" aria-required=\"true\" aria-invalid=\"false\" value=\"\" type=\"text\" name=\"your-name\" \/><\/span>\n\t<\/p>\n<\/div>\n<div>\n\t<p><label> Num\u0103r de telefon<\/label><span class=\"wpcf7-form-control-wrap\" data-name=\"tel-429\"><input size=\"40\" maxlength=\"400\" class=\"wpcf7-form-control wpcf7-tel wpcf7-validates-as-required wpcf7-text wpcf7-validates-as-tel\" aria-required=\"true\" aria-invalid=\"false\" value=\"\" type=\"tel\" name=\"tel-429\" \/><\/span>\n\t<\/p>\n<\/div>\n<div>\n\t<p><label> D\u0103-ne c\u00e2teva detalii<\/label><span class=\"wpcf7-form-control-wrap\" data-name=\"your-message\"><textarea cols=\"40\" rows=\"2\" maxlength=\"2000\" class=\"wpcf7-form-control wpcf7-textarea\" aria-invalid=\"false\" name=\"your-message\"><\/textarea><\/span>\n\t<\/p>\n<\/div>\n<p><input class=\"wpcf7-form-control wpcf7-submit has-spinner os-btn black\" type=\"submit\" value=\"I&#039;d like to receive a call!\" \/>\n<\/p><div class=\"wpcf7-response-output\" aria-hidden=\"true\"><\/div>\n<input type=\"hidden\" name=\"trp-form-language\" value=\"en\"\/><\/form>\n<\/div>\n<\/div><\/div><\/div><div class=\"wpb_column vc_column_container vc_col-sm-6\"><div class=\"vc_column-inner\"><div class=\"wpb_wrapper\">\n\t<div  class=\"wpb_single_image wpb_content_element vc_align_left\">\n\t\t\n\t\t<figure class=\"wpb_wrapper vc_figure\">\n\t\t\t<div class=\"vc_single_image-wrapper   vc_box_border_grey\"><img loading=\"lazy\" decoding=\"async\" width=\"2000\" height=\"2000\" src=\"https:\/\/new.psbh.ro\/wp-content\/uploads\/2025\/01\/psbh-brosura-patrata.jpg\" class=\"vc_single_image-img attachment-full\" alt=\"\" srcset=\"https:\/\/new.psbh.ro\/wp-content\/uploads\/2025\/01\/psbh-brosura-patrata.jpg 2000w, https:\/\/new.psbh.ro\/wp-content\/uploads\/2025\/01\/psbh-brosura-patrata-300x300.jpg 300w, https:\/\/new.psbh.ro\/wp-content\/uploads\/2025\/01\/psbh-brosura-patrata-1024x1024.jpg 1024w, https:\/\/new.psbh.ro\/wp-content\/uploads\/2025\/01\/psbh-brosura-patrata-150x150.jpg 150w, https:\/\/new.psbh.ro\/wp-content\/uploads\/2025\/01\/psbh-brosura-patrata-768x768.jpg 768w, https:\/\/new.psbh.ro\/wp-content\/uploads\/2025\/01\/psbh-brosura-patrata-1536x1536.jpg 1536w, https:\/\/new.psbh.ro\/wp-content\/uploads\/2025\/01\/psbh-brosura-patrata-500x500.jpg 500w, https:\/\/new.psbh.ro\/wp-content\/uploads\/2025\/01\/psbh-brosura-patrata-400x400.jpg 400w, https:\/\/new.psbh.ro\/wp-content\/uploads\/2025\/01\/psbh-brosura-patrata-1300x1300.jpg 1300w, https:\/\/new.psbh.ro\/wp-content\/uploads\/2025\/01\/psbh-brosura-patrata-600x600.jpg 600w, https:\/\/new.psbh.ro\/wp-content\/uploads\/2025\/01\/psbh-brosura-patrata-100x100.jpg 100w, https:\/\/new.psbh.ro\/wp-content\/uploads\/2025\/01\/psbh-brosura-patrata-250x250.jpg 250w\" sizes=\"auto, (max-width: 2000px) 100vw, 2000px\" \/><\/div>\n\t\t<\/figure>\n\t<\/div>\n<\/div><\/div><\/div><\/div>","protected":false},"excerpt":{"rendered":"Apropierea de acest domeniu de drept a fost inevitabil\u0103, av\u00e2nd \u00een vedere rela\u021bia apropiata dintre PSBH \u0219i clien\u021bii s\u0103i \u00een activitatea de zi cu zi a acestora. Astfel, PSBH ofer\u0103 servicii juridice \u00een acest domeniu de drept, printre altele: Consultan\u021b\u0103 \u0219i asisten\u021b\u0103 juridic\u0103 cu privire la reorganizarea societ\u0103\u021bilor, organizarea intern\u0103, elaborarea regulamentelor de ordine interioar\u0103...<div class=\"[...]\"><a href=\"https:\/\/new.psbh.ro\/en\/dreptul-muncii\/\">Read More<\/a><\/div>","protected":false},"author":1,"featured_media":0,"parent":0,"menu_order":0,"comment_status":"closed","ping_status":"closed","template":"","meta":{"footnotes":""},"class_list":["post-2348","page","type-page","status-publish","hentry"],"_links":{"self":[{"href":"https:\/\/new.psbh.ro\/en\/wp-json\/wp\/v2\/pages\/2348","targetHints":{"allow":["GET"]}}],"collection":[{"href":"https:\/\/new.psbh.ro\/en\/wp-json\/wp\/v2\/pages"}],"about":[{"href":"https:\/\/new.psbh.ro\/en\/wp-json\/wp\/v2\/types\/page"}],"author":[{"embeddable":true,"href":"https:\/\/new.psbh.ro\/en\/wp-json\/wp\/v2\/users\/1"}],"replies":[{"embeddable":true,"href":"https:\/\/new.psbh.ro\/en\/wp-json\/wp\/v2\/comments?post=2348"}],"version-history":[{"count":3,"href":"https:\/\/new.psbh.ro\/en\/wp-json\/wp\/v2\/pages\/2348\/revisions"}],"predecessor-version":[{"id":2379,"href":"https:\/\/new.psbh.ro\/en\/wp-json\/wp\/v2\/pages\/2348\/revisions\/2379"}],"wp:attachment":[{"href":"https:\/\/new.psbh.ro\/en\/wp-json\/wp\/v2\/media?parent=2348"}],"curies":[{"name":"wp","href":"https:\/\/api.w.org\/{rel}","templated":true}]}}