{"id":2349,"date":"2025-02-24T11:14:24","date_gmt":"2025-02-24T11:14:24","guid":{"rendered":"https:\/\/new.psbh.ro\/?page_id=2349"},"modified":"2025-02-24T16:11:03","modified_gmt":"2025-02-24T16:11:03","slug":"achizitii-publice","status":"publish","type":"page","link":"https:\/\/new.psbh.ro\/en\/achizitii-publice\/","title":{"rendered":"Achizi\u021bii publice"},"content":{"rendered":"<div class=\"vc_row wpb_row vc_row-fluid\"><div class=\"wpb_column vc_column_container vc_col-sm-12\"><div class=\"vc_column-inner\"><div class=\"wpb_wrapper\">\n\t<div class=\"wpb_text_column wpb_content_element\" >\n\t\t<div class=\"wpb_wrapper\">\n\t\t\t<div class=\"wpb_text_column\">\n<div class=\"wpb_wrapper\">\n<p class=\"p1\">Domeniul achizi\u021biilor publice este unul extrem de complex, implic\u00e2nd reguli stricte, proceduri riguroase \u0219i un cadru legislativ \u00een continu\u0103 actualizare. At\u00e2t operatorii economici, c\u00e2t \u0219i autorit\u0103\u021bile contractante au nevoie de <b>suport juridic specializat<\/b> pentru a naviga cu succes prin cerin\u021bele \u0219i responsabilit\u0103\u021bile specifice acestui proces.<\/p>\n<p class=\"p1\">Echipa PSBH ofer\u0103 <b>asisten\u021b\u0103 juridic\u0103 complet\u0103<\/b> \u00een toate etapele achizi\u021biilor publice, adapt\u00e2ndu-se nevoilor fiec\u0103rei p\u0103r\u021bi implicate. De la <b>preg\u0103tirea documenta\u021biei de atribuire \u0219i interpretarea legisla\u021biei aplicabile<\/b>, p\u00e2n\u0103 la gestionarea eventualelor contesta\u021bii \u0219i litigii, sprijinim clien\u021bii no\u0219tri \u00een ob\u021binerea celor mai avantajoase rezultate.<\/p>\n<p class=\"p1\">Experien\u021ba noastr\u0103 \u00een acest domeniu ne permite s\u0103 oferim <b>solu\u021bii strategice \u0219i conforme cu legisla\u021bia<\/b>, asigur\u00e2nd succesul \u00een procedurile de achizi\u021bii publice \u0219i prevenind eventualele blocaje juridice.<\/p>\n<p>Serviciile noastre includ:<\/p>\n<ul>\n<li>Asisten\u021b\u0103 \u0219i reprezentare juridic\u0103 \u00een cadrul procedurii administrativ-jurisdic\u021bionale din fa\u021ba Consiliului National de Solu\u021bionare a Contesta\u021biilor;<\/li>\n<li>Asisten\u021b\u0103 \u0219i reprezentare juridic\u0103 \u00een fa\u021ba instan\u021belor judec\u0103tore\u0219ti competente cu privire la formularea c\u0103ilor de atac \u00eempotriva deciziilor CNSC, pentru ap\u0103rarea intereselor ofertan\u021bilor sau pentru ap\u0103rarea intereselor autorit\u0103\u021bii contractante;<\/li>\n<li>Asisten\u021b\u0103 \u0219i reprezentare juridic\u0103 \u00een fa\u021ba instan\u021belor judec\u0103tore\u0219ti competente pentru suspendarea efectelor rezultatelor procedurilor de achizi\u021bie public\u0103 \u0219i a deciziilor CNSC;<\/li>\n<li>Asisten\u021b\u0103 \u0219i reprezentare juridic\u0103 \u00een litigiile izvor\u00e2te din modalitatea de executare a contractelor de achizi\u021bie public\u0103;<\/li>\n<\/ul>\n<\/div>\n<\/div>\n<div class=\"wpb_text_column\">\n<div class=\"wpb_wrapper\">\n<h3>Cazuri de referin\u0163\u0103<\/h3>\n<ul>\n<li>PSBH a reprezentat cu succes un client av\u00e2nd ca domeniu principal de activitate comercializarea produselor de papet\u0103rie \u0219i birotic\u0103, \u00een fa\u021ba Consiliului Na\u021bional de Solu\u021bionare a Contesta\u021biilor, ob\u021bin\u00e2nd anularea rezultatului procedurii de atribuire, ca urmare a dovedirii lipsei fundament\u0103rii pre\u021bului neobi\u0219nuit de sc\u0103zut ofertat de c\u0103tre un alt operator economic. Rezultatul a constat \u00een atribuirea unui Acord \u2013 cadru \u00een valoare de 4.959.952,50 RON.<\/li>\n<li>PSBH a asigurat reprezentarea intereselor unui client \u00een fa\u021ba instan\u021bei de judecat\u0103, ob\u021bin\u00e2nd o solu\u021bie favorabil\u0103 prin obligarea autorit\u0103\u021bii contractante la suportarea penalit\u0103\u021bilor de \u00eent\u00e2rziere ca urmare a refuzului la plat\u0103 a facturilor. Echipa noastr\u0103 a identificat dispozi\u021biile legale incidente, demonstr\u00e2nd \u00een acela\u0219i timp netemeinicia refuzului autorit\u0103\u021bii de a \u00ee\u0219i achita obliga\u021biile, astfel c\u0103, autoritatea a fost obligat\u0103 la plata penalit\u0103\u021bilor \u00een cuantum aproximativ de 30.000 Lei.<\/li>\n<li>PSBH ofer\u0103 suport legal \u00een mod curent clien\u021bilor s\u0103i \u2013 ofertan\u021bi \u00een proceduri de achizi\u021bie public\u0103, prin formularea de clarific\u0103ri la cerin\u021bele caietului de sarcini, precum \u0219i prin redactarea cererilor de remediere a \u00eenc\u0103lc\u0103rilor legisla\u021biei \u00een materia achizi\u021biilor publice. Echipa noastr\u0103 a ob\u021binut anularea rezultatului procedurii, pentru un client al c\u0103rui domeniu de activitate principal const\u0103 \u00een furnizarea de produse de birotic\u0103, prin prisma lipsei cerin\u021bei de depunere a e\u0219antioanelor din fi\u0219a de date, motiv pentru care, ofertele au fost reevaluate, cu consecin\u021b\u0103 atribuirii Acordului \u2013 Cadru clientului nostru.<\/li>\n<li>PSBH a reprezentat cu succes interesele unui operator economic \u2013 reputat pe pia\u021ba achizi\u021biilor publice, \u00eentr-o procedur\u0103 de achizi\u021bie \u00een cadrul c\u0103reia, de\u0219i autoritatea contractant\u0103 a desemnat oferta clientului nostru ca fiind c\u00e2\u0219tig\u0103toare, nu a respectat data semn\u0103rii contractului, prelungind totodat\u0103 valabilitatea ofertelor depuse de ceilal\u021bi ofertan\u021bi. Ca urmare a solicit\u0103rii noastre de respectare a obliga\u021biilor prev\u0103zute de lege, autoritatea contractant\u0103 a revenit asupra deciziei sale, men\u021bin\u00e2nd solu\u021bia de atribuire a contractului de achizi\u021bie public\u0103.<\/li>\n<\/ul>\n<\/div>\n<\/div>\n\n\t\t<\/div>\n\t<\/div>\n<\/div><\/div><\/div><\/div><div class=\"vc_row wpb_row vc_row-fluid\"><div class=\"wpb_column vc_column_container vc_col-sm-6\"><div class=\"vc_column-inner\"><div class=\"wpb_wrapper\">\n<div class=\"wpcf7 no-js\" id=\"wpcf7-f1938-o1\" lang=\"en-US\" dir=\"ltr\" data-wpcf7-id=\"1938\">\n<div class=\"screen-reader-response\"><p role=\"status\" aria-live=\"polite\" aria-atomic=\"true\"><\/p> <ul><\/ul><\/div>\n<form action=\"\/en\/wp-json\/wp\/v2\/pages\/2349#wpcf7-f1938-o1\" method=\"post\" class=\"wpcf7-form init\" aria-label=\"Contact form\" novalidate=\"novalidate\" data-status=\"init\" data-trp-original-action=\"\/en\/wp-json\/wp\/v2\/pages\/2349#wpcf7-f1938-o1\">\n<div style=\"display: none;\">\n<input type=\"hidden\" name=\"_wpcf7\" value=\"1938\" \/>\n<input type=\"hidden\" name=\"_wpcf7_version\" value=\"6.0.1\" \/>\n<input type=\"hidden\" name=\"_wpcf7_locale\" value=\"en_US\" \/>\n<input type=\"hidden\" name=\"_wpcf7_unit_tag\" value=\"wpcf7-f1938-o1\" \/>\n<input type=\"hidden\" name=\"_wpcf7_container_post\" value=\"0\" \/>\n<input type=\"hidden\" name=\"_wpcf7_posted_data_hash\" value=\"\" \/>\n<\/div>\n<h4>Talk to a legal expert\n<\/h4>\n<p>Share your contact details and one of our experts will get back to you within 24 hours.\n<\/p>\n<div>\n\t<p><label> Nume<\/label><span class=\"wpcf7-form-control-wrap\" data-name=\"your-name\"><input size=\"40\" maxlength=\"400\" class=\"wpcf7-form-control wpcf7-text wpcf7-validates-as-required\" aria-required=\"true\" aria-invalid=\"false\" value=\"\" type=\"text\" name=\"your-name\" \/><\/span>\n\t<\/p>\n<\/div>\n<div>\n\t<p><label> Num\u0103r de telefon<\/label><span class=\"wpcf7-form-control-wrap\" data-name=\"tel-429\"><input size=\"40\" maxlength=\"400\" class=\"wpcf7-form-control wpcf7-tel wpcf7-validates-as-required wpcf7-text wpcf7-validates-as-tel\" aria-required=\"true\" aria-invalid=\"false\" value=\"\" type=\"tel\" name=\"tel-429\" \/><\/span>\n\t<\/p>\n<\/div>\n<div>\n\t<p><label> D\u0103-ne c\u00e2teva detalii<\/label><span class=\"wpcf7-form-control-wrap\" data-name=\"your-message\"><textarea cols=\"40\" rows=\"2\" maxlength=\"2000\" class=\"wpcf7-form-control wpcf7-textarea\" aria-invalid=\"false\" name=\"your-message\"><\/textarea><\/span>\n\t<\/p>\n<\/div>\n<p><input class=\"wpcf7-form-control wpcf7-submit has-spinner os-btn black\" type=\"submit\" value=\"I&#039;d like to receive a call!\" \/>\n<\/p><div class=\"wpcf7-response-output\" aria-hidden=\"true\"><\/div>\n<input type=\"hidden\" name=\"trp-form-language\" value=\"en\"\/><\/form>\n<\/div>\n<\/div><\/div><\/div><div class=\"wpb_column vc_column_container vc_col-sm-6\"><div class=\"vc_column-inner\"><div class=\"wpb_wrapper\">\n\t<div  class=\"wpb_single_image wpb_content_element vc_align_left\">\n\t\t\n\t\t<figure class=\"wpb_wrapper vc_figure\">\n\t\t\t<div class=\"vc_single_image-wrapper   vc_box_border_grey\"><img loading=\"lazy\" decoding=\"async\" width=\"2000\" height=\"2000\" src=\"https:\/\/new.psbh.ro\/wp-content\/uploads\/2025\/01\/psbh-brosura-patrata.jpg\" class=\"vc_single_image-img attachment-full\" alt=\"\" srcset=\"https:\/\/new.psbh.ro\/wp-content\/uploads\/2025\/01\/psbh-brosura-patrata.jpg 2000w, https:\/\/new.psbh.ro\/wp-content\/uploads\/2025\/01\/psbh-brosura-patrata-300x300.jpg 300w, https:\/\/new.psbh.ro\/wp-content\/uploads\/2025\/01\/psbh-brosura-patrata-1024x1024.jpg 1024w, https:\/\/new.psbh.ro\/wp-content\/uploads\/2025\/01\/psbh-brosura-patrata-150x150.jpg 150w, https:\/\/new.psbh.ro\/wp-content\/uploads\/2025\/01\/psbh-brosura-patrata-768x768.jpg 768w, https:\/\/new.psbh.ro\/wp-content\/uploads\/2025\/01\/psbh-brosura-patrata-1536x1536.jpg 1536w, https:\/\/new.psbh.ro\/wp-content\/uploads\/2025\/01\/psbh-brosura-patrata-500x500.jpg 500w, https:\/\/new.psbh.ro\/wp-content\/uploads\/2025\/01\/psbh-brosura-patrata-400x400.jpg 400w, https:\/\/new.psbh.ro\/wp-content\/uploads\/2025\/01\/psbh-brosura-patrata-1300x1300.jpg 1300w, https:\/\/new.psbh.ro\/wp-content\/uploads\/2025\/01\/psbh-brosura-patrata-600x600.jpg 600w, https:\/\/new.psbh.ro\/wp-content\/uploads\/2025\/01\/psbh-brosura-patrata-100x100.jpg 100w, https:\/\/new.psbh.ro\/wp-content\/uploads\/2025\/01\/psbh-brosura-patrata-250x250.jpg 250w\" sizes=\"auto, (max-width: 2000px) 100vw, 2000px\" \/><\/div>\n\t\t<\/figure>\n\t<\/div>\n<\/div><\/div><\/div><\/div>","protected":false},"excerpt":{"rendered":"Domeniul achizi\u021biilor publice este unul extrem de complex, implic\u00e2nd reguli stricte, proceduri riguroase \u0219i un cadru legislativ \u00een continu\u0103 actualizare. At\u00e2t operatorii economici, c\u00e2t \u0219i autorit\u0103\u021bile contractante au nevoie de suport juridic specializat pentru a naviga cu succes prin cerin\u021bele \u0219i responsabilit\u0103\u021bile specifice acestui proces. Echipa PSBH ofer\u0103 asisten\u021b\u0103 juridic\u0103 complet\u0103 \u00een toate etapele achizi\u021biilor...<div class=\"[...]\"><a href=\"https:\/\/new.psbh.ro\/en\/achizitii-publice\/\">Read More<\/a><\/div>","protected":false},"author":1,"featured_media":0,"parent":0,"menu_order":0,"comment_status":"closed","ping_status":"closed","template":"","meta":{"footnotes":""},"class_list":["post-2349","page","type-page","status-publish","hentry"],"_links":{"self":[{"href":"https:\/\/new.psbh.ro\/en\/wp-json\/wp\/v2\/pages\/2349","targetHints":{"allow":["GET"]}}],"collection":[{"href":"https:\/\/new.psbh.ro\/en\/wp-json\/wp\/v2\/pages"}],"about":[{"href":"https:\/\/new.psbh.ro\/en\/wp-json\/wp\/v2\/types\/page"}],"author":[{"embeddable":true,"href":"https:\/\/new.psbh.ro\/en\/wp-json\/wp\/v2\/users\/1"}],"replies":[{"embeddable":true,"href":"https:\/\/new.psbh.ro\/en\/wp-json\/wp\/v2\/comments?post=2349"}],"version-history":[{"count":4,"href":"https:\/\/new.psbh.ro\/en\/wp-json\/wp\/v2\/pages\/2349\/revisions"}],"predecessor-version":[{"id":2465,"href":"https:\/\/new.psbh.ro\/en\/wp-json\/wp\/v2\/pages\/2349\/revisions\/2465"}],"wp:attachment":[{"href":"https:\/\/new.psbh.ro\/en\/wp-json\/wp\/v2\/media?parent=2349"}],"curies":[{"name":"wp","href":"https:\/\/api.w.org\/{rel}","templated":true}]}}