{"id":2350,"date":"2025-02-24T11:14:24","date_gmt":"2025-02-24T11:14:24","guid":{"rendered":"https:\/\/new.psbh.ro\/?page_id=2350"},"modified":"2025-02-24T11:34:16","modified_gmt":"2025-02-24T11:34:16","slug":"protectia-datelor-cu-caracter-personal","status":"publish","type":"page","link":"https:\/\/new.psbh.ro\/en\/protectia-datelor-cu-caracter-personal\/","title":{"rendered":"Protec\u021bia datelor cu caracter personal"},"content":{"rendered":"<div class=\"vc_row wpb_row vc_row-fluid\"><div class=\"wpb_column vc_column_container vc_col-sm-12\"><div class=\"vc_column-inner\"><div class=\"wpb_wrapper\">\n\t<div class=\"wpb_text_column wpb_content_element\" >\n\t\t<div class=\"wpb_wrapper\">\n\t\t\t<div class=\"wpb_text_column\">\n<div class=\"wpb_wrapper\">\n<p>Protec\u021bia datelor cu caracter personal a devenit o arie de practic\u0103 dezvoltat\u0103 odat\u0103 cu intrarea \u00een vigoare a Regulamentului nr. 2016\/679, motiv pentru care PSBH a alocat resurse importante pentru interpretarea \u0219i aplicarea dispozi\u021biilor legale de c\u0103tre clien\u021bii s\u0103i.<\/p>\n<p>Tehnologia dezvoltat\u0103 rapid \u00een ultimii ani permite at\u00e2t societ\u0103\u021bilor private, c\u00e2t \u0219i autorit\u0103\u021bilor publice s\u0103 utilizeze date cu caracter personal la un nivel f\u0103r\u0103 precedent \u00een cadrul activit\u0103\u021bilor desf\u0103\u0219urate, motiv pentru care, PSBH asigur\u0103 implementarea noului Regulament, oferind consultan\u021b\u0103 juridic\u0103 pe parcursul \u00eentregului proces ce vizeaz\u0103 prelucrarea datelor cu caracter personal.<\/p>\n<p>\u00cencep\u00e2nd cu activit\u0103\u021bile de baza in cadrul unei persoane juridice, respectiv: redactarea acordurilor angaja\u021bilor privind prelucrarea datelor cu caracter personal, formulare de exprimare a consim\u021b\u0103m\u00e2ntului de c\u0103tre ter\u021bi, p\u00e2n\u0103 la formularea \u0219i implementarea politicii interne GDPR, PSBH ofer\u0103 asisten\u021b\u0103 complet\u0103 \u00een aceasta materie, respectiv:<\/p>\n<ul>\n<li>Analiz\u0103m activitatea fiec\u0103rui client, spre a-i oferi solu\u021bii optime de creare a bazelor de date, precum \u0219i pentru men\u021binerea confiden\u021bialit\u0103\u021bii tuturor datelor protejate;<\/li>\n<li>Construim pachete de documente necesare respect\u0103rii normelor privind prelucrarea datelor cu caracter personal, conform specificului activit\u0103\u021bii clien\u021bilor;<\/li>\n<li>Acord\u0103m suport \u00een analiza, redactarea \u0219i aplicarea regulilor privind fiecare tip de afacere;<\/li>\n<li>Acordam suport \u00een implementarea GDPR \u00een rela\u021biile contractuale ce asigur\u0103 clien\u021bilor \u0219i furnizorilor conformarea cu prevederile GDPR \u0219i protec\u021bia datelor cu caracter personal ale persoanelor vizate;<\/li>\n<li>Ne asiguram c\u0103 \u0219i angaja\u021bii clien\u021bilor no\u0219tri sunt proteja\u021bi \u0219i informa\u021bi asupra drepturilor lor, oferind clien\u021bilor suportul \u00een procedura de aplicare a politicii interne GDPR, analiz\u00e2nd posibile limit\u0103ri legale \u0219i consecin\u021bele nerespect\u0103rii acestora.<\/li>\n<\/ul>\n<\/div>\n<\/div>\n<div class=\"wpb_text_column\">\n<div class=\"wpb_wrapper\">\n<h3>Cazuri de referin\u0163\u0103<\/h3>\n<ul>\n<li>PSBH a oferit consultan\u021b\u0103 juridic\u0103 cu privire la implementarea normelor privind protec\u021bia datelor cu caracter personal unui client ce activeaz\u0103 \u00een domeniul \u00eenv\u0103\u021b\u0103m\u00e2ntului privat, \u00een special \u00een ceea ce prive\u0219te procesarea \u0219i gestiunea datelor cu caracter personal sensibile, privind minorii, date medicale etc.<\/li>\n<li>PSBH a oferit consultan\u021b\u0103 juridic\u0103 cu privire la implementarea GDPR unui client ce activeaz\u0103 \u00een domeniul turismului, \u00een special \u00een ceea ce prive\u0219te procesarea \u0219i transmiterea datelor \u00een afara spa\u021biului Uniunii Europene.<\/li>\n<li>PSBH a oferit consultan\u021b\u0103 juridic\u0103 cu privire la implementarea GDPR unui client ce activeaz\u0103 \u00een domeniul IT \u0219i securit\u0103\u021bii cibernetice, \u00een special \u00een vederea dezvolt\u0103rii propriilor produse software specifice \u0219i transmiterea transfrontalier\u0103 a datelor.<\/li>\n<li>PSBH a oferit consultan\u021b\u0103 juridic\u0103 cu privire la implementarea GDPR unui client ce activeaz\u0103 \u00een domeniul IT \u0219i resurse umane, \u00een special \u00een ceea ce prive\u0219te dezvoltarea unui produs software de recrutare \u0219i management al resurselor umane.<\/li>\n<\/ul>\n<\/div>\n<\/div>\n\n\t\t<\/div>\n\t<\/div>\n<\/div><\/div><\/div><\/div><div class=\"vc_row wpb_row vc_row-fluid\"><div class=\"wpb_column vc_column_container vc_col-sm-6\"><div class=\"vc_column-inner\"><div class=\"wpb_wrapper\">\n<div class=\"wpcf7 no-js\" id=\"wpcf7-f1938-o1\" lang=\"en-US\" dir=\"ltr\" data-wpcf7-id=\"1938\">\n<div class=\"screen-reader-response\"><p role=\"status\" aria-live=\"polite\" aria-atomic=\"true\"><\/p> <ul><\/ul><\/div>\n<form action=\"\/en\/wp-json\/wp\/v2\/pages\/2350#wpcf7-f1938-o1\" method=\"post\" class=\"wpcf7-form init\" aria-label=\"Contact form\" novalidate=\"novalidate\" data-status=\"init\" data-trp-original-action=\"\/en\/wp-json\/wp\/v2\/pages\/2350#wpcf7-f1938-o1\">\n<div style=\"display: none;\">\n<input type=\"hidden\" name=\"_wpcf7\" value=\"1938\" \/>\n<input type=\"hidden\" name=\"_wpcf7_version\" value=\"6.0.1\" \/>\n<input type=\"hidden\" name=\"_wpcf7_locale\" value=\"en_US\" \/>\n<input type=\"hidden\" name=\"_wpcf7_unit_tag\" value=\"wpcf7-f1938-o1\" \/>\n<input type=\"hidden\" name=\"_wpcf7_container_post\" value=\"0\" \/>\n<input type=\"hidden\" name=\"_wpcf7_posted_data_hash\" value=\"\" \/>\n<\/div>\n<h4>Talk to a legal expert\n<\/h4>\n<p>Share your contact details and one of our experts will get back to you within 24 hours.\n<\/p>\n<div>\n\t<p><label> Nume<\/label><span class=\"wpcf7-form-control-wrap\" data-name=\"your-name\"><input size=\"40\" maxlength=\"400\" class=\"wpcf7-form-control wpcf7-text wpcf7-validates-as-required\" aria-required=\"true\" aria-invalid=\"false\" value=\"\" type=\"text\" name=\"your-name\" \/><\/span>\n\t<\/p>\n<\/div>\n<div>\n\t<p><label> Num\u0103r de telefon<\/label><span class=\"wpcf7-form-control-wrap\" data-name=\"tel-429\"><input size=\"40\" maxlength=\"400\" class=\"wpcf7-form-control wpcf7-tel wpcf7-validates-as-required wpcf7-text wpcf7-validates-as-tel\" aria-required=\"true\" aria-invalid=\"false\" value=\"\" type=\"tel\" name=\"tel-429\" \/><\/span>\n\t<\/p>\n<\/div>\n<div>\n\t<p><label> D\u0103-ne c\u00e2teva detalii<\/label><span class=\"wpcf7-form-control-wrap\" data-name=\"your-message\"><textarea cols=\"40\" rows=\"2\" maxlength=\"2000\" class=\"wpcf7-form-control wpcf7-textarea\" aria-invalid=\"false\" name=\"your-message\"><\/textarea><\/span>\n\t<\/p>\n<\/div>\n<p><input class=\"wpcf7-form-control wpcf7-submit has-spinner os-btn black\" type=\"submit\" value=\"I&#039;d like to receive a call!\" \/>\n<\/p><div class=\"wpcf7-response-output\" aria-hidden=\"true\"><\/div>\n<input type=\"hidden\" name=\"trp-form-language\" value=\"en\"\/><\/form>\n<\/div>\n<\/div><\/div><\/div><div class=\"wpb_column vc_column_container vc_col-sm-6\"><div class=\"vc_column-inner\"><div class=\"wpb_wrapper\">\n\t<div  class=\"wpb_single_image wpb_content_element vc_align_left\">\n\t\t\n\t\t<figure class=\"wpb_wrapper vc_figure\">\n\t\t\t<div class=\"vc_single_image-wrapper   vc_box_border_grey\"><img loading=\"lazy\" decoding=\"async\" width=\"2000\" height=\"2000\" src=\"https:\/\/new.psbh.ro\/wp-content\/uploads\/2025\/01\/psbh-brosura-patrata.jpg\" class=\"vc_single_image-img attachment-full\" alt=\"\" srcset=\"https:\/\/new.psbh.ro\/wp-content\/uploads\/2025\/01\/psbh-brosura-patrata.jpg 2000w, https:\/\/new.psbh.ro\/wp-content\/uploads\/2025\/01\/psbh-brosura-patrata-300x300.jpg 300w, https:\/\/new.psbh.ro\/wp-content\/uploads\/2025\/01\/psbh-brosura-patrata-1024x1024.jpg 1024w, https:\/\/new.psbh.ro\/wp-content\/uploads\/2025\/01\/psbh-brosura-patrata-150x150.jpg 150w, https:\/\/new.psbh.ro\/wp-content\/uploads\/2025\/01\/psbh-brosura-patrata-768x768.jpg 768w, https:\/\/new.psbh.ro\/wp-content\/uploads\/2025\/01\/psbh-brosura-patrata-1536x1536.jpg 1536w, https:\/\/new.psbh.ro\/wp-content\/uploads\/2025\/01\/psbh-brosura-patrata-500x500.jpg 500w, https:\/\/new.psbh.ro\/wp-content\/uploads\/2025\/01\/psbh-brosura-patrata-400x400.jpg 400w, https:\/\/new.psbh.ro\/wp-content\/uploads\/2025\/01\/psbh-brosura-patrata-1300x1300.jpg 1300w, https:\/\/new.psbh.ro\/wp-content\/uploads\/2025\/01\/psbh-brosura-patrata-600x600.jpg 600w, https:\/\/new.psbh.ro\/wp-content\/uploads\/2025\/01\/psbh-brosura-patrata-100x100.jpg 100w, https:\/\/new.psbh.ro\/wp-content\/uploads\/2025\/01\/psbh-brosura-patrata-250x250.jpg 250w\" sizes=\"auto, (max-width: 2000px) 100vw, 2000px\" \/><\/div>\n\t\t<\/figure>\n\t<\/div>\n<\/div><\/div><\/div><\/div>","protected":false},"excerpt":{"rendered":"Protec\u021bia datelor cu caracter personal a devenit o arie de practic\u0103 dezvoltat\u0103 odat\u0103 cu intrarea \u00een vigoare a Regulamentului nr. 2016\/679, motiv pentru care PSBH a alocat resurse importante pentru interpretarea \u0219i aplicarea dispozi\u021biilor legale de c\u0103tre clien\u021bii s\u0103i. Tehnologia dezvoltat\u0103 rapid \u00een ultimii ani permite at\u00e2t societ\u0103\u021bilor private, c\u00e2t \u0219i autorit\u0103\u021bilor publice s\u0103 utilizeze...<div class=\"[...]\"><a href=\"https:\/\/new.psbh.ro\/en\/protectia-datelor-cu-caracter-personal\/\">Read More<\/a><\/div>","protected":false},"author":1,"featured_media":0,"parent":0,"menu_order":0,"comment_status":"closed","ping_status":"closed","template":"","meta":{"footnotes":""},"class_list":["post-2350","page","type-page","status-publish","hentry"],"_links":{"self":[{"href":"https:\/\/new.psbh.ro\/en\/wp-json\/wp\/v2\/pages\/2350","targetHints":{"allow":["GET"]}}],"collection":[{"href":"https:\/\/new.psbh.ro\/en\/wp-json\/wp\/v2\/pages"}],"about":[{"href":"https:\/\/new.psbh.ro\/en\/wp-json\/wp\/v2\/types\/page"}],"author":[{"embeddable":true,"href":"https:\/\/new.psbh.ro\/en\/wp-json\/wp\/v2\/users\/1"}],"replies":[{"embeddable":true,"href":"https:\/\/new.psbh.ro\/en\/wp-json\/wp\/v2\/comments?post=2350"}],"version-history":[{"count":3,"href":"https:\/\/new.psbh.ro\/en\/wp-json\/wp\/v2\/pages\/2350\/revisions"}],"predecessor-version":[{"id":2383,"href":"https:\/\/new.psbh.ro\/en\/wp-json\/wp\/v2\/pages\/2350\/revisions\/2383"}],"wp:attachment":[{"href":"https:\/\/new.psbh.ro\/en\/wp-json\/wp\/v2\/media?parent=2350"}],"curies":[{"name":"wp","href":"https:\/\/api.w.org\/{rel}","templated":true}]}}