{"id":2352,"date":"2025-02-24T11:14:24","date_gmt":"2025-02-24T11:14:24","guid":{"rendered":"https:\/\/new.psbh.ro\/?page_id=2352"},"modified":"2025-02-24T11:41:56","modified_gmt":"2025-02-24T11:41:56","slug":"it-telecomunicatii","status":"publish","type":"page","link":"https:\/\/new.psbh.ro\/en\/it-telecomunicatii\/","title":{"rendered":"IT &#038; Telecomunica\u021bii"},"content":{"rendered":"<div class=\"vc_row wpb_row vc_row-fluid\"><div class=\"wpb_column vc_column_container vc_col-sm-12\"><div class=\"vc_column-inner\"><div class=\"wpb_wrapper\">\n\t<div class=\"wpb_text_column wpb_content_element\" >\n\t\t<div class=\"wpb_wrapper\">\n\t\t\t<div class=\"wpb_text_column\">\n<div class=\"wpb_wrapper\">\n<p>Unul din principiile ce guverneaz\u0103 PSBH este tehnologia \u0219i \u00eembun\u0103t\u0103\u021birea continu\u0103 a activit\u0103\u021bii prin digitalizare. Din acest motiv PSBH s-a axat pe acordarea de servicii juridice at\u00e2t societ\u0103\u021bilor ce activeaz\u0103 \u00een domenii de IT c\u00e2t \u0219i a societ\u0103\u021bilor ce au implementat solu\u021bii tehnologice fie pentru comercializare (e-commerce) fie pentru activitatea intern\u0103 de zi cu zi sau prezen\u021ba \u00een spa\u021biul virtual.<\/p>\n<p>Totodat\u0103, PSBH a reprezentat \u00een litigii diverse derivate din protec\u021bia drepturilor, litigii ce, prin specificul domeniului, ridic\u0103 numeroase probleme \u00een special \u00een ceea ce prive\u0219te proba\u021biunea.<\/p>\n<p>Astfel, \u00een domeniul IT, PSBH acord\u0103 consultan\u021b\u0103, asisten\u021b\u0103 \u0219i reprezentare juridic\u0103 \u00een leg\u0103tur\u0103 cu:<\/p>\n<ul>\n<li>\u00cenregistrarea \u0219i protejarea produselor \u0219i serviciilor IT dezvoltate, precum \u0219i protec\u021bia continua a acestora;<\/li>\n<li>Implementarea solu\u021biilor IT pentru e-commerce;<\/li>\n<li>Implementarea solu\u021biilor IT \u0219i a software-urilor interne privind activitatea de zi cu zi \u0219i GDPR;<\/li>\n<li>Consultan\u021b\u0103 privind acordarea sau preluarea de licen\u021be software;<\/li>\n<li>Asisten\u021b\u0103 \u00een situa\u021bii litigioase privind protec\u021bia licen\u021belor sau produselor dezvoltate;<\/li>\n<li>Reprezentarea \u00een diverse litigii specifice acestei arii de practic\u0103.<\/li>\n<\/ul>\n<\/div>\n<\/div>\n<div class=\"wpb_text_column\">\n<div class=\"wpb_wrapper\">\n<h3>Cazuri de referin\u0163\u0103<\/h3>\n<ul>\n<li>PSBH a oferit consultan\u021b\u0103 unei societ\u0103\u021bi ce activeaz\u0103 \u00een domeniul IT, cu privire la dezvoltarea, \u00eenregistrarea \u0219i licen\u021bierea unui produs software dezvoltat.<\/li>\n<li>PSBH a oferit consultan\u021b\u0103 \u0219i a reprezentat un client ce activeaz\u0103 \u00een domeniul telecomunica\u021biilor, cu ocazia negocierii \u0219i \u00eencheierii unui contract de cesiune a activelor, autoriza\u021biilor \u0219i parte a fondului de comer\u021b, \u00eentr-o tranzac\u021bie de aproximativ 2.000.000 Euro.<\/li>\n<li>PSBH a oferit consultan\u021b\u0103 unui client ce activeaz\u0103 \u00een domeniul telecomunica\u021biilor, cu ocazia particip\u0103rii la o procedura de achizi\u021bie privat\u0103 derulat\u0103 de c\u0103tre un operator economic reputat, av\u00e2nd ca obiect valorificarea de active. \u00cen urma demersurilor realizate, clientul nostru a fost declarat c\u00e2\u0219tig\u0103tor.<\/li>\n<\/ul>\n<\/div>\n<\/div>\n\n\t\t<\/div>\n\t<\/div>\n<\/div><\/div><\/div><\/div><div class=\"vc_row wpb_row vc_row-fluid\"><div class=\"wpb_column vc_column_container vc_col-sm-6\"><div class=\"vc_column-inner\"><div class=\"wpb_wrapper\">\n<div class=\"wpcf7 no-js\" id=\"wpcf7-f1938-o1\" lang=\"en-US\" dir=\"ltr\" data-wpcf7-id=\"1938\">\n<div class=\"screen-reader-response\"><p role=\"status\" aria-live=\"polite\" aria-atomic=\"true\"><\/p> <ul><\/ul><\/div>\n<form action=\"\/en\/wp-json\/wp\/v2\/pages\/2352#wpcf7-f1938-o1\" method=\"post\" class=\"wpcf7-form init\" aria-label=\"Contact form\" novalidate=\"novalidate\" data-status=\"init\" data-trp-original-action=\"\/en\/wp-json\/wp\/v2\/pages\/2352#wpcf7-f1938-o1\">\n<div style=\"display: none;\">\n<input type=\"hidden\" name=\"_wpcf7\" value=\"1938\" \/>\n<input type=\"hidden\" name=\"_wpcf7_version\" value=\"6.0.1\" \/>\n<input type=\"hidden\" name=\"_wpcf7_locale\" value=\"en_US\" \/>\n<input type=\"hidden\" name=\"_wpcf7_unit_tag\" value=\"wpcf7-f1938-o1\" \/>\n<input type=\"hidden\" name=\"_wpcf7_container_post\" value=\"0\" \/>\n<input type=\"hidden\" name=\"_wpcf7_posted_data_hash\" value=\"\" \/>\n<\/div>\n<h4>Talk to a legal expert\n<\/h4>\n<p>Share your contact details and one of our experts will get back to you within 24 hours.\n<\/p>\n<div>\n\t<p><label> Nume<\/label><span class=\"wpcf7-form-control-wrap\" data-name=\"your-name\"><input size=\"40\" maxlength=\"400\" class=\"wpcf7-form-control wpcf7-text wpcf7-validates-as-required\" aria-required=\"true\" aria-invalid=\"false\" value=\"\" type=\"text\" name=\"your-name\" \/><\/span>\n\t<\/p>\n<\/div>\n<div>\n\t<p><label> Num\u0103r de telefon<\/label><span class=\"wpcf7-form-control-wrap\" data-name=\"tel-429\"><input size=\"40\" maxlength=\"400\" class=\"wpcf7-form-control wpcf7-tel wpcf7-validates-as-required wpcf7-text wpcf7-validates-as-tel\" aria-required=\"true\" aria-invalid=\"false\" value=\"\" type=\"tel\" name=\"tel-429\" \/><\/span>\n\t<\/p>\n<\/div>\n<div>\n\t<p><label> D\u0103-ne c\u00e2teva detalii<\/label><span class=\"wpcf7-form-control-wrap\" data-name=\"your-message\"><textarea cols=\"40\" rows=\"2\" maxlength=\"2000\" class=\"wpcf7-form-control wpcf7-textarea\" aria-invalid=\"false\" name=\"your-message\"><\/textarea><\/span>\n\t<\/p>\n<\/div>\n<p><input class=\"wpcf7-form-control wpcf7-submit has-spinner os-btn black\" type=\"submit\" value=\"I&#039;d like to receive a call!\" \/>\n<\/p><div class=\"wpcf7-response-output\" aria-hidden=\"true\"><\/div>\n<input type=\"hidden\" name=\"trp-form-language\" value=\"en\"\/><\/form>\n<\/div>\n<\/div><\/div><\/div><div class=\"wpb_column vc_column_container vc_col-sm-6\"><div class=\"vc_column-inner\"><div class=\"wpb_wrapper\">\n\t<div  class=\"wpb_single_image wpb_content_element vc_align_left\">\n\t\t\n\t\t<figure class=\"wpb_wrapper vc_figure\">\n\t\t\t<div class=\"vc_single_image-wrapper   vc_box_border_grey\"><img loading=\"lazy\" decoding=\"async\" width=\"2000\" height=\"2000\" src=\"https:\/\/new.psbh.ro\/wp-content\/uploads\/2025\/01\/psbh-brosura-patrata.jpg\" class=\"vc_single_image-img attachment-full\" alt=\"\" srcset=\"https:\/\/new.psbh.ro\/wp-content\/uploads\/2025\/01\/psbh-brosura-patrata.jpg 2000w, https:\/\/new.psbh.ro\/wp-content\/uploads\/2025\/01\/psbh-brosura-patrata-300x300.jpg 300w, https:\/\/new.psbh.ro\/wp-content\/uploads\/2025\/01\/psbh-brosura-patrata-1024x1024.jpg 1024w, https:\/\/new.psbh.ro\/wp-content\/uploads\/2025\/01\/psbh-brosura-patrata-150x150.jpg 150w, https:\/\/new.psbh.ro\/wp-content\/uploads\/2025\/01\/psbh-brosura-patrata-768x768.jpg 768w, https:\/\/new.psbh.ro\/wp-content\/uploads\/2025\/01\/psbh-brosura-patrata-1536x1536.jpg 1536w, https:\/\/new.psbh.ro\/wp-content\/uploads\/2025\/01\/psbh-brosura-patrata-500x500.jpg 500w, https:\/\/new.psbh.ro\/wp-content\/uploads\/2025\/01\/psbh-brosura-patrata-400x400.jpg 400w, https:\/\/new.psbh.ro\/wp-content\/uploads\/2025\/01\/psbh-brosura-patrata-1300x1300.jpg 1300w, https:\/\/new.psbh.ro\/wp-content\/uploads\/2025\/01\/psbh-brosura-patrata-600x600.jpg 600w, https:\/\/new.psbh.ro\/wp-content\/uploads\/2025\/01\/psbh-brosura-patrata-100x100.jpg 100w, https:\/\/new.psbh.ro\/wp-content\/uploads\/2025\/01\/psbh-brosura-patrata-250x250.jpg 250w\" sizes=\"auto, (max-width: 2000px) 100vw, 2000px\" \/><\/div>\n\t\t<\/figure>\n\t<\/div>\n<\/div><\/div><\/div><\/div>","protected":false},"excerpt":{"rendered":"Unul din principiile ce guverneaz\u0103 PSBH este tehnologia \u0219i \u00eembun\u0103t\u0103\u021birea continu\u0103 a activit\u0103\u021bii prin digitalizare. Din acest motiv PSBH s-a axat pe acordarea de servicii juridice at\u00e2t societ\u0103\u021bilor ce activeaz\u0103 \u00een domenii de IT c\u00e2t \u0219i a societ\u0103\u021bilor ce au implementat solu\u021bii tehnologice fie pentru comercializare (e-commerce) fie pentru activitatea intern\u0103 de zi cu zi...<div class=\"[...]\"><a href=\"https:\/\/new.psbh.ro\/en\/it-telecomunicatii\/\">Read More<\/a><\/div>","protected":false},"author":1,"featured_media":0,"parent":0,"menu_order":0,"comment_status":"closed","ping_status":"closed","template":"","meta":{"footnotes":""},"class_list":["post-2352","page","type-page","status-publish","hentry"],"_links":{"self":[{"href":"https:\/\/new.psbh.ro\/en\/wp-json\/wp\/v2\/pages\/2352","targetHints":{"allow":["GET"]}}],"collection":[{"href":"https:\/\/new.psbh.ro\/en\/wp-json\/wp\/v2\/pages"}],"about":[{"href":"https:\/\/new.psbh.ro\/en\/wp-json\/wp\/v2\/types\/page"}],"author":[{"embeddable":true,"href":"https:\/\/new.psbh.ro\/en\/wp-json\/wp\/v2\/users\/1"}],"replies":[{"embeddable":true,"href":"https:\/\/new.psbh.ro\/en\/wp-json\/wp\/v2\/comments?post=2352"}],"version-history":[{"count":3,"href":"https:\/\/new.psbh.ro\/en\/wp-json\/wp\/v2\/pages\/2352\/revisions"}],"predecessor-version":[{"id":2387,"href":"https:\/\/new.psbh.ro\/en\/wp-json\/wp\/v2\/pages\/2352\/revisions\/2387"}],"wp:attachment":[{"href":"https:\/\/new.psbh.ro\/en\/wp-json\/wp\/v2\/media?parent=2352"}],"curies":[{"name":"wp","href":"https:\/\/api.w.org\/{rel}","templated":true}]}}