{"id":2353,"date":"2025-02-24T11:14:24","date_gmt":"2025-02-24T11:14:24","guid":{"rendered":"https:\/\/new.psbh.ro\/?page_id=2353"},"modified":"2025-02-24T15:53:34","modified_gmt":"2025-02-24T15:53:34","slug":"litigii-arbitraj","status":"publish","type":"page","link":"https:\/\/new.psbh.ro\/en\/litigii-arbitraj\/","title":{"rendered":"Litigii &#038; Arbitraj"},"content":{"rendered":"<div class=\"vc_row wpb_row vc_row-fluid\"><div class=\"wpb_column vc_column_container vc_col-sm-12\"><div class=\"vc_column-inner\"><div class=\"wpb_wrapper\">\n\t<div class=\"wpb_text_column wpb_content_element\" >\n\t\t<div class=\"wpb_wrapper\">\n\t\t\t<div class=\"wpb_text_column\">\n<div class=\"wpb_wrapper\">\n<p data-start=\"87\" data-end=\"436\">Litigiile sunt o realitate inevitabil\u0103 \u00een mediul de afaceri, iar gestionarea acestora necesit\u0103 nu doar expertiz\u0103 juridic\u0103, ci \u0219i o strategie clar\u0103 \u0219i orientat\u0103 spre rezultate. Indiferent dac\u0103 este vorba despre prevenirea conflictelor, solu\u021bionarea amiabil\u0103 sau reprezentarea ferm\u0103 \u00een instan\u021b\u0103, fiecare decizie trebuie luat\u0103 cu precizie \u0219i viziune.<\/p>\n<p data-start=\"438\" data-end=\"916\">Cu o experien\u021b\u0103 vast\u0103 acumulat\u0103 \u00een <strong data-start=\"473\" data-end=\"503\">peste 15 ani de activitate<\/strong>, echipa PSBH a gestionat cu succes cazuri complexe \u00een toate domeniile de interes practic pentru profesioni\u0219ti \u0219i companii. Ne concentr\u0103m at\u00e2t pe <strong data-start=\"649\" data-end=\"674\">prevenirea disputelor<\/strong>, prin identificarea solu\u021biilor juridice adecvate \u00eenainte ca acestea s\u0103 escaladeze, c\u00e2t \u0219i pe <strong data-start=\"768\" data-end=\"855\">reprezentarea eficient\u0103 \u00een fa\u021ba instan\u021belor de judecat\u0103 \u0219i a tribunalelor arbitrale<\/strong>, pentru a asigura protec\u021bia intereselor clien\u021bilor no\u0219tri.<\/p>\n<p data-start=\"918\" data-end=\"1241\" data-is-last-node=\"\" data-is-only-node=\"\">Abordarea noastr\u0103 combin\u0103 <strong data-start=\"944\" data-end=\"1009\">analiza strategic\u0103, g\u00e2ndirea inovatoare \u0219i expertiza juridic\u0103<\/strong> pentru a transforma provoc\u0103rile \u00een solu\u021bii avantajoase.<\/p>\n<p>Echipa PSBH este integral alocat\u0103 litigiilor, fiecare dintre avoca\u021bii ce o compun av\u00e2nd expertiz\u0103 pe diverse arii de practic\u0103, dup\u0103 cum urmeaz\u0103:<\/p>\n<ul>\n<li>Rela\u021bii comerciale \u0219i insolven\u021b\u0103;<\/li>\n<li>Contencios administrativ;<\/li>\n<li>Dreptul muncii \u0219i conflicte de munc\u0103;<\/li>\n<li>Contencios fiscal;<\/li>\n<li>Proprietate intelectual\u0103;<\/li>\n<li>Drept imobiliar;<\/li>\n<li>Drept civil;<\/li>\n<li>Drept penal \u0219i drept penal al afacerilor;<\/li>\n<li>Achizitii publice \u0219i parteneriate public \u2013 private;<\/li>\n<li>Drept bancar;<\/li>\n<li>Arbitraj na\u021bional \u0219i interna\u021bional.<\/li>\n<\/ul>\n<\/div>\n<\/div>\n<div class=\"wpb_text_column\">\n<div class=\"wpb_wrapper\">\n<h3>Cazuri de referin\u0163\u0103<\/h3>\n<ul>\n<li>PSBH a reprezentat cu succes o societate concentrat\u0103 pe oferirea de servicii de consultan\u021b\u0103 \u00een domeniul construc\u021biilor, \u00een cadrul demersurilor de recuperare a sumelor de bani provenite din contracte de subantrepriz\u0103, direct de la beneficiar. Ca urmare a demersurilor \u00eentreprinse, instan\u021ba de judecat\u0103 a dispus obligarea beneficiarului la plata sumelor de bani solicitate.<\/li>\n<li>PSBH a reprezentat cu succes un dezvoltator imobiliar \u00een cadrul unei ac\u021biuni promovat\u0103 de c\u0103tre locatari, av\u00e2nd ca obiect obligarea dezvoltatorului imobiliar la plata daunelor morale ca urmare a nerespect\u0103rii obliga\u021biei de a face asumate prin contract. Ca urmare a demersurilor realizate, instan\u021ba de judecat\u0103 a dispus respingerea cererii de chemare \u00een judecat\u0103 ca ne\u00eentemeiat\u0103.<\/li>\n<li>PSBH a reprezentat cu succes \u00een cadrul unei ac\u021biuni \u00een revendicare mobiliar\u0103 promovat\u0103 de c\u0103tre client \u00eempotriva unei societ\u0103\u021bi comerciale, \u00een vederea revendic\u0103rii\u00a0 bunurilor mobile de\u021binute f\u0103r\u0103 drept precum \u0219i a ob\u021binerii de desp\u0103gubiri pentru\u00a0 prejudiciul\u00a0 cauzat\u00a0 din\u00a0 lipsa\u00a0 de\u00a0 folosin\u021b\u0103 a bunurilor mobile.<\/li>\n<li>PSBH a reprezentat cu succes interesele unui client \u2013 dezvoltator imobiliar, \u00eentr-un litigiu derivat dintr-un contract de antrepriz\u0103, \u00een care p\u0103r\u021bile au stabilit modalitatea de plat\u0103 ca fiind \u00een compensare cu apartamente. Antreprenorul, de\u0219i nu a executat integral contractul, a solicitat instan\u021bei obligarea beneficiarului lucr\u0103rii la plata sumei de 942.000 lei. Echipa noastr\u0103 a invocat imposibilitatea instan\u021bei de a interveni \u00een contract prin modificarea pre\u021bului, precum \u0219i excep\u021bia de neexecutare a contractului. Solu\u021bia instan\u021bei de judecat\u0103 a fost favorabil\u0103 clientului nostru, acesta fiind exonerat de obliga\u021bia de achitare a sumei de 942.000 lei.<\/li>\n<li>PSBH a asigurat asisten\u021ba \u0219i reprezentarea juridic\u0103 a unui dezvoltator imobiliar \u00eentr-un litigiu av\u00e2nd ca obiect rezolu\u021biune contract, demarat de un furnizor de materiale de construc\u021bii care, \u00een schimbul furniz\u0103rii materialelor \u0219i \u00een limita contravalorii acestora, a acceptat dob\u00e2ndirea unui num\u0103r de apartamente din imobilul edificat. De\u0219i clientul nostru i-a achitat pre\u021bul prin v\u00e2nzarea unor apartamente a c\u0103ror valoare dep\u0103\u0219ea contravaloarea materialelor furnizate, furnizorul a solicitat suplimentarea pre\u021bului cu \u00eenc\u0103 un apartament. Echipa noastr\u0103 a demonstrat netemeinicia cererii reclamantului, ob\u021bin\u00e2nd o hot\u0103r\u00e2re judec\u0103toreasc\u0103 prin care au fost respinse preten\u021biile \u00een cuantum de aproximativ 105.000 Lei.<\/li>\n<\/ul>\n<\/div>\n<\/div>\n\n\t\t<\/div>\n\t<\/div>\n<\/div><\/div><\/div><\/div><div class=\"vc_row wpb_row vc_row-fluid\"><div class=\"wpb_column vc_column_container vc_col-sm-6\"><div class=\"vc_column-inner\"><div class=\"wpb_wrapper\">\n<div class=\"wpcf7 no-js\" id=\"wpcf7-f1938-o1\" lang=\"en-US\" dir=\"ltr\" data-wpcf7-id=\"1938\">\n<div class=\"screen-reader-response\"><p role=\"status\" aria-live=\"polite\" aria-atomic=\"true\"><\/p> <ul><\/ul><\/div>\n<form action=\"\/en\/wp-json\/wp\/v2\/pages\/2353#wpcf7-f1938-o1\" method=\"post\" class=\"wpcf7-form init\" aria-label=\"Contact form\" novalidate=\"novalidate\" data-status=\"init\" data-trp-original-action=\"\/en\/wp-json\/wp\/v2\/pages\/2353#wpcf7-f1938-o1\">\n<div style=\"display: none;\">\n<input type=\"hidden\" name=\"_wpcf7\" value=\"1938\" \/>\n<input type=\"hidden\" name=\"_wpcf7_version\" value=\"6.0.1\" \/>\n<input type=\"hidden\" name=\"_wpcf7_locale\" value=\"en_US\" \/>\n<input type=\"hidden\" name=\"_wpcf7_unit_tag\" value=\"wpcf7-f1938-o1\" \/>\n<input type=\"hidden\" name=\"_wpcf7_container_post\" value=\"0\" \/>\n<input type=\"hidden\" name=\"_wpcf7_posted_data_hash\" value=\"\" \/>\n<\/div>\n<h4>Talk to a legal expert\n<\/h4>\n<p>Share your contact details and one of our experts will get back to you within 24 hours.\n<\/p>\n<div>\n\t<p><label> Nume<\/label><span class=\"wpcf7-form-control-wrap\" data-name=\"your-name\"><input size=\"40\" maxlength=\"400\" class=\"wpcf7-form-control wpcf7-text wpcf7-validates-as-required\" aria-required=\"true\" aria-invalid=\"false\" value=\"\" type=\"text\" name=\"your-name\" \/><\/span>\n\t<\/p>\n<\/div>\n<div>\n\t<p><label> Num\u0103r de telefon<\/label><span class=\"wpcf7-form-control-wrap\" data-name=\"tel-429\"><input size=\"40\" maxlength=\"400\" class=\"wpcf7-form-control wpcf7-tel wpcf7-validates-as-required wpcf7-text wpcf7-validates-as-tel\" aria-required=\"true\" aria-invalid=\"false\" value=\"\" type=\"tel\" name=\"tel-429\" \/><\/span>\n\t<\/p>\n<\/div>\n<div>\n\t<p><label> D\u0103-ne c\u00e2teva detalii<\/label><span class=\"wpcf7-form-control-wrap\" data-name=\"your-message\"><textarea cols=\"40\" rows=\"2\" maxlength=\"2000\" class=\"wpcf7-form-control wpcf7-textarea\" aria-invalid=\"false\" name=\"your-message\"><\/textarea><\/span>\n\t<\/p>\n<\/div>\n<p><input class=\"wpcf7-form-control wpcf7-submit has-spinner os-btn black\" type=\"submit\" value=\"I&#039;d like to receive a call!\" \/>\n<\/p><div class=\"wpcf7-response-output\" aria-hidden=\"true\"><\/div>\n<input type=\"hidden\" name=\"trp-form-language\" value=\"en\"\/><\/form>\n<\/div>\n<\/div><\/div><\/div><div class=\"wpb_column vc_column_container vc_col-sm-6\"><div class=\"vc_column-inner\"><div class=\"wpb_wrapper\">\n\t<div  class=\"wpb_single_image wpb_content_element vc_align_left\">\n\t\t\n\t\t<figure class=\"wpb_wrapper vc_figure\">\n\t\t\t<div class=\"vc_single_image-wrapper   vc_box_border_grey\"><img loading=\"lazy\" decoding=\"async\" width=\"2000\" height=\"2000\" src=\"https:\/\/new.psbh.ro\/wp-content\/uploads\/2025\/01\/psbh-brosura-patrata.jpg\" class=\"vc_single_image-img attachment-full\" alt=\"\" srcset=\"https:\/\/new.psbh.ro\/wp-content\/uploads\/2025\/01\/psbh-brosura-patrata.jpg 2000w, https:\/\/new.psbh.ro\/wp-content\/uploads\/2025\/01\/psbh-brosura-patrata-300x300.jpg 300w, https:\/\/new.psbh.ro\/wp-content\/uploads\/2025\/01\/psbh-brosura-patrata-1024x1024.jpg 1024w, https:\/\/new.psbh.ro\/wp-content\/uploads\/2025\/01\/psbh-brosura-patrata-150x150.jpg 150w, https:\/\/new.psbh.ro\/wp-content\/uploads\/2025\/01\/psbh-brosura-patrata-768x768.jpg 768w, https:\/\/new.psbh.ro\/wp-content\/uploads\/2025\/01\/psbh-brosura-patrata-1536x1536.jpg 1536w, https:\/\/new.psbh.ro\/wp-content\/uploads\/2025\/01\/psbh-brosura-patrata-500x500.jpg 500w, https:\/\/new.psbh.ro\/wp-content\/uploads\/2025\/01\/psbh-brosura-patrata-400x400.jpg 400w, https:\/\/new.psbh.ro\/wp-content\/uploads\/2025\/01\/psbh-brosura-patrata-1300x1300.jpg 1300w, https:\/\/new.psbh.ro\/wp-content\/uploads\/2025\/01\/psbh-brosura-patrata-600x600.jpg 600w, https:\/\/new.psbh.ro\/wp-content\/uploads\/2025\/01\/psbh-brosura-patrata-100x100.jpg 100w, https:\/\/new.psbh.ro\/wp-content\/uploads\/2025\/01\/psbh-brosura-patrata-250x250.jpg 250w\" sizes=\"auto, (max-width: 2000px) 100vw, 2000px\" \/><\/div>\n\t\t<\/figure>\n\t<\/div>\n<\/div><\/div><\/div><\/div>","protected":false},"excerpt":{"rendered":"Litigiile sunt o realitate inevitabil\u0103 \u00een mediul de afaceri, iar gestionarea acestora necesit\u0103 nu doar expertiz\u0103 juridic\u0103, ci \u0219i o strategie clar\u0103 \u0219i orientat\u0103 spre rezultate. Indiferent dac\u0103 este vorba despre prevenirea conflictelor, solu\u021bionarea amiabil\u0103 sau reprezentarea ferm\u0103 \u00een instan\u021b\u0103, fiecare decizie trebuie luat\u0103 cu precizie \u0219i viziune. Cu o experien\u021b\u0103 vast\u0103 acumulat\u0103 \u00een peste...<div class=\"[...]\"><a href=\"https:\/\/new.psbh.ro\/en\/litigii-arbitraj\/\">Read More<\/a><\/div>","protected":false},"author":1,"featured_media":0,"parent":0,"menu_order":0,"comment_status":"closed","ping_status":"closed","template":"","meta":{"footnotes":""},"class_list":["post-2353","page","type-page","status-publish","hentry"],"_links":{"self":[{"href":"https:\/\/new.psbh.ro\/en\/wp-json\/wp\/v2\/pages\/2353","targetHints":{"allow":["GET"]}}],"collection":[{"href":"https:\/\/new.psbh.ro\/en\/wp-json\/wp\/v2\/pages"}],"about":[{"href":"https:\/\/new.psbh.ro\/en\/wp-json\/wp\/v2\/types\/page"}],"author":[{"embeddable":true,"href":"https:\/\/new.psbh.ro\/en\/wp-json\/wp\/v2\/users\/1"}],"replies":[{"embeddable":true,"href":"https:\/\/new.psbh.ro\/en\/wp-json\/wp\/v2\/comments?post=2353"}],"version-history":[{"count":5,"href":"https:\/\/new.psbh.ro\/en\/wp-json\/wp\/v2\/pages\/2353\/revisions"}],"predecessor-version":[{"id":2462,"href":"https:\/\/new.psbh.ro\/en\/wp-json\/wp\/v2\/pages\/2353\/revisions\/2462"}],"wp:attachment":[{"href":"https:\/\/new.psbh.ro\/en\/wp-json\/wp\/v2\/media?parent=2353"}],"curies":[{"name":"wp","href":"https:\/\/api.w.org\/{rel}","templated":true}]}}