{"id":2391,"date":"2025-02-24T12:54:15","date_gmt":"2025-02-24T12:54:15","guid":{"rendered":"https:\/\/new.psbh.ro\/?page_id=2391"},"modified":"2025-02-24T15:49:45","modified_gmt":"2025-02-24T15:49:45","slug":"consultanta-fiscala","status":"publish","type":"page","link":"https:\/\/new.psbh.ro\/en\/consultanta-fiscala\/","title":{"rendered":"Consultan\u021b\u0103 fiscal\u0103"},"content":{"rendered":"<div class=\"vc_row wpb_row vc_row-fluid\"><div class=\"wpb_column vc_column_container vc_col-sm-12\"><div class=\"vc_column-inner\"><div class=\"wpb_wrapper\">\n\t<div class=\"wpb_text_column wpb_content_element\" >\n\t\t<div class=\"wpb_wrapper\">\n\t\t\t<p data-start=\"82\" data-end=\"446\">\u00centr-un mediu economic \u00een continu\u0103 schimbare, gestionarea corect\u0103 a obliga\u021biilor fiscale este esen\u021bial\u0103 pentru siguran\u021ba \u0219i dezvoltarea oric\u0103rei afaceri. Fie c\u0103 este vorba despre tranzac\u021bii curente sau despre decizii strategice cu impact major asupra companiei, o abordare fiscal\u0103 bine fundamentat\u0103 poate preveni riscuri \u0219i poate optimiza performan\u021ba financiar\u0103.<\/p>\n<p data-start=\"448\" data-end=\"801\">Echipa PSBH ofer\u0103 <strong data-start=\"466\" data-end=\"503\">consultan\u021b\u0103 fiscal\u0103 personalizat\u0103<\/strong>, r\u0103spunz\u00e2nd tuturor \u00eentreb\u0103rilor legate de fiscalitate \u2013 de la opera\u021biuni zilnice la schimb\u0103ri structurale \u00een afacere. Abordarea noastr\u0103 pune un accent deosebit pe <strong data-start=\"668\" data-end=\"681\">preven\u021bie<\/strong>, oferind clien\u021bilor no\u0219tri suport \u00eenc\u0103 de la \u00eenceputul oric\u0103rui proiect \u0219i pe tot parcursul desf\u0103\u0219ur\u0103rii activit\u0103\u021bii.<\/p>\n<p data-start=\"803\" data-end=\"1185\" data-is-last-node=\"\" data-is-only-node=\"\">Prin expertiza noastr\u0103, ne asigur\u0103m c\u0103 partenerii no\u0219tri sunt mereu informa\u021bi, c\u0103 \u00ee\u0219i respect\u0103 obliga\u021biile fiscale \u0219i c\u0103 iau decizii \u00een cuno\u0219tin\u021b\u0103 de cauz\u0103, evit\u00e2nd problemele de conformitate \u0219i valorific\u00e2nd oportunit\u0103\u021bile existente. Cu PSBH, ai acces la solu\u021bii fiscale strategice, care \u00ee\u021bi ofer\u0103 <strong data-start=\"1101\" data-end=\"1184\">claritate, control \u0219i siguran\u021b\u0103 \u00een toate demersurile fiscale ale companiei tale<\/strong>.<\/p>\n<p>Astfel, f\u0103r\u0103 a ne limita la acestea, detaliem c\u00e2teva dintre serviciile de consultan\u021b\u0103 fiscal\u0103 oferite:<\/p>\n<ul>\n<li>Consultan\u021b\u0103 fiscal\u0103 \u00een vederea alegerii formei de organizare potrivite fiec\u0103rui tip de business;<\/li>\n<li>Consultan\u021b\u0103 fiscal\u0103 \u00een vederea desf\u0103\u0219ur\u0103rii activit\u0103\u021bii societ\u0103\u021bilor nou \u00eenfiin\u021bate \u0219i celor existente;<\/li>\n<li>Consultan\u021b\u0103 fiscal\u0103 referitoare la taxele \u0219i impozitele datorate de c\u0103tre persoanele fizice \u0219i juridice, indiferent de forma de organizare a acestora (S.R.L., S.A., O.N.G., P.F.A., I.I., I.F., Profesii Liberale, etc.);<\/li>\n<li>Consultan\u021b\u0103 fiscal\u0103 \u0219i due diligence cu privire la orice tip de tranzac\u021bii (achizi\u021bii, cesiuni, finan\u021b\u0103ri, reorganiz\u0103ri, investi\u021bii, fuziuni, diviz\u0103ri, etc.);<\/li>\n<li>Consultan\u021b\u0103 fiscal\u0103 referitoare la implementarea tranzac\u021biilor;<\/li>\n<li>Consultan\u021b\u0103 fiscal\u0103 privind planificarea structurilor de tip holding;<\/li>\n<li>Consultan\u021b\u0103 fiscal\u0103 referitoare la taxa pe valoare ad\u0103ugat\u0103;<\/li>\n<li>Consultan\u021b\u0103 fiscal\u0103 privind rambursarea de TVA;<\/li>\n<li>Consultan\u021b\u0103 fiscal\u0103 referitoare la modificarea vectorului fiscal al societ\u0103\u021bii.<\/li>\n<\/ul>\n\n\t\t<\/div>\n\t<\/div>\n<\/div><\/div><\/div><\/div><div class=\"vc_row wpb_row vc_row-fluid\"><div class=\"wpb_column vc_column_container vc_col-sm-6\"><div class=\"vc_column-inner\"><div class=\"wpb_wrapper\">\n\t<div class=\"wpb_text_column wpb_content_element\" >\n\t\t<div class=\"wpb_wrapper\">\n\t\t\t<div class=\"wpb_text_column\">\n<div class=\"wpb_wrapper\">\n<h3><strong>Ai o \u00eentrebare \u00een materie de fiscalitate?<\/strong><\/h3>\n<h3><strong><span style=\"color: #993366;\">PSBH Popescu, Nicolau &amp; Asocia\u021bii<\/span><\/strong><\/h3>\n<\/div>\n<\/div>\n<div class=\"w-text us_custom_c901145c contactlink\" style=\"text-align: left;\"><strong><span class=\"w-text-h\"><span class=\"w-text-value\">Adres\u0103: Str. Remus nr. 1-3, etaj 5, sector 3, Bucure\u015fti<\/span><\/span><\/strong><\/div>\n<div class=\"w-text us_custom_c901145c contactlink\"><strong>Num\u0103r de telefon<span class=\"w-text-h\"><span class=\"w-text-value\">: <\/span><\/span><a class=\"w-text-h\" href=\"tel:0040314257193\"><i class=\"fas fa-phone\"><\/i><span class=\"w-text-value\">(004) 031 425 7193<\/span><\/a><\/strong><\/div>\n<div><strong>Fax<span class=\"w-text-h\"><span class=\"w-text-value\">: <a class=\"w-text-h\" href=\"tel:0040314257194\"><i class=\"fas fa-phone\"><\/i>(004) 031 425 7194<\/a><\/span><\/span><\/strong><\/div>\n<div><strong><span class=\"w-text-h\"><span class=\"w-text-value\">Email: <\/span><\/span><i class=\"fas fa-envelope\"><\/i><span class=\"w-text-value\"><a class=\"w-text-h\" href=\"mailto:office@psbh.ro\">office@psbh.ro<\/a><\/span><\/strong><\/div>\n<h3><strong><span style=\"color: #993366;\"><img loading=\"lazy\" decoding=\"async\" class=\"alignnone size-medium wp-image-2216\" src=\"https:\/\/new.psbh.ro\/wp-content\/uploads\/2024\/12\/Untitled-design-1-300x188.jpg\" alt=\"\" width=\"300\" height=\"188\" srcset=\"https:\/\/new.psbh.ro\/wp-content\/uploads\/2024\/12\/Untitled-design-1-300x188.jpg 300w, https:\/\/new.psbh.ro\/wp-content\/uploads\/2024\/12\/Untitled-design-1-1024x640.jpg 1024w, https:\/\/new.psbh.ro\/wp-content\/uploads\/2024\/12\/Untitled-design-1-768x480.jpg 768w, https:\/\/new.psbh.ro\/wp-content\/uploads\/2024\/12\/Untitled-design-1-500x313.jpg 500w, https:\/\/new.psbh.ro\/wp-content\/uploads\/2024\/12\/Untitled-design-1-1300x813.jpg 1300w, https:\/\/new.psbh.ro\/wp-content\/uploads\/2024\/12\/Untitled-design-1-600x375.jpg 600w, https:\/\/new.psbh.ro\/wp-content\/uploads\/2024\/12\/Untitled-design-1.jpg 1440w\" sizes=\"auto, (max-width: 300px) 100vw, 300px\" \/><\/span><\/strong><\/h3>\n\n\t\t<\/div>\n\t<\/div>\n<\/div><\/div><\/div><\/div>","protected":false},"excerpt":{"rendered":"\u00centr-un mediu economic \u00een continu\u0103 schimbare, gestionarea corect\u0103 a obliga\u021biilor fiscale este esen\u021bial\u0103 pentru siguran\u021ba \u0219i dezvoltarea oric\u0103rei afaceri. Fie c\u0103 este vorba despre tranzac\u021bii curente sau despre decizii strategice cu impact major asupra companiei, o abordare fiscal\u0103 bine fundamentat\u0103 poate preveni riscuri \u0219i poate optimiza performan\u021ba financiar\u0103. Echipa PSBH ofer\u0103 consultan\u021b\u0103 fiscal\u0103 personalizat\u0103, r\u0103spunz\u00e2nd...<div class=\"[...]\"><a href=\"https:\/\/new.psbh.ro\/en\/consultanta-fiscala\/\">Read More<\/a><\/div>","protected":false},"author":1,"featured_media":0,"parent":0,"menu_order":0,"comment_status":"closed","ping_status":"closed","template":"","meta":{"footnotes":""},"class_list":["post-2391","page","type-page","status-publish","hentry"],"_links":{"self":[{"href":"https:\/\/new.psbh.ro\/en\/wp-json\/wp\/v2\/pages\/2391","targetHints":{"allow":["GET"]}}],"collection":[{"href":"https:\/\/new.psbh.ro\/en\/wp-json\/wp\/v2\/pages"}],"about":[{"href":"https:\/\/new.psbh.ro\/en\/wp-json\/wp\/v2\/types\/page"}],"author":[{"embeddable":true,"href":"https:\/\/new.psbh.ro\/en\/wp-json\/wp\/v2\/users\/1"}],"replies":[{"embeddable":true,"href":"https:\/\/new.psbh.ro\/en\/wp-json\/wp\/v2\/comments?post=2391"}],"version-history":[{"count":5,"href":"https:\/\/new.psbh.ro\/en\/wp-json\/wp\/v2\/pages\/2391\/revisions"}],"predecessor-version":[{"id":2460,"href":"https:\/\/new.psbh.ro\/en\/wp-json\/wp\/v2\/pages\/2391\/revisions\/2460"}],"wp:attachment":[{"href":"https:\/\/new.psbh.ro\/en\/wp-json\/wp\/v2\/media?parent=2391"}],"curies":[{"name":"wp","href":"https:\/\/api.w.org\/{rel}","templated":true}]}}