{"id":2393,"date":"2025-02-24T12:54:15","date_gmt":"2025-02-24T12:54:15","guid":{"rendered":"https:\/\/new.psbh.ro\/?page_id=2393"},"modified":"2025-02-24T15:46:32","modified_gmt":"2025-02-24T15:46:32","slug":"optimizare-fiscala","status":"publish","type":"page","link":"https:\/\/new.psbh.ro\/en\/optimizare-fiscala\/","title":{"rendered":"Optimizare fiscal\u0103"},"content":{"rendered":"<div class=\"vc_row wpb_row vc_row-fluid\"><div class=\"wpb_column vc_column_container vc_col-sm-12\"><div class=\"vc_column-inner\"><div class=\"wpb_wrapper\">\n\t<div class=\"wpb_text_column wpb_content_element\" >\n\t\t<div class=\"wpb_wrapper\">\n\t\t\t<p class=\"p1\">\u00centr-un mediu fiscal dinamic \u0219i imprevizibil, antreprenorii \u0219i companiile se confrunt\u0103 constant cu provoc\u0103ri legate de conformitatea fiscal\u0103, obliga\u021biile declarative \u0219i impactul taxelor asupra profitabilit\u0103\u021bii. Schimb\u0103rile legislative frecvente pot aduce at\u00e2t riscuri semnificative, c\u00e2t \u0219i oportunit\u0103\u021bi pentru reducerea poverii fiscale, \u00eens\u0103 gestionarea eficient\u0103 a acestor aspecte necesit\u0103 o strategie bine definit\u0103 \u0219i o \u00een\u021belegere profund\u0103 a reglement\u0103rilor \u00een vigoare.<\/p>\n<p class=\"p1\">Optimizarea fiscal\u0103 nu se rezum\u0103 doar la reducerea taxelor \u0219i impozitelor, ci \u0219i la implementarea unor politici inteligente care s\u0103 asigure stabilitatea financiar\u0103 a companiei \u0219i s\u0103 sprijine cre\u0219terea acesteia. O strategie fiscal\u0103 bine construit\u0103 poate genera economii importante, eliber\u00e2nd resurse financiare pentru investi\u021bii, dezvoltare \u0219i consolidarea pozi\u021biei pe pia\u021b\u0103. Pe de alt\u0103 parte, o abordare gre\u0219it\u0103 sau o interpretare eronat\u0103 a legisla\u021biei poate avea consecin\u021be negative, inclusiv sanc\u021biuni \u0219i blocaje opera\u021bionale.<\/p>\n<p class=\"p1\">Echipa PSBH ofer\u0103 <b>solu\u021bii personalizate de optimizare fiscal\u0103<\/b>, adaptate specificului fiec\u0103rui sector de activitate. Ne concentr\u0103m pe identificarea celor mai eficiente structuri fiscale, utilizarea facilit\u0103\u021bilor legale disponibile \u0219i prevenirea riscurilor asociate unei gestion\u0103ri fiscale defectuoase. Prin expertiza noastr\u0103, ajut\u0103m clien\u021bii s\u0103-\u0219i reduc\u0103 povara fiscal\u0103 \u00eentr-un mod perfect legal, s\u0103-\u0219i optimizeze fluxurile financiare \u0219i s\u0103-\u0219i maximizeze capacitatea de investi\u021bie, asigur\u00e2ndu-le astfel un avantaj competitiv sustenabil.<\/p>\n\n\t\t<\/div>\n\t<\/div>\n<\/div><\/div><\/div><\/div><div class=\"vc_row wpb_row vc_row-fluid\"><div class=\"wpb_column vc_column_container vc_col-sm-12\"><div class=\"vc_column-inner\"><div class=\"wpb_wrapper\">\n\t<div class=\"wpb_text_column wpb_content_element\" >\n\t\t<div class=\"wpb_wrapper\">\n\t\t\t<div class=\"wpb_text_column\">\n<div class=\"wpb_wrapper\">\n<h3><strong>Ai o \u00eentrebare \u00een materie de fiscalitate?<\/strong><\/h3>\n<h3><strong><span style=\"color: #993366;\">PSBH Popescu, Nicolau &amp; Asocia\u021bii<\/span><\/strong><\/h3>\n<\/div>\n<\/div>\n<div class=\"w-text us_custom_c901145c contactlink\" style=\"text-align: left;\"><strong><span class=\"w-text-h\"><span class=\"w-text-value\">Adres\u0103: Str. Remus nr. 1-3, etaj 5, sector 3, Bucure\u015fti<\/span><\/span><\/strong><\/div>\n<div class=\"w-text us_custom_c901145c contactlink\"><strong>Num\u0103r de telefon<span class=\"w-text-h\"><span class=\"w-text-value\">: <\/span><\/span><a class=\"w-text-h\" href=\"tel:0040314257193\"><i class=\"fas fa-phone\"><\/i><span class=\"w-text-value\">(004) 031 425 7193<\/span><\/a><\/strong><\/div>\n<div><strong>Fax<span class=\"w-text-h\"><span class=\"w-text-value\">: <a class=\"w-text-h\" href=\"tel:0040314257194\"><i class=\"fas fa-phone\"><\/i>(004) 031 425 7194<\/a><\/span><\/span><\/strong><\/div>\n<div><strong><span class=\"w-text-h\"><span class=\"w-text-value\">Email: <\/span><\/span><i class=\"fas fa-envelope\"><\/i><span class=\"w-text-value\"><a class=\"w-text-h\" href=\"mailto:office@psbh.ro\">office@psbh.ro<\/a><\/span><\/strong><\/div>\n<h3><strong><span style=\"color: #993366;\"><img loading=\"lazy\" decoding=\"async\" class=\"alignnone size-medium wp-image-2216\" src=\"https:\/\/new.psbh.ro\/wp-content\/uploads\/2024\/12\/Untitled-design-1-300x188.jpg\" alt=\"\" width=\"300\" height=\"188\" srcset=\"https:\/\/new.psbh.ro\/wp-content\/uploads\/2024\/12\/Untitled-design-1-300x188.jpg 300w, https:\/\/new.psbh.ro\/wp-content\/uploads\/2024\/12\/Untitled-design-1-1024x640.jpg 1024w, https:\/\/new.psbh.ro\/wp-content\/uploads\/2024\/12\/Untitled-design-1-768x480.jpg 768w, https:\/\/new.psbh.ro\/wp-content\/uploads\/2024\/12\/Untitled-design-1-500x313.jpg 500w, https:\/\/new.psbh.ro\/wp-content\/uploads\/2024\/12\/Untitled-design-1-1300x813.jpg 1300w, https:\/\/new.psbh.ro\/wp-content\/uploads\/2024\/12\/Untitled-design-1-600x375.jpg 600w, https:\/\/new.psbh.ro\/wp-content\/uploads\/2024\/12\/Untitled-design-1.jpg 1440w\" sizes=\"auto, (max-width: 300px) 100vw, 300px\" \/><\/span><\/strong><\/h3>\n\n\t\t<\/div>\n\t<\/div>\n<\/div><\/div><\/div><\/div>","protected":false},"excerpt":{"rendered":"\u00centr-un mediu fiscal dinamic \u0219i imprevizibil, antreprenorii \u0219i companiile se confrunt\u0103 constant cu provoc\u0103ri legate de conformitatea fiscal\u0103, obliga\u021biile declarative \u0219i impactul taxelor asupra profitabilit\u0103\u021bii. Schimb\u0103rile legislative frecvente pot aduce at\u00e2t riscuri semnificative, c\u00e2t \u0219i oportunit\u0103\u021bi pentru reducerea poverii fiscale, \u00eens\u0103 gestionarea eficient\u0103 a acestor aspecte necesit\u0103 o strategie bine definit\u0103 \u0219i o \u00een\u021belegere profund\u0103...<div class=\"[...]\"><a href=\"https:\/\/new.psbh.ro\/en\/optimizare-fiscala\/\">Read More<\/a><\/div>","protected":false},"author":1,"featured_media":0,"parent":0,"menu_order":0,"comment_status":"closed","ping_status":"closed","template":"","meta":{"footnotes":""},"class_list":["post-2393","page","type-page","status-publish","hentry"],"_links":{"self":[{"href":"https:\/\/new.psbh.ro\/en\/wp-json\/wp\/v2\/pages\/2393","targetHints":{"allow":["GET"]}}],"collection":[{"href":"https:\/\/new.psbh.ro\/en\/wp-json\/wp\/v2\/pages"}],"about":[{"href":"https:\/\/new.psbh.ro\/en\/wp-json\/wp\/v2\/types\/page"}],"author":[{"embeddable":true,"href":"https:\/\/new.psbh.ro\/en\/wp-json\/wp\/v2\/users\/1"}],"replies":[{"embeddable":true,"href":"https:\/\/new.psbh.ro\/en\/wp-json\/wp\/v2\/comments?post=2393"}],"version-history":[{"count":4,"href":"https:\/\/new.psbh.ro\/en\/wp-json\/wp\/v2\/pages\/2393\/revisions"}],"predecessor-version":[{"id":2459,"href":"https:\/\/new.psbh.ro\/en\/wp-json\/wp\/v2\/pages\/2393\/revisions\/2459"}],"wp:attachment":[{"href":"https:\/\/new.psbh.ro\/en\/wp-json\/wp\/v2\/media?parent=2393"}],"curies":[{"name":"wp","href":"https:\/\/api.w.org\/{rel}","templated":true}]}}