{"id":2395,"date":"2025-02-24T12:54:15","date_gmt":"2025-02-24T12:54:15","guid":{"rendered":"https:\/\/new.psbh.ro\/?page_id=2395"},"modified":"2025-02-24T13:17:19","modified_gmt":"2025-02-24T13:17:19","slug":"servicii-financiar-contabile","status":"publish","type":"page","link":"https:\/\/new.psbh.ro\/en\/servicii-financiar-contabile\/","title":{"rendered":"Servicii financiar contabile"},"content":{"rendered":"<div class=\"vc_row wpb_row vc_row-fluid\"><div class=\"wpb_column vc_column_container vc_col-sm-12\"><div class=\"vc_column-inner\"><div class=\"wpb_wrapper\">\n\t<div class=\"wpb_text_column wpb_content_element\" >\n\t\t<div class=\"wpb_wrapper\">\n\t\t\t<p>\u0218tim c\u00e2t de important\u0103 este afacerea sa pentru orice antreprenor iar aspectele contabile \u0219i fiscale sunt probabil cele care conteaz\u0103 cel mai mult. De ce? Pentru c\u0103 pur \u0219i simplu nu \u00ee\u0219i permit s\u0103 rateze termenele limit\u0103 sau s\u0103 interpreteze ceva gre\u0219it atunci c\u00e2nd vine vorba de rela\u021bia cu statul \u0219i cu institu\u021biile acestuia.<\/p>\n<p>Acesta este unul din motivele pentru care ne ajut\u0103m partenerii s\u0103 fac\u0103 fa\u021b\u0103 legisla\u021biei, regulamentelor \u0219i regulilor fiscale cu care nu sunt foarte familiariza\u021bi sau despre care nu \u021bin neap\u0103rat s\u0103 afle mai multe.<\/p>\n<p>A\u0219adar, acestea sunt c\u00e2teva dintre serviciile financiar-contabile pe care le oferim:<\/p>\n<ul>\n<li>Organizarea \u0219i conducerea activit\u0103\u021bilor specifice de eviden\u021b\u0103 contabil\u0103;<\/li>\n<li>Prelucrarea \u0219i operarea documentelor contabile;<\/li>\n<li>\u021ainerea eviden\u021bei contabile complete;<\/li>\n<li>\u00centocmirea jurnalelor contabile prev\u0103zute de lege;<\/li>\n<li>\u00centocmirea balan\u021bei de verificare \u0219i balan\u021bei analitice;<\/li>\n<li>\u00centocmirea \u0219i depunerea declara\u021biilor lunare, trimestriale, semestriale sau anuale \u00een func\u021bie de forma de organizare a partenerului nostru;<\/li>\n<li>\u00centocmirea, certificarea \u0219i depunerea situa\u021biilor financiare (bilan\u021burilor contabile) anuale, semestriale sau intermediare, conform legisla\u021biei \u00een vigoare;<\/li>\n<li>Calculul obliga\u021biilor de plat\u0103 lunare, trimestriale, semestriale sau anuale (impozit pe venit, impozit pe profit, impozit pe dividende, taxa pe valoare ad\u0103ugat\u0103, taxe \u0219i contribu\u021bii pentru angaja\u021bi, etc. );<\/li>\n<li>\u00centocmirea ordinelor de plat\u0103 pentru plata taxelor \u0219i impozitelor;<\/li>\n<li>\u00centocmirea rapoartelor personalizate pentru management;<\/li>\n<li>Revizuirea eviden\u021belor contabile;<\/li>\n<li>Efectuarea pl\u0103\u021bilor prin internet banking \u00een baza unei liste de pl\u0103\u021bi aprobate de partener;<\/li>\n<li>\u00cenregistrarea la Administra\u021bia Finan\u021belor Publice a modific\u0103rilor vectorului fiscal;<\/li>\n<li>\u00centocmirea \u0219i transmiterea inform\u0103rilor periodice privind schimb\u0103rile legislative fiscale de interes pentru parteneri;<\/li>\n<li>Asisten\u021ba partenerilor \u00een inventarierea anual\u0103 sau periodic\u0103 a activelor companiei;<\/li>\n<li>\u00centocmirea \u0219i transmiterea rapoartelor statistice solicitate de Banca Na\u021bional\u0103 a Rom\u00e2niei sau Institutul Na\u021bional de Statistic\u0103;<\/li>\n<li>Revizuirea sau \u00eentocmirea Manualului de Politici \u0219i Proceduri Contabile.<\/li>\n<\/ul>\n\n\t\t<\/div>\n\t<\/div>\n<\/div><\/div><\/div><\/div><div class=\"vc_row wpb_row vc_row-fluid\"><div class=\"wpb_column vc_column_container vc_col-sm-12\"><div class=\"vc_column-inner\"><div class=\"wpb_wrapper\">\n\t<div class=\"wpb_text_column wpb_content_element\" >\n\t\t<div class=\"wpb_wrapper\">\n\t\t\t<div class=\"wpb_text_column\">\n<div class=\"wpb_wrapper\">\n<h3><strong>Ai o \u00eentrebare? Vorbe\u0219te cu unul din speciali\u0219tii no\u0219tri.<\/strong><\/h3>\n<h3><strong><span style=\"color: #993366;\">PSBH Popescu, Nicolau &amp; Asocia\u021bii<\/span><\/strong><\/h3>\n<\/div>\n<\/div>\n<div class=\"w-text us_custom_c901145c contactlink\" style=\"text-align: left;\"><strong><span class=\"w-text-h\"><span class=\"w-text-value\">Adres\u0103: Str. Remus nr. 1-3, etaj 5, sector 3, Bucure\u015fti<\/span><\/span><\/strong><\/div>\n<div class=\"w-text us_custom_c901145c contactlink\"><strong>Num\u0103r de telefon<span class=\"w-text-h\"><span class=\"w-text-value\">: <\/span><\/span><a class=\"w-text-h\" href=\"tel:0040314257193\"><i class=\"fas fa-phone\"><\/i><span class=\"w-text-value\">(004) 031 425 7193<\/span><\/a><\/strong><\/div>\n<div><strong>Fax<span class=\"w-text-h\"><span class=\"w-text-value\">: <a class=\"w-text-h\" href=\"tel:0040314257194\"><i class=\"fas fa-phone\"><\/i>(004) 031 425 7194<\/a><\/span><\/span><\/strong><\/div>\n<div><strong><span class=\"w-text-h\"><span class=\"w-text-value\">Email: <\/span><\/span><i class=\"fas fa-envelope\"><\/i><span class=\"w-text-value\"><a class=\"w-text-h\" href=\"mailto:office@psbh.ro\">office@psbh.ro<\/a><\/span><\/strong><\/div>\n<h3><strong><span style=\"color: #993366;\"><img loading=\"lazy\" decoding=\"async\" class=\"alignnone size-medium wp-image-2216\" src=\"https:\/\/new.psbh.ro\/wp-content\/uploads\/2024\/12\/Untitled-design-1-300x188.jpg\" alt=\"\" width=\"300\" height=\"188\" srcset=\"https:\/\/new.psbh.ro\/wp-content\/uploads\/2024\/12\/Untitled-design-1-300x188.jpg 300w, https:\/\/new.psbh.ro\/wp-content\/uploads\/2024\/12\/Untitled-design-1-1024x640.jpg 1024w, https:\/\/new.psbh.ro\/wp-content\/uploads\/2024\/12\/Untitled-design-1-768x480.jpg 768w, https:\/\/new.psbh.ro\/wp-content\/uploads\/2024\/12\/Untitled-design-1-500x313.jpg 500w, https:\/\/new.psbh.ro\/wp-content\/uploads\/2024\/12\/Untitled-design-1-1300x813.jpg 1300w, https:\/\/new.psbh.ro\/wp-content\/uploads\/2024\/12\/Untitled-design-1-600x375.jpg 600w, https:\/\/new.psbh.ro\/wp-content\/uploads\/2024\/12\/Untitled-design-1.jpg 1440w\" sizes=\"auto, (max-width: 300px) 100vw, 300px\" \/><\/span><\/strong><\/h3>\n\n\t\t<\/div>\n\t<\/div>\n<\/div><\/div><\/div><\/div>","protected":false},"excerpt":{"rendered":"\u0218tim c\u00e2t de important\u0103 este afacerea sa pentru orice antreprenor iar aspectele contabile \u0219i fiscale sunt probabil cele care conteaz\u0103 cel mai mult. De ce? Pentru c\u0103 pur \u0219i simplu nu \u00ee\u0219i permit s\u0103 rateze termenele limit\u0103 sau s\u0103 interpreteze ceva gre\u0219it atunci c\u00e2nd vine vorba de rela\u021bia cu statul \u0219i cu institu\u021biile acestuia. Acesta...<div class=\"[...]\"><a href=\"https:\/\/new.psbh.ro\/en\/servicii-financiar-contabile\/\">Read More<\/a><\/div>","protected":false},"author":1,"featured_media":0,"parent":0,"menu_order":0,"comment_status":"closed","ping_status":"closed","template":"","meta":{"footnotes":""},"class_list":["post-2395","page","type-page","status-publish","hentry"],"_links":{"self":[{"href":"https:\/\/new.psbh.ro\/en\/wp-json\/wp\/v2\/pages\/2395","targetHints":{"allow":["GET"]}}],"collection":[{"href":"https:\/\/new.psbh.ro\/en\/wp-json\/wp\/v2\/pages"}],"about":[{"href":"https:\/\/new.psbh.ro\/en\/wp-json\/wp\/v2\/types\/page"}],"author":[{"embeddable":true,"href":"https:\/\/new.psbh.ro\/en\/wp-json\/wp\/v2\/users\/1"}],"replies":[{"embeddable":true,"href":"https:\/\/new.psbh.ro\/en\/wp-json\/wp\/v2\/comments?post=2395"}],"version-history":[{"count":3,"href":"https:\/\/new.psbh.ro\/en\/wp-json\/wp\/v2\/pages\/2395\/revisions"}],"predecessor-version":[{"id":2427,"href":"https:\/\/new.psbh.ro\/en\/wp-json\/wp\/v2\/pages\/2395\/revisions\/2427"}],"wp:attachment":[{"href":"https:\/\/new.psbh.ro\/en\/wp-json\/wp\/v2\/media?parent=2395"}],"curies":[{"name":"wp","href":"https:\/\/api.w.org\/{rel}","templated":true}]}}