{"id":2397,"date":"2025-02-24T12:54:15","date_gmt":"2025-02-24T12:54:15","guid":{"rendered":"https:\/\/new.psbh.ro\/?page_id=2397"},"modified":"2025-02-24T15:55:41","modified_gmt":"2025-02-24T15:55:41","slug":"legalitatea-resurselor-umane","status":"publish","type":"page","link":"https:\/\/new.psbh.ro\/en\/legalitatea-resurselor-umane\/","title":{"rendered":"Legalitatea resurselor umane"},"content":{"rendered":"<div class=\"vc_row wpb_row vc_row-fluid\"><div class=\"wpb_column vc_column_container vc_col-sm-12\"><div class=\"vc_column-inner\"><div class=\"wpb_wrapper\">\n\t<div class=\"wpb_text_column wpb_content_element\" >\n\t\t<div class=\"wpb_wrapper\">\n\t\t\t<div class=\"l-canvas type_wide wpml_lang_ro\">\n<p data-start=\"96\" data-end=\"504\">\u00centr-un mediu legislativ complex \u0219i \u00een continu\u0103 schimbare, gestionarea corect\u0103 a resurselor umane nu este doar o cerin\u021b\u0103 administrativ\u0103, ci o necesitate esen\u021bial\u0103 pentru orice companie care dore\u0219te s\u0103 evite riscurile \u0219i sanc\u021biunile severe. O eroare \u00een eviden\u021ba personalului poate atrage amenzi substan\u021biale, litigii costisitoare \u0219i chiar sanc\u021biuni de natur\u0103 penal\u0103, pun\u00e2nd \u00een pericol stabilitatea afacerii.<\/p>\n<p data-start=\"506\" data-end=\"935\">Echipa PSBH ofer\u0103 <strong data-start=\"524\" data-end=\"588\">asisten\u021b\u0103 juridic\u0103 specializat\u0103 \u00een domeniul resurselor umane<\/strong>, acoperind toate aspectele legale, de la gestionarea corect\u0103 a contractelor de munc\u0103 \u0219i a politicilor interne, p\u00e2n\u0103 la sprijin \u00een cazul inspec\u021biilor \u0219i conflictelor de munc\u0103. Ne asigur\u0103m c\u0103 fiecare client beneficiaz\u0103 de <strong data-start=\"809\" data-end=\"839\">solu\u021bii conforme \u0219i sigure<\/strong>, fie c\u0103 este vorba despre opera\u021biuni curente sau schimb\u0103ri strategice \u00een structura companiei.<\/p>\n<p data-start=\"937\" data-end=\"1273\" data-is-last-node=\"\" data-is-only-node=\"\">\u00cen plus, oferim <strong data-start=\"953\" data-end=\"1013\">verific\u0103ri am\u0103nun\u021bite ale proceselor \u0219i documenta\u021biei HR<\/strong>, astfel \u00eenc\u00e2t orice poten\u021bial\u0103 problem\u0103 s\u0103 fie identificat\u0103 \u0219i remediat\u0103 \u00eenainte de a deveni un risc real. Cu PSBH, ai certitudinea c\u0103 resursele umane ale companiei tale sunt administrate \u00een conformitate cu legea, minimiz\u00e2nd expunerea la sanc\u021biuni \u0219i litigii.<\/p>\n<\/div>\n\n\t\t<\/div>\n\t<\/div>\n<\/div><\/div><\/div><\/div><div class=\"vc_row wpb_row vc_row-fluid\"><div class=\"wpb_column vc_column_container vc_col-sm-12\"><div class=\"vc_column-inner\"><div class=\"wpb_wrapper\">\n\t<div class=\"wpb_text_column wpb_content_element\" >\n\t\t<div class=\"wpb_wrapper\">\n\t\t\t<div class=\"wpb_text_column\">\n<div class=\"wpb_wrapper\">\n<h3><strong>Ai o \u00eentrebare \u00een materie de resurse umane? Vorbe\u0219te cu unul din speciali\u0219tii no\u0219tri.<\/strong><\/h3>\n<h3><strong><span style=\"color: #993366;\">PSBH Popescu, Nicolau &amp; Asocia\u021bii<\/span><\/strong><\/h3>\n<\/div>\n<\/div>\n<div class=\"w-text us_custom_c901145c contactlink\" style=\"text-align: left;\"><strong><span class=\"w-text-h\"><span class=\"w-text-value\">Adres\u0103: Str. Remus nr. 1-3, etaj 5, sector 3, Bucure\u015fti<\/span><\/span><\/strong><\/div>\n<div class=\"w-text us_custom_c901145c contactlink\"><strong>Num\u0103r de telefon<span class=\"w-text-h\"><span class=\"w-text-value\">: <\/span><\/span><a class=\"w-text-h\" href=\"tel:0040314257193\"><i class=\"fas fa-phone\"><\/i><span class=\"w-text-value\">(004) 031 425 7193<\/span><\/a><\/strong><\/div>\n<div><strong>Fax<span class=\"w-text-h\"><span class=\"w-text-value\">: <a class=\"w-text-h\" href=\"tel:0040314257194\"><i class=\"fas fa-phone\"><\/i>(004) 031 425 7194<\/a><\/span><\/span><\/strong><\/div>\n<div><strong><span class=\"w-text-h\"><span class=\"w-text-value\">Email: <\/span><\/span><i class=\"fas fa-envelope\"><\/i><span class=\"w-text-value\"><a class=\"w-text-h\" href=\"mailto:office@psbh.ro\">office@psbh.ro<\/a><\/span><\/strong><\/div>\n<h3><strong><span style=\"color: #993366;\"><img loading=\"lazy\" decoding=\"async\" class=\"alignnone size-medium wp-image-2216\" src=\"https:\/\/new.psbh.ro\/wp-content\/uploads\/2024\/12\/Untitled-design-1-300x188.jpg\" alt=\"\" width=\"300\" height=\"188\" srcset=\"https:\/\/new.psbh.ro\/wp-content\/uploads\/2024\/12\/Untitled-design-1-300x188.jpg 300w, https:\/\/new.psbh.ro\/wp-content\/uploads\/2024\/12\/Untitled-design-1-1024x640.jpg 1024w, https:\/\/new.psbh.ro\/wp-content\/uploads\/2024\/12\/Untitled-design-1-768x480.jpg 768w, https:\/\/new.psbh.ro\/wp-content\/uploads\/2024\/12\/Untitled-design-1-500x313.jpg 500w, https:\/\/new.psbh.ro\/wp-content\/uploads\/2024\/12\/Untitled-design-1-1300x813.jpg 1300w, https:\/\/new.psbh.ro\/wp-content\/uploads\/2024\/12\/Untitled-design-1-600x375.jpg 600w, https:\/\/new.psbh.ro\/wp-content\/uploads\/2024\/12\/Untitled-design-1.jpg 1440w\" sizes=\"auto, (max-width: 300px) 100vw, 300px\" \/><\/span><\/strong><\/h3>\n\n\t\t<\/div>\n\t<\/div>\n<\/div><\/div><\/div><\/div>","protected":false},"excerpt":{"rendered":"\u00centr-un mediu legislativ complex \u0219i \u00een continu\u0103 schimbare, gestionarea corect\u0103 a resurselor umane nu este doar o cerin\u021b\u0103 administrativ\u0103, ci o necesitate esen\u021bial\u0103 pentru orice companie care dore\u0219te s\u0103 evite riscurile \u0219i sanc\u021biunile severe. O eroare \u00een eviden\u021ba personalului poate atrage amenzi substan\u021biale, litigii costisitoare \u0219i chiar sanc\u021biuni de natur\u0103 penal\u0103, pun\u00e2nd \u00een pericol stabilitatea...<div class=\"[...]\"><a href=\"https:\/\/new.psbh.ro\/en\/legalitatea-resurselor-umane\/\">Read More<\/a><\/div>","protected":false},"author":1,"featured_media":0,"parent":0,"menu_order":0,"comment_status":"closed","ping_status":"closed","template":"","meta":{"footnotes":""},"class_list":["post-2397","page","type-page","status-publish","hentry"],"_links":{"self":[{"href":"https:\/\/new.psbh.ro\/en\/wp-json\/wp\/v2\/pages\/2397","targetHints":{"allow":["GET"]}}],"collection":[{"href":"https:\/\/new.psbh.ro\/en\/wp-json\/wp\/v2\/pages"}],"about":[{"href":"https:\/\/new.psbh.ro\/en\/wp-json\/wp\/v2\/types\/page"}],"author":[{"embeddable":true,"href":"https:\/\/new.psbh.ro\/en\/wp-json\/wp\/v2\/users\/1"}],"replies":[{"embeddable":true,"href":"https:\/\/new.psbh.ro\/en\/wp-json\/wp\/v2\/comments?post=2397"}],"version-history":[{"count":6,"href":"https:\/\/new.psbh.ro\/en\/wp-json\/wp\/v2\/pages\/2397\/revisions"}],"predecessor-version":[{"id":2463,"href":"https:\/\/new.psbh.ro\/en\/wp-json\/wp\/v2\/pages\/2397\/revisions\/2463"}],"wp:attachment":[{"href":"https:\/\/new.psbh.ro\/en\/wp-json\/wp\/v2\/media?parent=2397"}],"curies":[{"name":"wp","href":"https:\/\/api.w.org\/{rel}","templated":true}]}}