{"id":2398,"date":"2025-02-24T12:54:15","date_gmt":"2025-02-24T12:54:15","guid":{"rendered":"https:\/\/new.psbh.ro\/?page_id=2398"},"modified":"2025-02-24T13:30:18","modified_gmt":"2025-02-24T13:30:18","slug":"restructurari","status":"publish","type":"page","link":"https:\/\/new.psbh.ro\/en\/restructurari\/","title":{"rendered":"Restructur\u0103ri"},"content":{"rendered":"<div class=\"vc_row wpb_row vc_row-fluid\"><div class=\"wpb_column vc_column_container vc_col-sm-12\"><div class=\"vc_column-inner\"><div class=\"wpb_wrapper\">\n\t<div class=\"wpb_text_column wpb_content_element\" >\n\t\t<div class=\"wpb_wrapper\">\n\t\t\t<p data-start=\"90\" data-end=\"660\">\u00centr-un climat legislativ \u0219i economic marcat de schimb\u0103ri continue, multe companii se confrunt\u0103 cu necesitatea de a-\u0219i restructura activitatea pentru a r\u0103m\u00e2ne competitive \u0219i eficiente. Acest proces poate implica desfiin\u021barea sau \u00eenfiin\u021barea de noi posturi, reorganizarea intern\u0103, relocarea de personal, externalizarea unor servicii sau optimizarea costurilor opera\u021bionale. Indiferent de complexitatea restructur\u0103rii, fiecare decizie trebuie s\u0103 fie fundamentat\u0103 legal \u0219i implementat\u0103 corect, pentru a minimiza riscurile \u0219i a proteja at\u00e2t compania, c\u00e2t \u0219i angaja\u021bii s\u0103i.<\/p>\n<p data-start=\"662\" data-end=\"904\">Suntem partenerul de \u00eencredere al companiilor care se afl\u0103 \u00een fa\u021ba unor astfel de provoc\u0103ri, oferind consultan\u021b\u0103 specializat\u0103 \u0219i suport juridic pe tot parcursul procesului de restructurare. Echipa noastr\u0103 de exper\u021bi sprijin\u0103 clien\u021bii \u00een:<\/p>\n<ul data-start=\"906\" data-end=\"2057\">\n<li data-start=\"906\" data-end=\"1068\"><strong data-start=\"908\" data-end=\"960\">Analiza \u0219i validarea strategiei de restructurare<\/strong> \u2013 evaluarea scenariilor posibile \u0219i a implica\u021biilor juridice, fiscale \u0219i opera\u021bionale ale fiec\u0103rei m\u0103suri<\/li>\n<li data-start=\"1069\" data-end=\"1268\"><strong data-start=\"1071\" data-end=\"1132\">Planificarea \u0219i implementarea procesului de restructurare<\/strong> \u2013 identificarea solu\u021biilor optime pentru reducerea costurilor, eficientizarea opera\u021biunilor \u0219i optimizarea structurii organiza\u021bionale<\/li>\n<li data-start=\"1269\" data-end=\"1440\"><strong data-start=\"1271\" data-end=\"1336\">Asisten\u021b\u0103 \u00een procesul de concediere colectiv\u0103 sau individual\u0103<\/strong> \u2013 respectarea procedurilor legale, negocierea cu angaja\u021bii \u0219i evitarea poten\u021bialelor litigii de munc\u0103<\/li>\n<li data-start=\"1441\" data-end=\"1577\"><strong data-start=\"1443\" data-end=\"1505\">Reorganizarea fluxurilor de lucru \u0219i a responsabilit\u0103\u021bilor<\/strong> \u2013 adaptarea structurilor organiza\u021bionale la noile cerin\u021be de business<\/li>\n<li data-start=\"1578\" data-end=\"1743\"><strong data-start=\"1580\" data-end=\"1636\">Relocarea personalului \u0219i externalizarea serviciilor<\/strong> \u2013 consiliere privind aspectele juridice \u0219i fiscale ale transferului de angaja\u021bi sau ale outsourcing-ului<\/li>\n<li data-start=\"1744\" data-end=\"1882\"><strong data-start=\"1746\" data-end=\"1804\">Negocieri cu sindicatele \u0219i reprezentan\u021bii angaja\u021bilor<\/strong> \u2013 gestionarea dialogului social \u0219i evitarea conflictelor colective de munc\u0103<\/li>\n<li data-start=\"1883\" data-end=\"2057\"><strong data-start=\"1885\" data-end=\"1934\">Documentarea \u0219i \u00eenregistrarea m\u0103surilor luate<\/strong> \u2013 redactarea \u0219i depunerea documenta\u021biei necesare, inclusiv notific\u0103ri, decizii interne \u0219i contracte de munc\u0103 actualizate<\/li>\n<\/ul>\n\n\t\t<\/div>\n\t<\/div>\n<\/div><\/div><\/div><\/div><div class=\"vc_row wpb_row vc_row-fluid\"><div class=\"wpb_column vc_column_container vc_col-sm-12\"><div class=\"vc_column-inner\"><div class=\"wpb_wrapper\">\n\t<div class=\"wpb_text_column wpb_content_element\" >\n\t\t<div class=\"wpb_wrapper\">\n\t\t\t<div class=\"wpb_text_column\">\n<div class=\"wpb_wrapper\">\n<h3><strong>Ai o \u00eentrebare despre restructur\u0103ri? Vorbe\u0219te cu unul din speciali\u0219tii no\u0219tri.\u00a0<\/strong><\/h3>\n<h3><strong><span style=\"color: #993366;\">PSBH Popescu, Nicolau &amp; Asocia\u021bii<\/span><\/strong><\/h3>\n<\/div>\n<\/div>\n<div class=\"w-text us_custom_c901145c contactlink\" style=\"text-align: left;\"><strong><span class=\"w-text-h\"><span class=\"w-text-value\">Adres\u0103: Str. Remus nr. 1-3, etaj 5, sector 3, Bucure\u015fti<\/span><\/span><\/strong><\/div>\n<div class=\"w-text us_custom_c901145c contactlink\"><strong>Num\u0103r de telefon<span class=\"w-text-h\"><span class=\"w-text-value\">: <\/span><\/span><a class=\"w-text-h\" href=\"tel:0040314257193\"><i class=\"fas fa-phone\"><\/i><span class=\"w-text-value\">(004) 031 425 7193<\/span><\/a><\/strong><\/div>\n<div><strong>Fax<span class=\"w-text-h\"><span class=\"w-text-value\">: <a class=\"w-text-h\" href=\"tel:0040314257194\"><i class=\"fas fa-phone\"><\/i>(004) 031 425 7194<\/a><\/span><\/span><\/strong><\/div>\n<div><strong><span class=\"w-text-h\"><span class=\"w-text-value\">Email: <\/span><\/span><i class=\"fas fa-envelope\"><\/i><span class=\"w-text-value\"><a class=\"w-text-h\" href=\"mailto:office@psbh.ro\">office@psbh.ro<\/a><\/span><\/strong><\/div>\n<h3><strong><span style=\"color: #993366;\"><img loading=\"lazy\" decoding=\"async\" class=\"alignnone size-medium wp-image-2216\" src=\"https:\/\/new.psbh.ro\/wp-content\/uploads\/2024\/12\/Untitled-design-1-300x188.jpg\" alt=\"\" width=\"300\" height=\"188\" srcset=\"https:\/\/new.psbh.ro\/wp-content\/uploads\/2024\/12\/Untitled-design-1-300x188.jpg 300w, https:\/\/new.psbh.ro\/wp-content\/uploads\/2024\/12\/Untitled-design-1-1024x640.jpg 1024w, https:\/\/new.psbh.ro\/wp-content\/uploads\/2024\/12\/Untitled-design-1-768x480.jpg 768w, https:\/\/new.psbh.ro\/wp-content\/uploads\/2024\/12\/Untitled-design-1-500x313.jpg 500w, https:\/\/new.psbh.ro\/wp-content\/uploads\/2024\/12\/Untitled-design-1-1300x813.jpg 1300w, https:\/\/new.psbh.ro\/wp-content\/uploads\/2024\/12\/Untitled-design-1-600x375.jpg 600w, https:\/\/new.psbh.ro\/wp-content\/uploads\/2024\/12\/Untitled-design-1.jpg 1440w\" sizes=\"auto, (max-width: 300px) 100vw, 300px\" \/><\/span><\/strong><\/h3>\n\n\t\t<\/div>\n\t<\/div>\n<\/div><\/div><\/div><\/div>","protected":false},"excerpt":{"rendered":"\u00centr-un climat legislativ \u0219i economic marcat de schimb\u0103ri continue, multe companii se confrunt\u0103 cu necesitatea de a-\u0219i restructura activitatea pentru a r\u0103m\u00e2ne competitive \u0219i eficiente. Acest proces poate implica desfiin\u021barea sau \u00eenfiin\u021barea de noi posturi, reorganizarea intern\u0103, relocarea de personal, externalizarea unor servicii sau optimizarea costurilor opera\u021bionale. Indiferent de complexitatea restructur\u0103rii, fiecare decizie trebuie s\u0103...<div class=\"[...]\"><a href=\"https:\/\/new.psbh.ro\/en\/restructurari\/\">Read More<\/a><\/div>","protected":false},"author":1,"featured_media":0,"parent":0,"menu_order":0,"comment_status":"closed","ping_status":"closed","template":"","meta":{"footnotes":""},"class_list":["post-2398","page","type-page","status-publish","hentry"],"_links":{"self":[{"href":"https:\/\/new.psbh.ro\/en\/wp-json\/wp\/v2\/pages\/2398","targetHints":{"allow":["GET"]}}],"collection":[{"href":"https:\/\/new.psbh.ro\/en\/wp-json\/wp\/v2\/pages"}],"about":[{"href":"https:\/\/new.psbh.ro\/en\/wp-json\/wp\/v2\/types\/page"}],"author":[{"embeddable":true,"href":"https:\/\/new.psbh.ro\/en\/wp-json\/wp\/v2\/users\/1"}],"replies":[{"embeddable":true,"href":"https:\/\/new.psbh.ro\/en\/wp-json\/wp\/v2\/comments?post=2398"}],"version-history":[{"count":3,"href":"https:\/\/new.psbh.ro\/en\/wp-json\/wp\/v2\/pages\/2398\/revisions"}],"predecessor-version":[{"id":2434,"href":"https:\/\/new.psbh.ro\/en\/wp-json\/wp\/v2\/pages\/2398\/revisions\/2434"}],"wp:attachment":[{"href":"https:\/\/new.psbh.ro\/en\/wp-json\/wp\/v2\/media?parent=2398"}],"curies":[{"name":"wp","href":"https:\/\/api.w.org\/{rel}","templated":true}]}}