{"id":2399,"date":"2025-02-24T12:54:15","date_gmt":"2025-02-24T12:54:15","guid":{"rendered":"https:\/\/new.psbh.ro\/?page_id=2399"},"modified":"2025-02-24T15:42:32","modified_gmt":"2025-02-24T15:42:32","slug":"salarizare","status":"publish","type":"page","link":"https:\/\/new.psbh.ro\/en\/salarizare\/","title":{"rendered":"Salarizare"},"content":{"rendered":"<div class=\"vc_row wpb_row vc_row-fluid\"><div class=\"wpb_column vc_column_container vc_col-sm-12\"><div class=\"vc_column-inner\"><div class=\"wpb_wrapper\">\n\t<div class=\"wpb_text_column wpb_content_element\" >\n\t\t<div class=\"wpb_wrapper\">\n\t\t\t<p class=\"p1\">Gestionarea procesului de salarizare implic\u0103 o serie de cerin\u021be legale, termene stricte \u0219i obliga\u021bii administrative care pot deveni o povar\u0103 pentru companii. Externalizarea acestui serviciu nu doar c\u0103 reduce costurile opera\u021bionale, dar \u0219i asigur\u0103 conformitatea cu legisla\u021bia \u00een vigoare, protec\u021bia datelor angaja\u021bilor \u0219i eficien\u021ba \u00een procesarea veniturilor salariale.<\/p>\n<p class=\"p1\">PSBH ofer\u0103 <b>solu\u021bii complete de salarizare<\/b>, elimin\u00e2nd nevoia unui departament intern specializat sau a unor investi\u021bii \u00een software dedicat. De la calculul \u0219i prelucrarea salariilor p\u00e2n\u0103 la \u00eentocmirea documenta\u021biei specifice \u0219i respectarea obliga\u021biilor fiscale, asigur\u0103m un proces fluent, sigur \u0219i optimizat, astfel \u00eenc\u00e2t companiile s\u0103 se poat\u0103 concentra pe cre\u0219terea afacerii lor.<\/p>\n<p>Principalele servicii din domeniul salariz\u0103rii pe care le oferim partenerilor no\u0219tri, sunt:<\/p>\n<ul>\n<li>Verificarea \u0219i procesarea pontajului lunar, a documentelor \u0219i datelor (operarea bonusurilor, sporurilor, orelor suplimentare, orelor de noapte, sanc\u021biunilor disciplinare, re\u021binerilor, concediilor, etc.) \u00een vederea efectu\u0103rii calculului salarial lunar, conform legisla\u021biei \u00een vigoare;<\/li>\n<li>Efectuarea calculului taxelor \u0219i impozitelor lunare;<\/li>\n<li>\u00centocmirea \u0219i transmiterea documentelor rezultate \u00een urma efectu\u0103rii calculelor: statul de plat\u0103, flutura\u0219i de salariu, centralizator, ordine de plat\u0103 pentru taxe \u0219i impozite, declara\u021bii, rapoarte statistice, etc.;<\/li>\n<li>\u00centocmirea \u0219i depunerea declara\u021biei unice nr. 112 \u2013 \u201eDeclara\u021bia privind obliga\u021biile de plat\u0103 a contribu\u021biilor sociale, impozitului pe venit \u0219i eviden\u021ba nominal\u0103 a persoanelor asigurate\u201d;<\/li>\n<li>\u00centocmirea \u0219i depunerea declara\u021biei nr. 205 privind impozitul re\u021binut la surs\u0103 \u0219i c\u00e2\u0219tigurile\/pierderile realizate de beneficiarii de venit;<\/li>\n<li>\u00centocmirea \u0219i \u021binerea eviden\u021bei concediilor de odihn\u0103;<\/li>\n<li>Verificarea certificatelor de concediu medical;<\/li>\n<li>\u00centocmirea \u0219i \u021binerea eviden\u021bei concediilor medicale;<\/li>\n<li>Consultan\u021b\u0103 specializat\u0103 \u00een leg\u0103tur\u0103 cu salarizarea;<\/li>\n<li>\u00centocmirea \u0219i depunerea dosarelor de recuperare a contribu\u021biilor pentru concedii medicale \u0219i indemniza\u021bii de asigur\u0103ri sociale de s\u0103n\u0103tate de la FNUASS;<\/li>\n<li>\u00centocmirea rapoartelor referitoare la salarizare, necesare managementului partenerilor.<\/li>\n<\/ul>\n\n\t\t<\/div>\n\t<\/div>\n<\/div><\/div><\/div><\/div><div class=\"vc_row wpb_row vc_row-fluid\"><div class=\"wpb_column vc_column_container vc_col-sm-12\"><div class=\"vc_column-inner\"><div class=\"wpb_wrapper\">\n\t<div class=\"wpb_text_column wpb_content_element\" >\n\t\t<div class=\"wpb_wrapper\">\n\t\t\t<div class=\"wpb_text_column\">\n<div class=\"wpb_wrapper\">\n<h3><strong>Ai o \u00eentrebare \u00een materie de salarizare? Vorbe\u0219te cu unul din speciali\u0219tii no\u0219tri.<\/strong><\/h3>\n<h3><strong><span style=\"color: #993366;\">PSBH Popescu, Nicolau &amp; Asocia\u021bii<\/span><\/strong><\/h3>\n<\/div>\n<\/div>\n<div class=\"w-text us_custom_c901145c contactlink\" style=\"text-align: left;\"><strong><span class=\"w-text-h\"><span class=\"w-text-value\">Adres\u0103: Str. Remus nr. 1-3, etaj 5, sector 3, Bucure\u015fti<\/span><\/span><\/strong><\/div>\n<div class=\"w-text us_custom_c901145c contactlink\"><strong>Num\u0103r de telefon<span class=\"w-text-h\"><span class=\"w-text-value\">: <\/span><\/span><a class=\"w-text-h\" href=\"tel:0040314257193\"><i class=\"fas fa-phone\"><\/i><span class=\"w-text-value\">(004) 031 425 7193<\/span><\/a><\/strong><\/div>\n<div><strong>Fax<span class=\"w-text-h\"><span class=\"w-text-value\">: <a class=\"w-text-h\" href=\"tel:0040314257194\"><i class=\"fas fa-phone\"><\/i>(004) 031 425 7194<\/a><\/span><\/span><\/strong><\/div>\n<div><strong><span class=\"w-text-h\"><span class=\"w-text-value\">Email: <\/span><\/span><i class=\"fas fa-envelope\"><\/i><span class=\"w-text-value\"><a class=\"w-text-h\" href=\"mailto:office@psbh.ro\">office@psbh.ro<\/a><\/span><\/strong><\/div>\n<h3><strong><span style=\"color: #993366;\"><img loading=\"lazy\" decoding=\"async\" class=\"alignnone size-medium wp-image-2216\" src=\"https:\/\/new.psbh.ro\/wp-content\/uploads\/2024\/12\/Untitled-design-1-300x188.jpg\" alt=\"\" width=\"300\" height=\"188\" srcset=\"https:\/\/new.psbh.ro\/wp-content\/uploads\/2024\/12\/Untitled-design-1-300x188.jpg 300w, https:\/\/new.psbh.ro\/wp-content\/uploads\/2024\/12\/Untitled-design-1-1024x640.jpg 1024w, https:\/\/new.psbh.ro\/wp-content\/uploads\/2024\/12\/Untitled-design-1-768x480.jpg 768w, https:\/\/new.psbh.ro\/wp-content\/uploads\/2024\/12\/Untitled-design-1-500x313.jpg 500w, https:\/\/new.psbh.ro\/wp-content\/uploads\/2024\/12\/Untitled-design-1-1300x813.jpg 1300w, https:\/\/new.psbh.ro\/wp-content\/uploads\/2024\/12\/Untitled-design-1-600x375.jpg 600w, https:\/\/new.psbh.ro\/wp-content\/uploads\/2024\/12\/Untitled-design-1.jpg 1440w\" sizes=\"auto, (max-width: 300px) 100vw, 300px\" \/><\/span><\/strong><\/h3>\n\n\t\t<\/div>\n\t<\/div>\n<\/div><\/div><\/div><\/div>","protected":false},"excerpt":{"rendered":"Gestionarea procesului de salarizare implic\u0103 o serie de cerin\u021be legale, termene stricte \u0219i obliga\u021bii administrative care pot deveni o povar\u0103 pentru companii. Externalizarea acestui serviciu nu doar c\u0103 reduce costurile opera\u021bionale, dar \u0219i asigur\u0103 conformitatea cu legisla\u021bia \u00een vigoare, protec\u021bia datelor angaja\u021bilor \u0219i eficien\u021ba \u00een procesarea veniturilor salariale. PSBH ofer\u0103 solu\u021bii complete de salarizare, elimin\u00e2nd...<div class=\"[...]\"><a href=\"https:\/\/new.psbh.ro\/en\/salarizare\/\">Read More<\/a><\/div>","protected":false},"author":1,"featured_media":0,"parent":0,"menu_order":0,"comment_status":"closed","ping_status":"closed","template":"","meta":{"footnotes":""},"class_list":["post-2399","page","type-page","status-publish","hentry"],"_links":{"self":[{"href":"https:\/\/new.psbh.ro\/en\/wp-json\/wp\/v2\/pages\/2399","targetHints":{"allow":["GET"]}}],"collection":[{"href":"https:\/\/new.psbh.ro\/en\/wp-json\/wp\/v2\/pages"}],"about":[{"href":"https:\/\/new.psbh.ro\/en\/wp-json\/wp\/v2\/types\/page"}],"author":[{"embeddable":true,"href":"https:\/\/new.psbh.ro\/en\/wp-json\/wp\/v2\/users\/1"}],"replies":[{"embeddable":true,"href":"https:\/\/new.psbh.ro\/en\/wp-json\/wp\/v2\/comments?post=2399"}],"version-history":[{"count":4,"href":"https:\/\/new.psbh.ro\/en\/wp-json\/wp\/v2\/pages\/2399\/revisions"}],"predecessor-version":[{"id":2458,"href":"https:\/\/new.psbh.ro\/en\/wp-json\/wp\/v2\/pages\/2399\/revisions\/2458"}],"wp:attachment":[{"href":"https:\/\/new.psbh.ro\/en\/wp-json\/wp\/v2\/media?parent=2399"}],"curies":[{"name":"wp","href":"https:\/\/api.w.org\/{rel}","templated":true}]}}