{"id":2400,"date":"2025-02-24T12:54:15","date_gmt":"2025-02-24T12:54:15","guid":{"rendered":"https:\/\/new.psbh.ro\/?page_id=2400"},"modified":"2025-02-24T16:08:02","modified_gmt":"2025-02-24T16:08:02","slug":"administrarea-dosarelor-de-personal","status":"publish","type":"page","link":"https:\/\/new.psbh.ro\/en\/administrarea-dosarelor-de-personal\/","title":{"rendered":"Administrarea dosarelor de personal"},"content":{"rendered":"<div class=\"vc_row wpb_row vc_row-fluid\"><div class=\"wpb_column vc_column_container vc_col-sm-12\"><div class=\"vc_column-inner\"><div class=\"wpb_wrapper\">\n\t<div class=\"wpb_text_column wpb_content_element\" >\n\t\t<div class=\"wpb_wrapper\">\n\t\t\t<p class=\"p1\">Gestionarea corect\u0103 a dosarelor de personal este esen\u021bial\u0103 pentru orice companie, \u00eens\u0103 poate deveni un proces consumator de timp \u0219i resurse. Actualizarea documentelor, respectarea reglement\u0103rilor \u00een vigoare \u0219i men\u021binerea unei eviden\u021be clare necesit\u0103 nu doar aten\u021bie, ci \u0219i expertiz\u0103 specializat\u0103.<\/p>\n<p class=\"p1\">Externalizarea acestui serviciu c\u0103tre PSBH ofer\u0103 <b>siguran\u021ba conformit\u0103\u021bii legale<\/b>, reducerea costurilor opera\u021bionale \u0219i eliminarea riscurilor asociate unei administr\u0103ri defectuoase a dosarelor de personal. Echipa noastr\u0103 asigur\u0103 <b>gestionarea eficient\u0103 \u0219i corect\u0103<\/b> a tuturor documentelor necesare, de la contracte de munc\u0103 \u0219i acte adi\u021bionale, p\u00e2n\u0103 la fi\u0219ele de post \u0219i dosarele de \u00eencetare a raporturilor de munc\u0103.<\/p>\n<p class=\"p1\">Prin colaborarea cu PSBH, companiile beneficiaz\u0103 de <b>precizie juridic\u0103, suport specializat \u0219i economie de resurse<\/b>, av\u00e2nd certitudinea c\u0103 toate aspectele administrative ale resurselor umane sunt gestionate \u00een mod profesionist \u0219i conform legisla\u021biei \u00een vigoare.<\/p>\n<ul>\n<li>Consultan\u021b\u0103 specializat\u0103 privind legisla\u021bia muncii;<\/li>\n<li>Ob\u021binerea datelor de acces \u00een registrul online (Revisal) de eviden\u021b\u0103 a salaria\u021bilor de la Inspectoratul Teritorial de Munc\u0103;<\/li>\n<li>\u00centocmirea dosarelor de personal;<\/li>\n<li>\u00centocmirea \u0219i \u00eenregistrarea contractelor individuale de munca;<\/li>\n<li>\u00centocmirea documentelor necesare pentru modificarea, suspendarea sau \u00eencetarea contractelor individuale de munc\u0103;<\/li>\n<li>\u00centocmirea fi\u0219elor de post;<\/li>\n<li>\u00centocmirea adeverin\u021belor necesare personalului angajat;<\/li>\n<li>\u00cenregistrarea documentelor \u00een Revisal;<\/li>\n<li>Men\u021binerea rela\u021biei cu Inspectoratul Teritorial de Munc\u0103 pentru parteneri;<\/li>\n<li>\u00centocmirea rapoartelor solicitate de c\u0103tre management;<\/li>\n<li>\u00centocmirea, completarea \u0219i transmiterea Registrului General de Eviden\u021b\u0103 a Salaria\u021bilor.<\/li>\n<\/ul>\n\n\t\t<\/div>\n\t<\/div>\n<\/div><\/div><\/div><\/div><div class=\"vc_row wpb_row vc_row-fluid\"><div class=\"wpb_column vc_column_container vc_col-sm-12\"><div class=\"vc_column-inner\"><div class=\"wpb_wrapper\">\n\t<div class=\"wpb_text_column wpb_content_element\" >\n\t\t<div class=\"wpb_wrapper\">\n\t\t\t<div class=\"wpb_text_column\">\n<div class=\"wpb_wrapper\">\n<h3><strong>Ai o \u00eentrebare despre administrarea dosarelor de personal? Vorbe\u0219te cu unul din speciali\u0219tii no\u0219tri.<\/strong><\/h3>\n<h3><strong><span style=\"color: #993366;\">PSBH Popescu, Nicolau &amp; Asocia\u021bii<\/span><\/strong><\/h3>\n<\/div>\n<\/div>\n<div class=\"w-text us_custom_c901145c contactlink\" style=\"text-align: left;\"><strong><span class=\"w-text-h\"><span class=\"w-text-value\">Adres\u0103: Str. Remus nr. 1-3, etaj 5, sector 3, Bucure\u015fti<\/span><\/span><\/strong><\/div>\n<div class=\"w-text us_custom_c901145c contactlink\"><strong>Num\u0103r de telefon<span class=\"w-text-h\"><span class=\"w-text-value\">: <\/span><\/span><a class=\"w-text-h\" href=\"tel:0040314257193\"><i class=\"fas fa-phone\"><\/i><span class=\"w-text-value\">(004) 031 425 7193<\/span><\/a><\/strong><\/div>\n<div><strong>Fax<span class=\"w-text-h\"><span class=\"w-text-value\">: <a class=\"w-text-h\" href=\"tel:0040314257194\"><i class=\"fas fa-phone\"><\/i>(004) 031 425 7194<\/a><\/span><\/span><\/strong><\/div>\n<div><strong><span class=\"w-text-h\"><span class=\"w-text-value\">Email: <\/span><\/span><i class=\"fas fa-envelope\"><\/i><span class=\"w-text-value\"><a class=\"w-text-h\" href=\"mailto:office@psbh.ro\">office@psbh.ro<\/a><\/span><\/strong><\/div>\n<h3><strong><span style=\"color: #993366;\"><img loading=\"lazy\" decoding=\"async\" class=\"alignnone size-medium wp-image-2216\" src=\"https:\/\/new.psbh.ro\/wp-content\/uploads\/2024\/12\/Untitled-design-1-300x188.jpg\" alt=\"\" width=\"300\" height=\"188\" srcset=\"https:\/\/new.psbh.ro\/wp-content\/uploads\/2024\/12\/Untitled-design-1-300x188.jpg 300w, https:\/\/new.psbh.ro\/wp-content\/uploads\/2024\/12\/Untitled-design-1-1024x640.jpg 1024w, https:\/\/new.psbh.ro\/wp-content\/uploads\/2024\/12\/Untitled-design-1-768x480.jpg 768w, https:\/\/new.psbh.ro\/wp-content\/uploads\/2024\/12\/Untitled-design-1-500x313.jpg 500w, https:\/\/new.psbh.ro\/wp-content\/uploads\/2024\/12\/Untitled-design-1-1300x813.jpg 1300w, https:\/\/new.psbh.ro\/wp-content\/uploads\/2024\/12\/Untitled-design-1-600x375.jpg 600w, https:\/\/new.psbh.ro\/wp-content\/uploads\/2024\/12\/Untitled-design-1.jpg 1440w\" sizes=\"auto, (max-width: 300px) 100vw, 300px\" \/><\/span><\/strong><\/h3>\n\n\t\t<\/div>\n\t<\/div>\n<\/div><\/div><\/div><\/div>","protected":false},"excerpt":{"rendered":"Gestionarea corect\u0103 a dosarelor de personal este esen\u021bial\u0103 pentru orice companie, \u00eens\u0103 poate deveni un proces consumator de timp \u0219i resurse. Actualizarea documentelor, respectarea reglement\u0103rilor \u00een vigoare \u0219i men\u021binerea unei eviden\u021be clare necesit\u0103 nu doar aten\u021bie, ci \u0219i expertiz\u0103 specializat\u0103. Externalizarea acestui serviciu c\u0103tre PSBH ofer\u0103 siguran\u021ba conformit\u0103\u021bii legale, reducerea costurilor opera\u021bionale \u0219i eliminarea riscurilor...<div class=\"[...]\"><a href=\"https:\/\/new.psbh.ro\/en\/administrarea-dosarelor-de-personal\/\">Read More<\/a><\/div>","protected":false},"author":1,"featured_media":0,"parent":0,"menu_order":0,"comment_status":"closed","ping_status":"closed","template":"","meta":{"footnotes":""},"class_list":["post-2400","page","type-page","status-publish","hentry"],"_links":{"self":[{"href":"https:\/\/new.psbh.ro\/en\/wp-json\/wp\/v2\/pages\/2400","targetHints":{"allow":["GET"]}}],"collection":[{"href":"https:\/\/new.psbh.ro\/en\/wp-json\/wp\/v2\/pages"}],"about":[{"href":"https:\/\/new.psbh.ro\/en\/wp-json\/wp\/v2\/types\/page"}],"author":[{"embeddable":true,"href":"https:\/\/new.psbh.ro\/en\/wp-json\/wp\/v2\/users\/1"}],"replies":[{"embeddable":true,"href":"https:\/\/new.psbh.ro\/en\/wp-json\/wp\/v2\/comments?post=2400"}],"version-history":[{"count":5,"href":"https:\/\/new.psbh.ro\/en\/wp-json\/wp\/v2\/pages\/2400\/revisions"}],"predecessor-version":[{"id":2464,"href":"https:\/\/new.psbh.ro\/en\/wp-json\/wp\/v2\/pages\/2400\/revisions\/2464"}],"wp:attachment":[{"href":"https:\/\/new.psbh.ro\/en\/wp-json\/wp\/v2\/media?parent=2400"}],"curies":[{"name":"wp","href":"https:\/\/api.w.org\/{rel}","templated":true}]}}