{"id":2442,"date":"2025-02-24T13:47:36","date_gmt":"2025-02-24T13:47:36","guid":{"rendered":"https:\/\/new.psbh.ro\/?page_id=2442"},"modified":"2025-02-24T13:55:37","modified_gmt":"2025-02-24T13:55:37","slug":"insolventa","status":"publish","type":"page","link":"https:\/\/new.psbh.ro\/en\/insolventa\/","title":{"rendered":"Insolvency"},"content":{"rendered":"<div class=\"vc_row wpb_row vc_row-fluid\"><div class=\"wpb_column vc_column_container vc_col-sm-12\"><div class=\"vc_column-inner\"><div class=\"wpb_wrapper\">\n\t<div class=\"wpb_text_column wpb_content_element\" >\n\t\t<div class=\"wpb_wrapper\">\n\t\t\t<p data-start=\"100\" data-end=\"526\">\u00cenc\u0103 de la \u00eenfiin\u021bare, PSBH a considerat domeniul insolven\u021bei ca fiind o arie de practic\u0103 deosebit de important\u0103, at\u00e2t din perspectiva provoc\u0103rilor juridice pe care le implic\u0103, c\u00e2t \u0219i a oportunit\u0103\u021bii de a sprijini societ\u0103\u021bile aflate \u00een dificultate financiar\u0103. Insolven\u021ba nu este doar o problem\u0103 juridic\u0103, ci \u0219i un moment critic \u00een via\u021ba unei afaceri, \u00een care deciziile corecte pot face diferen\u021ba \u00eentre redresare \u0219i faliment.<\/p>\n<p data-start=\"528\" data-end=\"940\">Experien\u021ba PSBH \u00een acest domeniu este vast\u0103, echipa noastr\u0103 oferind reprezentare at\u00e2t pentru <strong data-start=\"621\" data-end=\"633\">debitori<\/strong> afla\u021bi \u00een impas financiar, c\u00e2t \u0219i pentru <strong data-start=\"675\" data-end=\"688\">creditori<\/strong>, de\u021bin\u0103tori de crean\u021be de diferite grade, care urm\u0103resc recuperarea sumelor datorate. De asemenea, sprijinim dob\u00e2nditorii de active \u00een cadrul procedurilor de insolven\u021b\u0103, asigur\u00e2ndu-ne c\u0103 tranzac\u021biile sunt gestionate corect din punct de vedere legal.<\/p>\n<p data-start=\"942\" data-end=\"1182\">Mai mult dec\u00e2t at\u00e2t, PSBH ofer\u0103 <strong data-start=\"974\" data-end=\"998\">strategii preventive<\/strong> pentru evitarea procedurii de insolven\u021b\u0103, asist\u00e2nd clien\u021bii \u00een negocierea cu creditorii, redactarea acordurilor de restructurare \u0219i implementarea solu\u021biilor de redresare financiar\u0103.<\/p>\n<h4 data-start=\"1184\" data-end=\"1211\"><strong data-start=\"1189\" data-end=\"1209\">Servicii oferite<\/strong><\/h4>\n<ul data-start=\"1212\" data-end=\"2753\">\n<li data-start=\"1212\" data-end=\"1361\"><strong data-start=\"1214\" data-end=\"1237\">Concordat preventiv<\/strong> \u2013 consultan\u021b\u0103 \u0219i reprezentare \u00een deschiderea \u0219i gestionarea procedurii de concordat preventiv pentru evitarea insolven\u021bei<\/li>\n<li data-start=\"1362\" data-end=\"1564\"><strong data-start=\"1364\" data-end=\"1391\">Negocieri cu creditorii<\/strong> \u2013 sprijin pentru debitori \u00een restructurarea datoriilor \u0219i evitarea falimentului, dar \u0219i reprezentare a creditorilor pentru maximizarea \u0219anselor de recuperare a crean\u021belor<\/li>\n<li data-start=\"1565\" data-end=\"1717\"><strong data-start=\"1567\" data-end=\"1596\">\u00censcriere la masa credal\u0103<\/strong> \u2013 asistarea creditorilor \u00een recuperarea crean\u021belor prin \u00eenregistrarea acestora \u00een procedura de insolven\u021b\u0103 sau faliment<\/li>\n<li data-start=\"1718\" data-end=\"1928\"><strong data-start=\"1720\" data-end=\"1760\">Declan\u0219area procedurii de insolven\u021b\u0103<\/strong> \u2013 reprezentare juridic\u0103 at\u00e2t pentru debitori care doresc s\u0103 \u00ee\u0219i protejeze afacerea, c\u00e2t \u0219i pentru creditori care ini\u021biaz\u0103 procedura \u00eempotriva unui debitor insolvabil<\/li>\n<li data-start=\"1929\" data-end=\"2098\"><strong data-start=\"1931\" data-end=\"1968\">Asisten\u021b\u0103 pe parcursul procedurii<\/strong> \u2013 consiliere \u0219i reprezentare continu\u0103 a clien\u021bilor \u00een toate etapele insolven\u021bei, de la deschiderea procedurii p\u00e2n\u0103 la lichidare<\/li>\n<li data-start=\"2099\" data-end=\"2247\"><strong data-start=\"2101\" data-end=\"2139\">Litigii privind tabelul de crean\u021be<\/strong> \u2013 contesta\u021bii la tabelul preliminar, definitiv sau suplimentar pentru protejarea drepturilor creditorilor<\/li>\n<li data-start=\"2248\" data-end=\"2373\"><strong data-start=\"2250\" data-end=\"2282\">Anularea actelor frauduloase<\/strong> \u2013 ac\u021biuni de anulare a tranzac\u021biilor suspecte efectuate de debitori \u00eenaintea insolven\u021bei<\/li>\n<li data-start=\"2374\" data-end=\"2560\"><strong data-start=\"2376\" data-end=\"2422\">Atragerea r\u0103spunderii persoanelor vinovate<\/strong> \u2013 identificarea \u0219i sanc\u021bionarea administratorilor sau asocia\u021bilor considera\u021bi responsabili pentru starea de insolven\u021b\u0103 a unei societ\u0103\u021bi<\/li>\n<li data-start=\"2561\" data-end=\"2753\"><strong data-start=\"2563\" data-end=\"2598\">Lichidarea bunurilor societ\u0103\u021bii<\/strong> \u2013 asisten\u021b\u0103 juridic\u0103 at\u00e2t pentru debitorii afla\u021bi \u00een procedura falimentului, c\u00e2t \u0219i pentru creditorii sau investitorii interesa\u021bi de achizi\u021bia activelor<\/li>\n<\/ul>\n<h4 data-start=\"2755\" data-end=\"2785\"><strong data-start=\"2760\" data-end=\"2783\">Cazuri de referin\u021b\u0103<\/strong><\/h4>\n<ul data-start=\"2786\" data-end=\"3576\">\n<li data-start=\"2786\" data-end=\"3056\">PSBH a asistat cu succes o <strong data-start=\"2815\" data-end=\"2855\">companie din domeniul construc\u021biilor<\/strong> \u00een procedura de reorganizare judiciar\u0103, gestion\u00e2nd \u00eentregul proces, de la deschiderea insolven\u021bei \u0219i \u00eentocmirea planului de reorganizare p\u00e2n\u0103 la negocierile cu creditorii \u0219i reprezentarea \u00een litigii<\/li>\n<li data-start=\"3057\" data-end=\"3281\">PSBH a reprezentat o <strong data-start=\"3080\" data-end=\"3119\">companie din industria confec\u021biilor<\/strong> \u00een toate etapele procedurii de insolven\u021b\u0103, asigur\u00e2nd protec\u021bia intereselor clientului at\u00e2t la deschiderea procedurii, c\u00e2t \u0219i pe parcursul desf\u0103\u0219ur\u0103rii acesteia<\/li>\n<li data-start=\"3282\" data-end=\"3576\">PSBH a sprijinit o <strong data-start=\"3303\" data-end=\"3355\">societate creditoare din sectorul construc\u021biilor<\/strong> \u00eentr-o procedur\u0103 de insolven\u021b\u0103 a unui debitor, ob\u021bin\u00e2nd recunoa\u0219terea crean\u021bei, ridicarea dreptului de administrare al debitorului, deschiderea procedurii de faliment \u0219i atragerea r\u0103spunderii administratorilor vinova\u021bi<\/li>\n<\/ul>\n<h4 data-start=\"3578\" data-end=\"3648\"><strong data-start=\"3583\" data-end=\"3646\">Recunoa\u0219tere oficial\u0103 \u0219i angajament \u00een domeniul insolven\u021bei<\/strong><\/h4>\n<p data-start=\"3649\" data-end=\"3990\">Facem parte din lista <strong data-start=\"3675\" data-end=\"3737\">practicienilor \u00een insolven\u021b\u0103 agrea\u021bi oficial de c\u0103tre ANAF<\/strong>, o confirmare a angajamentului nostru \u0219i a competen\u021bei \u00een acest sector. Aceast\u0103 recunoa\u0219tere este o garan\u021bie a calit\u0103\u021bii serviciilor noastre \u0219i un motiv \u00een plus pentru a continua s\u0103 oferim clien\u021bilor <strong data-start=\"3938\" data-end=\"3985\">solu\u021bii juridice de cea mai \u00eenalt\u0103 calitate<\/strong>.<\/p>\n<p data-start=\"3992\" data-end=\"4315\">Mai mult, \u00een <strong data-start=\"4005\" data-end=\"4024\">septembrie 2024<\/strong>, am primit <strong data-start=\"4036\" data-end=\"4069\">prima noastr\u0103 numire oficial\u0103<\/strong> din partea <strong data-start=\"4081\" data-end=\"4107\">Registrului Comer\u021bului<\/strong> pentru a gestiona <strong data-start=\"4126\" data-end=\"4168\">lichidarea a dou\u0103 societ\u0103\u021bi comerciale<\/strong>.\u00a0 Consider\u0103m c\u0103 aceast\u0103 desemnare subliniaz\u0103 \u00eencrederea autorit\u0103\u021bilor \u00een expertiza noastr\u0103 \u0219i marcheaz\u0103 un moment important \u00een noul nostru rol.<\/p>\n<p data-start=\"4317\" data-end=\"4473\" data-is-last-node=\"\" data-is-only-node=\"\">Suntem preg\u0103ti\u021bi s\u0103 abord\u0103m <strong data-start=\"4345\" data-end=\"4399\">fiecare provocare cu profesionalism \u0219i determinare<\/strong>, asigur\u00e2nd o gestionare corect\u0103 \u0219i eficient\u0103 a procedurilor de lichidare.<\/p>\n\n\t\t<\/div>\n\t<\/div>\n<\/div><\/div><\/div><\/div><div class=\"vc_row wpb_row vc_row-fluid\"><div class=\"wpb_column vc_column_container vc_col-sm-12\"><div class=\"vc_column-inner\"><div class=\"wpb_wrapper\">\n\t<div class=\"wpb_text_column wpb_content_element\" >\n\t\t<div class=\"wpb_wrapper\">\n\t\t\t<div class=\"wpb_text_column\">\n<div class=\"wpb_wrapper\">\n<h3><strong>Ai o \u00eentrebare? Vorbe\u0219te cu unul din speciali\u0219tii no\u0219tri.<\/strong><\/h3>\n<h3><strong><span style=\"color: #993366;\">PSBH Popescu, Nicolau &amp; Asocia\u021bii<\/span><\/strong><\/h3>\n<\/div>\n<\/div>\n<div class=\"w-text us_custom_c901145c contactlink\" style=\"text-align: left;\"><strong><span class=\"w-text-h\"><span class=\"w-text-value\">Adres\u0103: Str. Remus nr. 1-3, etaj 5, sector 3, Bucure\u015fti<\/span><\/span><\/strong><\/div>\n<div class=\"w-text us_custom_c901145c contactlink\"><strong>Num\u0103r de telefon<span class=\"w-text-h\"><span class=\"w-text-value\">: <\/span><\/span><a class=\"w-text-h\" href=\"tel:0040314257193\"><i class=\"fas fa-phone\"><\/i><span class=\"w-text-value\">(004) 031 425 7193<\/span><\/a><\/strong><\/div>\n<div><strong>Fax<span class=\"w-text-h\"><span class=\"w-text-value\">: <a class=\"w-text-h\" href=\"tel:0040314257194\"><i class=\"fas fa-phone\"><\/i>(004) 031 425 7194<\/a><\/span><\/span><\/strong><\/div>\n<div><strong><span class=\"w-text-h\"><span class=\"w-text-value\">Email: <\/span><\/span><i class=\"fas fa-envelope\"><\/i><span class=\"w-text-value\"><a class=\"w-text-h\" href=\"mailto:office@psbh.ro\">office@psbh.ro<\/a><\/span><\/strong><\/div>\n<h3><strong><span style=\"color: #993366;\"><img loading=\"lazy\" decoding=\"async\" class=\"alignnone size-medium wp-image-2216\" src=\"https:\/\/new.psbh.ro\/wp-content\/uploads\/2024\/12\/Untitled-design-1-300x188.jpg\" alt=\"\" width=\"300\" height=\"188\" srcset=\"https:\/\/new.psbh.ro\/wp-content\/uploads\/2024\/12\/Untitled-design-1-300x188.jpg 300w, https:\/\/new.psbh.ro\/wp-content\/uploads\/2024\/12\/Untitled-design-1-1024x640.jpg 1024w, https:\/\/new.psbh.ro\/wp-content\/uploads\/2024\/12\/Untitled-design-1-768x480.jpg 768w, https:\/\/new.psbh.ro\/wp-content\/uploads\/2024\/12\/Untitled-design-1-500x313.jpg 500w, https:\/\/new.psbh.ro\/wp-content\/uploads\/2024\/12\/Untitled-design-1-1300x813.jpg 1300w, https:\/\/new.psbh.ro\/wp-content\/uploads\/2024\/12\/Untitled-design-1-600x375.jpg 600w, https:\/\/new.psbh.ro\/wp-content\/uploads\/2024\/12\/Untitled-design-1.jpg 1440w\" sizes=\"auto, (max-width: 300px) 100vw, 300px\" \/><\/span><\/strong><\/h3>\n\n\t\t<\/div>\n\t<\/div>\n<\/div><\/div><\/div><\/div>","protected":false},"excerpt":{"rendered":"\u00cenc\u0103 de la \u00eenfiin\u021bare, PSBH a considerat domeniul insolven\u021bei ca fiind o arie de practic\u0103 deosebit de important\u0103, at\u00e2t din perspectiva provoc\u0103rilor juridice pe care le implic\u0103, c\u00e2t \u0219i a oportunit\u0103\u021bii de a sprijini societ\u0103\u021bile aflate \u00een dificultate financiar\u0103. Insolven\u021ba nu este doar o problem\u0103 juridic\u0103, ci \u0219i un moment critic \u00een via\u021ba unei afaceri,...<div class=\"[...]\"><a href=\"https:\/\/new.psbh.ro\/en\/insolventa\/\">Read More<\/a><\/div>","protected":false},"author":1,"featured_media":0,"parent":0,"menu_order":0,"comment_status":"closed","ping_status":"closed","template":"","meta":{"footnotes":""},"class_list":["post-2442","page","type-page","status-publish","hentry"],"_links":{"self":[{"href":"https:\/\/new.psbh.ro\/en\/wp-json\/wp\/v2\/pages\/2442","targetHints":{"allow":["GET"]}}],"collection":[{"href":"https:\/\/new.psbh.ro\/en\/wp-json\/wp\/v2\/pages"}],"about":[{"href":"https:\/\/new.psbh.ro\/en\/wp-json\/wp\/v2\/types\/page"}],"author":[{"embeddable":true,"href":"https:\/\/new.psbh.ro\/en\/wp-json\/wp\/v2\/users\/1"}],"replies":[{"embeddable":true,"href":"https:\/\/new.psbh.ro\/en\/wp-json\/wp\/v2\/comments?post=2442"}],"version-history":[{"count":3,"href":"https:\/\/new.psbh.ro\/en\/wp-json\/wp\/v2\/pages\/2442\/revisions"}],"predecessor-version":[{"id":2451,"href":"https:\/\/new.psbh.ro\/en\/wp-json\/wp\/v2\/pages\/2442\/revisions\/2451"}],"wp:attachment":[{"href":"https:\/\/new.psbh.ro\/en\/wp-json\/wp\/v2\/media?parent=2442"}],"curies":[{"name":"wp","href":"https:\/\/api.w.org\/{rel}","templated":true}]}}