{"id":375,"date":"2017-01-30T22:58:35","date_gmt":"2017-01-30T22:58:35","guid":{"rendered":"http:\/\/local.law:8888\/?page_id=375"},"modified":"2025-02-27T08:30:43","modified_gmt":"2025-02-27T08:30:43","slug":"about-us","status":"publish","type":"page","link":"https:\/\/new.psbh.ro\/en\/company-info\/about-us\/","title":{"rendered":"About Us"},"content":{"rendered":"<div class=\"vc_row wpb_row vc_row-fluid\"><div class=\"wpb_column vc_column_container vc_col-sm-12\"><div class=\"vc_column-inner\"><div class=\"wpb_wrapper\">\n\t<div class=\"wpb_text_column wpb_content_element\" >\n\t\t<div class=\"wpb_wrapper\">\n\t\t\t<p class=\"cvGsUA direction-ltr align-justify para-style-body\"><span class=\"OYPEnA font-feature-liga-off font-feature-clig-off font-feature-calt-off text-decoration-none text-strikethrough-none\"><img loading=\"lazy\" decoding=\"async\" class=\"aligncenter wp-image-2216 size-large\" src=\"https:\/\/new.psbh.ro\/wp-content\/uploads\/2024\/12\/Untitled-design-1-1024x640.jpg\" alt=\"\" width=\"640\" height=\"400\" srcset=\"https:\/\/new.psbh.ro\/wp-content\/uploads\/2024\/12\/Untitled-design-1-1024x640.jpg 1024w, https:\/\/new.psbh.ro\/wp-content\/uploads\/2024\/12\/Untitled-design-1-300x188.jpg 300w, https:\/\/new.psbh.ro\/wp-content\/uploads\/2024\/12\/Untitled-design-1-768x480.jpg 768w, https:\/\/new.psbh.ro\/wp-content\/uploads\/2024\/12\/Untitled-design-1-500x313.jpg 500w, https:\/\/new.psbh.ro\/wp-content\/uploads\/2024\/12\/Untitled-design-1-1300x813.jpg 1300w, https:\/\/new.psbh.ro\/wp-content\/uploads\/2024\/12\/Untitled-design-1-600x375.jpg 600w, https:\/\/new.psbh.ro\/wp-content\/uploads\/2024\/12\/Untitled-design-1.jpg 1440w\" sizes=\"auto, (max-width: 640px) 100vw, 640px\" \/><\/span><\/p>\n<p class=\"cvGsUA direction-ltr align-justify para-style-body\"><span class=\"OYPEnA font-feature-liga-off font-feature-clig-off font-feature-calt-off text-decoration-none text-strikethrough-none\">\u00cenc\u0103 de la \u00eenfiin\u021bare, din 2010, ne-am propus s\u0103 redefinim standardele serviciilor juridice \u0219i fiscale din Rom\u00e2nia. De-a lungul timpului ne-am dedicat s\u0103 ajut\u0103m companii, de la start-up-uri p\u00e2n\u0103 la nivel de corpora\u021bii s\u0103 devin\u0103 embleme ale propriilor industrii, s\u0103 str\u0103luceasc\u0103 \u00een fa\u021ba competi\u021biei sau chiar \u0219i \u00een mijlocul perioadelor de criz\u0103.\u00a0<\/span><\/p>\n<blockquote class=\"floated\">\n<p title=\"100 words\"><span class=\"OYPEnA font-feature-liga-off font-feature-clig-off font-feature-calt-off text-decoration-none text-strikethrough-none\">Ne-am propus ca pentru a avea succes \u0219i a rezolva problemele cele mai complexe ale clien\u021bilor no\u0219tri, PSBH s\u0103 nu fie niciodat\u00e3 o companie conven\u021bional\u0103. \u0218i nu inten\u021bion\u0103m s\u0103 devenim una.<\/span><\/p>\n<\/blockquote>\n<p class=\"cvGsUA direction-ltr align-justify para-style-body\"><span class=\"OYPEnA font-feature-liga-off font-feature-clig-off font-feature-calt-off text-decoration-none text-strikethrough-none\">Aceast\u0103 dedicare ne-a consolidat reputa\u021bia unui partener de \u00eencredere, oferind solu\u021bii juridice \u0219i fiscale inovatoare \u0219i adaptate la orice nivel de complexitate.<\/span><\/p>\n<p class=\"cvGsUA direction-ltr align-justify para-style-body\"><span class=\"OYPEnA font-feature-liga-off font-feature-clig-off font-feature-calt-off text-decoration-none text-strikethrough-none\">C\u00e2nd nu lucr\u0103m pentru companii, vorbim \u00een \u0219coli cu elevi despre drepturile lor sau ne implic\u0103m \u00een proiecte pro bono. Satisfac\u021bia noastr\u0103 incomensurabil\u0103 este c\u0103 avem ocazia de a schimba vie\u021bile \u0219i afacerile oamenilor \u00een bine.<\/span><\/p>\n<p class=\"cvGsUA direction-ltr align-justify para-style-body\"><span class=\"OYPEnA font-feature-liga-off font-feature-clig-off font-feature-calt-off text-decoration-none text-strikethrough-none\">\u00cen numele celor peste 30 de membri ai echipei noastre, \u00ee\u021bi mul\u021bumim c\u0103 e\u0219ti aici, citind aceste r\u00e2nduri \u0219i te invit\u0103m s\u0103 scriem \u00eempreun\u0103 un nou capitol \u00een povestea de succes a afacerii tale.<\/span><\/p>\n\n\t\t<\/div>\n\t<\/div>\n<\/div><\/div><\/div><\/div><div class=\"vc_row wpb_row vc_row-fluid\"><div class=\"wpb_column vc_column_container vc_col-sm-12\"><div class=\"vc_column-inner\"><div class=\"wpb_wrapper\"><div class=\"wpb_images_carousel wpb_content_element vc_clearfix\"><div class=\"wpb_wrapper\"><div id=\"vc_images-carousel-1-1776601781\" data-ride=\"vc_carousel\" data-wrap=\"false\" style=\"width: 100%;\" data-interval=\"0\" data-auto-height=\"yes\" data-mode=\"horizontal\" data-partial=\"false\" data-per-view=\"1\" data-hide-on-end=\"true\" class=\"vc_slide vc_images_carousel\"><ol class=\"vc_carousel-indicators\"><li data-target=\"#vc_images-carousel-1-1776601781\" data-slide-to=\"0\"><\/li><li data-target=\"#vc_images-carousel-1-1776601781\" data-slide-to=\"1\"><\/li><li data-target=\"#vc_images-carousel-1-1776601781\" data-slide-to=\"2\"><\/li><\/ol><div class=\"vc_carousel-inner\"><div class=\"vc_carousel-slideline\"><div class=\"vc_carousel-slideline-inner\"><div class=\"vc_item\"><div class=\"vc_inner\"><img loading=\"lazy\" decoding=\"async\" width=\"2000\" height=\"2000\" src=\"https:\/\/new.psbh.ro\/wp-content\/uploads\/2025\/02\/psbh-brosura-patrata-1.jpg\" class=\"attachment-full\" alt=\"\" srcset=\"https:\/\/new.psbh.ro\/wp-content\/uploads\/2025\/02\/psbh-brosura-patrata-1.jpg 2000w, https:\/\/new.psbh.ro\/wp-content\/uploads\/2025\/02\/psbh-brosura-patrata-1-300x300.jpg 300w, https:\/\/new.psbh.ro\/wp-content\/uploads\/2025\/02\/psbh-brosura-patrata-1-1024x1024.jpg 1024w, https:\/\/new.psbh.ro\/wp-content\/uploads\/2025\/02\/psbh-brosura-patrata-1-150x150.jpg 150w, https:\/\/new.psbh.ro\/wp-content\/uploads\/2025\/02\/psbh-brosura-patrata-1-768x768.jpg 768w, https:\/\/new.psbh.ro\/wp-content\/uploads\/2025\/02\/psbh-brosura-patrata-1-1536x1536.jpg 1536w, https:\/\/new.psbh.ro\/wp-content\/uploads\/2025\/02\/psbh-brosura-patrata-1-500x500.jpg 500w, https:\/\/new.psbh.ro\/wp-content\/uploads\/2025\/02\/psbh-brosura-patrata-1-400x400.jpg 400w, https:\/\/new.psbh.ro\/wp-content\/uploads\/2025\/02\/psbh-brosura-patrata-1-1300x1300.jpg 1300w, https:\/\/new.psbh.ro\/wp-content\/uploads\/2025\/02\/psbh-brosura-patrata-1-600x600.jpg 600w, https:\/\/new.psbh.ro\/wp-content\/uploads\/2025\/02\/psbh-brosura-patrata-1-100x100.jpg 100w, https:\/\/new.psbh.ro\/wp-content\/uploads\/2025\/02\/psbh-brosura-patrata-1-250x250.jpg 250w\" sizes=\"auto, (max-width: 2000px) 100vw, 2000px\" \/><\/div><\/div><div class=\"vc_item\"><div class=\"vc_inner\"><img loading=\"lazy\" decoding=\"async\" width=\"2000\" height=\"2000\" src=\"https:\/\/new.psbh.ro\/wp-content\/uploads\/2025\/02\/psbh-brosura-patrata-3.jpg\" class=\"attachment-full\" alt=\"\" srcset=\"https:\/\/new.psbh.ro\/wp-content\/uploads\/2025\/02\/psbh-brosura-patrata-3.jpg 2000w, https:\/\/new.psbh.ro\/wp-content\/uploads\/2025\/02\/psbh-brosura-patrata-3-300x300.jpg 300w, https:\/\/new.psbh.ro\/wp-content\/uploads\/2025\/02\/psbh-brosura-patrata-3-1024x1024.jpg 1024w, https:\/\/new.psbh.ro\/wp-content\/uploads\/2025\/02\/psbh-brosura-patrata-3-150x150.jpg 150w, https:\/\/new.psbh.ro\/wp-content\/uploads\/2025\/02\/psbh-brosura-patrata-3-768x768.jpg 768w, https:\/\/new.psbh.ro\/wp-content\/uploads\/2025\/02\/psbh-brosura-patrata-3-1536x1536.jpg 1536w, https:\/\/new.psbh.ro\/wp-content\/uploads\/2025\/02\/psbh-brosura-patrata-3-500x500.jpg 500w, https:\/\/new.psbh.ro\/wp-content\/uploads\/2025\/02\/psbh-brosura-patrata-3-400x400.jpg 400w, https:\/\/new.psbh.ro\/wp-content\/uploads\/2025\/02\/psbh-brosura-patrata-3-1300x1300.jpg 1300w, https:\/\/new.psbh.ro\/wp-content\/uploads\/2025\/02\/psbh-brosura-patrata-3-600x600.jpg 600w, https:\/\/new.psbh.ro\/wp-content\/uploads\/2025\/02\/psbh-brosura-patrata-3-100x100.jpg 100w, https:\/\/new.psbh.ro\/wp-content\/uploads\/2025\/02\/psbh-brosura-patrata-3-250x250.jpg 250w\" sizes=\"auto, (max-width: 2000px) 100vw, 2000px\" \/><\/div><\/div><div class=\"vc_item\"><div class=\"vc_inner\"><img loading=\"lazy\" decoding=\"async\" width=\"2000\" height=\"2000\" src=\"https:\/\/new.psbh.ro\/wp-content\/uploads\/2025\/02\/psbh-brosura-patrata-2.jpg\" class=\"attachment-full\" alt=\"\" srcset=\"https:\/\/new.psbh.ro\/wp-content\/uploads\/2025\/02\/psbh-brosura-patrata-2.jpg 2000w, https:\/\/new.psbh.ro\/wp-content\/uploads\/2025\/02\/psbh-brosura-patrata-2-300x300.jpg 300w, https:\/\/new.psbh.ro\/wp-content\/uploads\/2025\/02\/psbh-brosura-patrata-2-1024x1024.jpg 1024w, https:\/\/new.psbh.ro\/wp-content\/uploads\/2025\/02\/psbh-brosura-patrata-2-150x150.jpg 150w, https:\/\/new.psbh.ro\/wp-content\/uploads\/2025\/02\/psbh-brosura-patrata-2-768x768.jpg 768w, https:\/\/new.psbh.ro\/wp-content\/uploads\/2025\/02\/psbh-brosura-patrata-2-1536x1536.jpg 1536w, https:\/\/new.psbh.ro\/wp-content\/uploads\/2025\/02\/psbh-brosura-patrata-2-500x500.jpg 500w, https:\/\/new.psbh.ro\/wp-content\/uploads\/2025\/02\/psbh-brosura-patrata-2-400x400.jpg 400w, https:\/\/new.psbh.ro\/wp-content\/uploads\/2025\/02\/psbh-brosura-patrata-2-1300x1300.jpg 1300w, https:\/\/new.psbh.ro\/wp-content\/uploads\/2025\/02\/psbh-brosura-patrata-2-600x600.jpg 600w, https:\/\/new.psbh.ro\/wp-content\/uploads\/2025\/02\/psbh-brosura-patrata-2-100x100.jpg 100w, https:\/\/new.psbh.ro\/wp-content\/uploads\/2025\/02\/psbh-brosura-patrata-2-250x250.jpg 250w\" sizes=\"auto, (max-width: 2000px) 100vw, 2000px\" \/><\/div><\/div><\/div><\/div><\/div><a class=\"vc_left vc_carousel-control\" href=\"#vc_images-carousel-1-1776601781\" data-slide=\"prev\"><span class=\"icon-prev\"><\/span><\/a><a class=\"vc_right vc_carousel-control\" href=\"#vc_images-carousel-1-1776601781\" data-slide=\"next\"><span class=\"icon-next\"><\/span><\/a><\/div><\/div><\/div><\/div><\/div><\/div><\/div>","protected":false},"excerpt":{"rendered":"\u00cenc\u0103 de la \u00eenfiin\u021bare, din 2010, ne-am propus s\u0103 redefinim standardele serviciilor juridice \u0219i fiscale din Rom\u00e2nia. De-a lungul timpului ne-am dedicat s\u0103 ajut\u0103m companii, de la start-up-uri p\u00e2n\u0103 la nivel de corpora\u021bii s\u0103 devin\u0103 embleme ale propriilor industrii, s\u0103 str\u0103luceasc\u0103 \u00een fa\u021ba competi\u021biei sau chiar \u0219i \u00een mijlocul perioadelor de criz\u0103.\u00a0 Ne-am propus ca...<div class=\"[...]\"><a href=\"https:\/\/new.psbh.ro\/en\/company-info\/about-us\/\">Read More<\/a><\/div>","protected":false},"author":1,"featured_media":2190,"parent":383,"menu_order":0,"comment_status":"closed","ping_status":"closed","template":"","meta":{"footnotes":""},"class_list":["post-375","page","type-page","status-publish","has-post-thumbnail","hentry"],"_links":{"self":[{"href":"https:\/\/new.psbh.ro\/en\/wp-json\/wp\/v2\/pages\/375","targetHints":{"allow":["GET"]}}],"collection":[{"href":"https:\/\/new.psbh.ro\/en\/wp-json\/wp\/v2\/pages"}],"about":[{"href":"https:\/\/new.psbh.ro\/en\/wp-json\/wp\/v2\/types\/page"}],"author":[{"embeddable":true,"href":"https:\/\/new.psbh.ro\/en\/wp-json\/wp\/v2\/users\/1"}],"replies":[{"embeddable":true,"href":"https:\/\/new.psbh.ro\/en\/wp-json\/wp\/v2\/comments?post=375"}],"version-history":[{"count":16,"href":"https:\/\/new.psbh.ro\/en\/wp-json\/wp\/v2\/pages\/375\/revisions"}],"predecessor-version":[{"id":2471,"href":"https:\/\/new.psbh.ro\/en\/wp-json\/wp\/v2\/pages\/375\/revisions\/2471"}],"up":[{"embeddable":true,"href":"https:\/\/new.psbh.ro\/en\/wp-json\/wp\/v2\/pages\/383"}],"wp:featuredmedia":[{"embeddable":true,"href":"https:\/\/new.psbh.ro\/en\/wp-json\/wp\/v2\/media\/2190"}],"wp:attachment":[{"href":"https:\/\/new.psbh.ro\/en\/wp-json\/wp\/v2\/media?parent=375"}],"curies":[{"name":"wp","href":"https:\/\/api.w.org\/{rel}","templated":true}]}}