{"id":381,"date":"2017-01-31T00:38:15","date_gmt":"2017-01-31T00:38:15","guid":{"rendered":"http:\/\/local.law:8888\/?page_id=381"},"modified":"2024-12-11T00:29:45","modified_gmt":"2024-12-11T00:29:45","slug":"our-history","status":"publish","type":"page","link":"https:\/\/new.psbh.ro\/en\/company-info\/our-history\/","title":{"rendered":"2024 la PSBH"},"content":{"rendered":"<div class=\"vc_row wpb_row vc_row-fluid\"><div class=\"wpb_column vc_column_container vc_col-sm-12\"><div class=\"vc_column-inner\"><div class=\"wpb_wrapper\">\n\t<div class=\"wpb_text_column wpb_content_element\" >\n\t\t<div class=\"wpb_wrapper\">\n\t\t\t<p><img loading=\"lazy\" decoding=\"async\" class=\"aligncenter wp-image-2121 size-large\" src=\"https:\/\/new.psbh.ro\/wp-content\/uploads\/2024\/12\/cub2024-819x1024.png\" alt=\"\" width=\"640\" height=\"800\" srcset=\"https:\/\/new.psbh.ro\/wp-content\/uploads\/2024\/12\/cub2024-819x1024.png 819w, https:\/\/new.psbh.ro\/wp-content\/uploads\/2024\/12\/cub2024-240x300.png 240w, https:\/\/new.psbh.ro\/wp-content\/uploads\/2024\/12\/cub2024-768x960.png 768w, https:\/\/new.psbh.ro\/wp-content\/uploads\/2024\/12\/cub2024-1229x1536.png 1229w, https:\/\/new.psbh.ro\/wp-content\/uploads\/2024\/12\/cub2024-1638x2048.png 1638w, https:\/\/new.psbh.ro\/wp-content\/uploads\/2024\/12\/cub2024-400x500.png 400w, https:\/\/new.psbh.ro\/wp-content\/uploads\/2024\/12\/cub2024-1040x1300.png 1040w\" sizes=\"auto, (max-width: 640px) 100vw, 640px\" \/>2024 la PSBH a fost un an al inova\u021biei, performan\u021bei \u0219i colabor\u0103rii. Fiecare succes ob\u021binut \u00een acest an ne-a motivat s\u0103 continu\u0103m s\u0103 inov\u0103m \u0219i s\u0103 ne \u00eembun\u0103t\u0103\u021bim, al\u0103turi de clien\u021bii \u0219i partenerii no\u0219tri.<\/p>\n<p>Privim cu entuziasm spre viitor \u0219i suntem preg\u0103ti\u021bi s\u0103 continu\u0103m s\u0103 construim pove\u0219ti de succes \u0219i \u00een anii ce urmeaz\u0103. Mul\u021bumim tuturor celor care ne-au fost al\u0103turi!<\/p>\n\n\t\t<\/div>\n\t<\/div>\n<\/div><\/div><\/div><\/div><div class=\"vc_row wpb_row vc_row-fluid\"><div class=\"wpb_column vc_column_container vc_col-sm-12\"><div class=\"vc_column-inner\"><div class=\"wpb_wrapper\">\n  <div class=\"os-container\">\n    <div class=\"os-history-entry\"><div class=\"history-entry-date\"><div class=\"history-entry-date-i\">Decembrie<\/div><\/div><div class=\"history-event-description\"><div class=\"history-event-description-i\"><h6>Ob\u021binerea achit\u0103rii totale pentru clienta noastr\u0103 \u00eentr-un caz complex de evaziune fiscal\u0103 de cca. 1 milion de euro \u0219i 9 ani de \u00eenchisoare cu executare.<\/h6>\n<\/div><\/div>\n    <\/div>\n  <\/div>\n  <div class=\"os-container\">\n    <div class=\"os-history-entry\"><div class=\"history-entry-date\"><div class=\"history-entry-date-i\">Noiembrie<\/div><\/div><div class=\"history-event-description\"><div class=\"history-event-description-i\"><h6>&#8211; Sesizarea Cur\u021bii Constitu\u021bionale \u00eentr-un caz penal de malpraxis medical.<\/h6>\n<h6>&#8211; Solu\u021bionarea amiabil\u0103 \u00eentr-un caz pre-litigios pentru o franciz\u0103 HoReCa.<\/h6>\n<h6>&#8211; Ob\u021binerea unei decizii favorabile \u00eentr-un caz de achizi\u021bie public\u0103 pentru lucr\u0103ri de infrastructur\u0103.<\/h6>\n<h6>&#8211; Lansarea unui parteneriat cu Funda\u021bia Rena\u0219terea.<\/h6>\n<h6>&#8211; Asisten\u021b\u0103 juridic\u0103 pentru Adunarea General\u0103 Extraordinar\u0103 a unei asocia\u021bii din domeniul telecomunica\u021biilor.<\/h6>\n<h6>&#8211; Organizarea unui concurs de procese simulate al\u0103turi de studen\u021bii ASFD.<\/h6>\n<h6>&#8211; Semnarea unui contract de asisten\u021b\u0103 juridic\u0103 cu IGSU pentru recuperarea unei crean\u021be de aproximativ 2,5 milioane USD din Coreea de Sud.<\/h6>\n<\/div><\/div>\n    <\/div>\n  <\/div>\n  <div class=\"os-container\">\n    <div class=\"os-history-entry\"><div class=\"history-entry-date\"><div class=\"history-entry-date-i\">Octombrie<\/div><\/div><div class=\"history-event-description\"><div class=\"history-event-description-i\"><h6>&#8211; Contribu\u021bia la Ghidul Studentului, edi\u021bia 2024-2025.<\/h6>\n<h6>&#8211; Implicarea \u00een programul de mentorat *Law School 101* al Asocia\u021biei Studen\u021bilor Facult\u0103\u021bii de Drept &#8211; ASE Bucure\u0219ti.<\/h6>\n<h6>&#8211; Ob\u021binerea exoner\u0103rii unui client de la plata unor datorii de 702.000 lei \u00eentr-un caz ANAF.<\/h6>\n<h6>&#8211; Publicarea unui articol \u00een *Universul Juridic*.<\/h6>\n<h6>&#8211; Participarea la Conferin\u021ba Na\u021bional\u0103 de Drept Penal \u0219i Procesual Penal organizat\u0103 de AAvPR.<\/h6>\n<h6>&#8211; Lansarea parteneriatului cu Asocia\u021bia D\u0103ruie\u0219te Via\u021b\u0103.<\/h6>\n<\/div><\/div>\n    <\/div>\n  <\/div>\n  <div class=\"os-container\">\n    <div class=\"os-history-entry\"><div class=\"history-entry-date\"><div class=\"history-entry-date-i\">Septembrie<\/div><\/div><div class=\"history-event-description\"><div class=\"history-event-description-i\"><h6>&#8211; Extinderea ariei de expertiz\u0103 \u00een domeniul insolven\u021bei, cu prima numire oficial\u0103 de c\u0103tre Registrul Comer\u021bului pentru lichidarea a dou\u0103 societ\u0103\u021bi.<\/h6>\n<h6>&#8211; Participarea la evenimentul aniversar al Camerei de Comer\u021b \u0219i Industrie Rom\u00e2nia-Israel (CCIRI).<\/h6>\n<h6>&#8211; C\u00e2\u0219tigarea titlului de *Mid-Size Law Firm of the Year* la Romanian Legal Awards.<\/h6>\n<\/div><\/div>\n    <\/div>\n  <\/div>\n  <div class=\"os-container\">\n    <div class=\"os-history-entry\"><div class=\"history-entry-date\"><div class=\"history-entry-date-i\">August<\/div><\/div><div class=\"history-event-description\"><div class=\"history-event-description-i\"><h6>&#8211; Lansarea unui parteneriat cu Asocia\u021bia Studen\u021bilor Facult\u0103\u021bii de Drept (ASE Bucure\u0219ti).<\/h6>\n<h6>&#8211; Reprezentarea cu succes \u00eentr-un litigiu complex \u00eempotriva CNAIR.<\/h6>\n<h6>&#8211; Victorie la Curtea de Apel Bucure\u0219ti \u00eentr-un caz de achizi\u021bie public\u0103, asigur\u00e2nd un contract de 3.500.000 lei pentru client.<\/h6>\n<\/div><\/div>\n    <\/div>\n  <\/div>\n  <div class=\"os-container\">\n    <div class=\"os-history-entry\"><div class=\"history-entry-date\"><div class=\"history-entry-date-i\">Iulie<\/div><\/div><div class=\"history-event-description\"><div class=\"history-event-description-i\"><h6>&#8211; Anularea penalit\u0103\u021bilor fiscale ANAF, \u00een valoare de peste 1.100.000 lei.<\/h6>\n<h6>&#8211; Men\u021binerea unui contract evaluat la 3.600.000 lei prin anularea unei decizii CNSC.<\/h6>\n<h6>&#8211; Sesizarea Cur\u021bii Constitu\u021bionale \u00eentr-un caz penal complex ce implic\u0103 m\u0103suri asiguratorii de cca. 17.000.000 lei.<\/h6>\n<h6>&#8211; Finalizarea stagiului de practic\u0103 al studen\u021bilor la PSBH.<\/h6>\n<\/div><\/div>\n    <\/div>\n  <\/div>\n  <div class=\"os-container\">\n    <div class=\"os-history-entry\"><div class=\"history-entry-date\"><div class=\"history-entry-date-i\">Iunie<\/div><\/div><div class=\"history-event-description\"><div class=\"history-event-description-i\"><h6>&#8211; Solu\u021bionarea amiabil\u0103 a unei situa\u021bii juridice complexe, ce a implicat 14 litigii, printr-o tranzac\u021bie judiciar\u0103 de 2 milioane de euro.<\/h6>\n<h6>&#8211; Ob\u021binerea anul\u0103rii unei execut\u0103ri silite de peste 300.000 euro.<\/h6>\n<h6>&#8211; Reducerea penalit\u0103\u021bilor de 100.000 euro pentru un dezvoltator imobiliar.<\/h6>\n<h6>&#8211; Anularea unei decizii ANAF privind atragerea r\u0103spunderii solidare \u00een valoare de 1.000.000 lei.<\/h6>\n<\/div><\/div>\n    <\/div>\n  <\/div>\n  <div class=\"os-container\">\n    <div class=\"os-history-entry\"><div class=\"history-entry-date\"><div class=\"history-entry-date-i\">Mai<\/div><\/div><div class=\"history-event-description\"><div class=\"history-event-description-i\"><h6>&#8211; Andrei Nicolau, Senior Partner PSBH, a fost invitat s\u0103 vorbeasc\u0103 la Forumul \u0218tiin\u021bific Na\u021bional al Tinerilor Medici Oncologi, edi\u021bia a 4-a. Tema: malpraxis \u00een domeniul medical, preven\u021bie \u0219i aspecte legale esen\u021biale pentru profesioni\u0219tii din s\u0103n\u0103tate.<\/h6>\n<h6>&#8211; Participarea la Conferin\u021ba Na\u021bional\u0103 de Insolven\u021b\u0103.<\/h6>\n<h6>&#8211; Finalizarea unei tranzac\u021bii judiciare \u00een valoare de 2 milioane de euro, \u00eenchiz\u00e2nd multiple litigii.<\/h6>\n<\/div><\/div>\n    <\/div>\n  <\/div>\n  <div class=\"os-container\">\n    <div class=\"os-history-entry\"><div class=\"history-entry-date\"><div class=\"history-entry-date-i\">Aprilie<\/div><\/div><div class=\"history-event-description\"><div class=\"history-event-description-i\"><h6>Organizarea workshop-ului *Legal Ethics* \u00een colaborare cu Asocia\u021bia Studen\u021bilor \u00een Drept.<\/h6>\n<\/div><\/div>\n    <\/div>\n  <\/div>\n  <div class=\"os-container\">\n    <div class=\"os-history-entry\"><div class=\"history-entry-date\"><div class=\"history-entry-date-i\">Martie<\/div><\/div><div class=\"history-event-description\"><div class=\"history-event-description-i\"><h6>&#8211; Sus\u021binerea evenimentului Parent X.<\/h6>\n<h6>&#8211; Demararea unui parteneriat cu Asocia\u021bia Studen\u021bilor \u00een Drept, Universitatea Bucure\u0219ti.<\/h6>\n<\/div><\/div>\n    <\/div>\n  <\/div><\/div><\/div><\/div><\/div>","protected":false},"excerpt":{"rendered":"2024 la PSBH a fost un an al inova\u021biei, performan\u021bei \u0219i colabor\u0103rii. Fiecare succes ob\u021binut \u00een acest an ne-a motivat s\u0103 continu\u0103m s\u0103 inov\u0103m \u0219i s\u0103 ne \u00eembun\u0103t\u0103\u021bim, al\u0103turi de clien\u021bii \u0219i partenerii no\u0219tri. Privim cu entuziasm spre viitor \u0219i suntem preg\u0103ti\u021bi s\u0103 continu\u0103m s\u0103 construim pove\u0219ti de succes \u0219i \u00een anii ce urmeaz\u0103. Mul\u021bumim...<div class=\"[...]\"><a href=\"https:\/\/new.psbh.ro\/en\/company-info\/our-history\/\">Read More<\/a><\/div>","protected":false},"author":1,"featured_media":0,"parent":383,"menu_order":0,"comment_status":"closed","ping_status":"closed","template":"","meta":{"footnotes":""},"class_list":["post-381","page","type-page","status-publish","hentry"],"_links":{"self":[{"href":"https:\/\/new.psbh.ro\/en\/wp-json\/wp\/v2\/pages\/381","targetHints":{"allow":["GET"]}}],"collection":[{"href":"https:\/\/new.psbh.ro\/en\/wp-json\/wp\/v2\/pages"}],"about":[{"href":"https:\/\/new.psbh.ro\/en\/wp-json\/wp\/v2\/types\/page"}],"author":[{"embeddable":true,"href":"https:\/\/new.psbh.ro\/en\/wp-json\/wp\/v2\/users\/1"}],"replies":[{"embeddable":true,"href":"https:\/\/new.psbh.ro\/en\/wp-json\/wp\/v2\/comments?post=381"}],"version-history":[{"count":4,"href":"https:\/\/new.psbh.ro\/en\/wp-json\/wp\/v2\/pages\/381\/revisions"}],"predecessor-version":[{"id":2122,"href":"https:\/\/new.psbh.ro\/en\/wp-json\/wp\/v2\/pages\/381\/revisions\/2122"}],"up":[{"embeddable":true,"href":"https:\/\/new.psbh.ro\/en\/wp-json\/wp\/v2\/pages\/383"}],"wp:attachment":[{"href":"https:\/\/new.psbh.ro\/en\/wp-json\/wp\/v2\/media?parent=381"}],"curies":[{"name":"wp","href":"https:\/\/api.w.org\/{rel}","templated":true}]}}