{"id":607,"date":"2017-02-18T20:17:23","date_gmt":"2017-02-18T20:17:23","guid":{"rendered":"http:\/\/law.pinsupreme.com\/?page_id=607"},"modified":"2024-12-10T14:44:36","modified_gmt":"2024-12-10T14:44:36","slug":"terms-of-service","status":"publish","type":"page","link":"https:\/\/new.psbh.ro\/en\/terms-of-service\/","title":{"rendered":"Termeni \u0219i condi\u021bii"},"content":{"rendered":"<p>Bine a\u021bi venit pe site-ul <a href=\"http:\/\/www.psbh.ro\/\">www.psbh.ro<\/a>!<\/p>\n<p>Site-ul www.psbh.ro (denumit \u00een continuare \u201e<em>Site-ul<\/em>\u201d)\u00a0 este proprietatea PSBH Popescu, Nicolau &amp; Asocia\u0163ii, societate civil\u0103 profesional\u0103 de avoca\u0163i cu sediul \u00een Bucure\u0219ti, str. Remus nr. 1-3, etaj 5, sector 3.<\/p>\n<p>V\u0103 rug\u0103m s\u0103 parcurge\u021bi cu aten\u021bie Termenii \u0219i Condi\u021biile prezentate \u00een aceast\u0103 sec\u021biune \u00eentruc\u00e2t ace\u0219tia reglementeaz\u0103 utilizarea de c\u0103tre dumneavoastr\u0103 a site-ului.<\/p>\n<p>Prin accesarea \u0219i utilizarea site-ului se consider\u0103 c\u0103 a\u021bi citit, a\u021bi \u00een\u021beles \u0219i a\u021bi fost de acord cu Termenii \u0219i Condi\u021biile.<\/p>\n<p><strong>Utilizarea Site-ului<\/strong><\/p>\n<p>Site-ul <a href=\"http:\/\/www.psbh.ro\/\">www.psbh.ro<\/a> ofer\u0103 informa\u021bii despre societatea PSBH Popescu, Nicolau &amp; Asocia\u021bii, serviciile juridice pe care le presteaz\u0103 \u0219i domeniile de drept \u00een care \u00ee\u0219i desf\u0103\u0219oar\u0103 activitatea, despre echipa PSBH, experien\u021ba profesional\u0103 \u0219i proiectele de succes care ne recomand\u0103.<\/p>\n<p>Totodat\u0103, site-ul con\u021bine o sec\u021biune de articole privind ultimele nout\u0103\u021bi legislative cu impact \u00een sectoarele \u00een care PSBH \u00ee\u0219i desf\u0103\u0219oar\u0103 activitatea, precum \u0219i o sec\u021biune de articole de specialitate, redactate de membrii echipei PSBH pe diferite teme dintr-o gam\u0103 variat\u0103 de domenii ale dreptului, pe care noi le apreciem ca fiind de interes at\u00e2t pentru clien\u021bi, c\u00e2t \u0219i pentru practicienii dreptului.<\/p>\n<p><strong>Drepturi de autor<\/strong><\/p>\n<p>Drepturile de autor asupra \u00eentregului con\u021binut al site-ului apar\u021bin societ\u0103\u021bii PSBH Popescu, Nicolau &amp; Asocia\u021bii, fiind protejate de Legea dreptului de autor si de legile privind proprietatea intelectual\u0103 \u0219i industrial\u0103.<\/p>\n<p>PSBH Popescu, Nicolau &amp; Asocia\u021bii ofer\u0103 tuturor utilizatorilor posibilitatea de a accesa con\u021binutul site-ului pentru uzul personal al acestora.<\/p>\n<p>Copierea, transmiterea, publicarea sau distribuirea con\u021binutului site-ului f\u0103r\u0103 acordul prealabil, exprimat \u00een scris, al PSBH Popescu, Nicolau &amp; Asocia\u021bii nu este permis\u0103 \u0219i se pedepse\u0219te conform legilor \u00een vigoare.<\/p>\n<p>Prin informa\u021biile expuse \u00een cadrul prezentei sec\u021biuni a\u021bi luat cuno\u0219tin\u021b\u0103 \u0219i accepta\u021bi s\u0103 nu modifica\u021bi, vinde\u021bi, distribui\u021bi sau realiza\u021bi opere derivate \u00een baza articolelor, informa\u021biilor \u0219i imaginilor publicate pe site, f\u0103r\u0103 acordul prealabil, exprimat \u00een scris, al PSBH Popescu, Nicolau &amp; Asocia\u021bii.<\/p>\n<p>PSBH Popescu, Nicolau &amp; Asocia\u021bii acord\u0103 celor interesa\u021bi dreptul de a face trimiteri la acest site \u00een mod liber, sub condi\u021bia de a fi respectate drepturile de proprietate intelectual\u0103 pe care le de\u021binem \u0219i care v-au fost aduse la cuno\u0219tin\u021b\u0103 prin prezenta sec\u021biune.<\/p>\n<p><strong>Clauz\u0103 de ner\u0103spundere<\/strong><\/p>\n<p>Site-ul <a href=\"http:\/\/www.psbh.ro\/\">www.psbh.ro<\/a> este utilizat strict \u00een scopuri de informare, promovare \u0219i marketing, astfel c\u0103 prin intermediul s\u0103u PSBH Popescu, Nicolau &amp; Asocia\u021bii nu ofer\u0103 recomand\u0103ri sau consultan\u021b\u0103 juridic\u0103. Pentru orice informa\u021bii sau consiliere juridic\u0103, v\u0103 rug\u0103m s\u0103 ne contacta\u021bi la datele oficiale din sec\u021biunea <em>Contact<\/em> prezentate pe site pentru ca un avocat licen\u021biat din echipa PSBH s\u0103 v\u0103 ofere consultan\u021b\u0103 juridic\u0103 specializat\u0103.<\/p>\n<p>PSBH Popescu, Nicolau &amp; Asocia\u021bii nu \u00ee\u0219i asum\u0103 r\u0103spunderea pentru niciun prejudiciu rezultat din utilizarea informa\u021biilor sau articolelor publicate pe site, f\u0103r\u0103 consultarea avoca\u021bilor no\u0219tri autoriza\u021bi s\u0103 acorde opinii juridice \u0219i s\u0103 propun\u0103 solu\u021bii corespunz\u0103toare, particularizate \u00een func\u021bie de circumstan\u021bele concrete ale situa\u021biei fiec\u0103rui client.<\/p>\n<p>\u00cen con\u021binutul acestui site exist\u0103 posibilitatea s\u0103 reg\u0103si\u021bi trimiteri la link-uri ori resurse care nu se afl\u0103 \u00een proprietatea sau gestiunea PSBH Popescu, Nicolau &amp; Asocia\u021bii, astfel c\u0103 nu ne asum\u0103m r\u0103spunderea pentru disponibilitatea, con\u021binutul, publicitatea, func\u021bionalitatea sau performan\u021bele acestora ori pentru \u00eenc\u0103lcarea drepturilor de proprietate intelectual\u0103 sau a altor drepturi \u00een leg\u0103tur\u0103 cu aceste site-uri ori resurse.<\/p>\n<p>Trimiterile la aceste link-uri ori resurse vor fi semnalate \u00een mod corespunz\u0103tor, cu indicarea titularilor dreptului de proprietate intelectual\u0103, iar PSBH Popescu, Nicolau &amp; Asocia\u021bii \u00ee\u0219i asum\u0103 obliga\u021bia de a \u00eenl\u0103tura de \u00eendat\u0103 de pe site orice trimiteri ori resurse care nu se afl\u0103 \u00een proprietatea sa, la cererea titularului dreptului de proprietate intelectual\u0103, scopul urm\u0103rit de societatea noastr\u0103 prin indicarea acestora fiind exclusiv acela de a sugera un site sau material care ar putea prezenta interes pentru cititori.<\/p>\n<p><strong>Prelucrarea datelor cu caracter personal<\/strong><\/p>\n<p>Prin intermediul site-ului sunt colectate anumite date cu caracter personal, pe care le reg\u0103si\u021bi detaliate, \u00eempreun\u0103 cu scopurile prelucr\u0103rii \u0219i drepturile dumneavoastr\u0103 \u00een <u>Politica de confiden\u021bialitate \u0219i de prelucrare a datelor cu caracter personal<\/u> \u0219i <u>Politica privind utilizarea Cookie-urilor<\/u>, pentru care am creat sec\u021biuni separate \u00een cuprinsul site-ului, pe care v\u0103 rug\u0103m s\u0103 le consulta\u021bi cu aten\u021bie.<\/p>\n<p><strong>Modificarea Termenilor \u0219i Condi\u021biilor<\/strong><\/p>\n<p><strong>\u00a0<\/strong>PSBH Popescu, Nicolau &amp; Asocia\u021bii \u00ee\u0219i rezerv\u0103 dreptul de a actualiza Termenii \u0219i Condi\u021biile f\u0103r\u0103 o notificare prealabil\u0103 a persoanelor care utilizeaz\u0103 Site-ul, modific\u0103rile produc\u00e2nd efecte de la momentul public\u0103rii lor pe Site. Utilizatorii au obliga\u021bia de a verifica periodic clauzele cuprinse \u00een rubrica \u201eTermeni \u0219i Condi\u021bii\u201d pentru a lua cuno\u0219tin\u021b\u0103 de versiunea actualizat\u0103 a acestora.<\/p>\n<p><strong>Legea aplicabil\u0103<\/strong><\/p>\n<p>Termenii \u0219i Condi\u021biile din prezenta sec\u021biune, precum \u0219i orice eventuale litigii care ar decurge din sau \u00een leg\u0103tur\u0103 cu ace\u0219tia vor fi guvernate de legea rom\u00e2n\u0103.<\/p>\n<p>Termenii \u0219i Condi\u021biile din prezenta sec\u021biune au fost redacta\u021bi at\u00e2t \u00een limba rom\u00e2n\u0103, c\u00e2t \u0219i \u00een limba englez\u0103, iar \u00een cazul \u00een care apare o neconcordan\u021b\u0103 \u00eentre cele dou\u0103 versiuni, va prevala varianta \u00een limba rom\u00e2n\u0103.<\/p>","protected":false},"excerpt":{"rendered":"<p>Bine a\u021bi venit pe site-ul www.psbh.ro! Site-ul www.psbh.ro (denumit \u00een continuare \u201eSite-ul\u201d)\u00a0 este proprietatea PSBH Popescu, Nicolau &amp; Asocia\u0163ii, societate civil\u0103 profesional\u0103 de avoca\u0163i cu sediul \u00een Bucure\u0219ti, str. Remus nr. 1-3, etaj 5, sector 3. V\u0103 rug\u0103m s\u0103 parcurge\u021bi cu aten\u021bie Termenii \u0219i Condi\u021biile prezentate \u00een aceast\u0103 sec\u021biune \u00eentruc\u00e2t ace\u0219tia reglementeaz\u0103 utilizarea de c\u0103tre&#8230;<\/p>\n<div class=\"[&hellip;]\"><a href=\"https:\/\/new.psbh.ro\/en\/terms-of-service\/\">Read More<\/a><\/div>","protected":false},"author":1,"featured_media":24,"parent":0,"menu_order":0,"comment_status":"closed","ping_status":"closed","template":"","meta":{"footnotes":""},"class_list":["post-607","page","type-page","status-publish","has-post-thumbnail","hentry"],"_links":{"self":[{"href":"https:\/\/new.psbh.ro\/en\/wp-json\/wp\/v2\/pages\/607","targetHints":{"allow":["GET"]}}],"collection":[{"href":"https:\/\/new.psbh.ro\/en\/wp-json\/wp\/v2\/pages"}],"about":[{"href":"https:\/\/new.psbh.ro\/en\/wp-json\/wp\/v2\/types\/page"}],"author":[{"embeddable":true,"href":"https:\/\/new.psbh.ro\/en\/wp-json\/wp\/v2\/users\/1"}],"replies":[{"embeddable":true,"href":"https:\/\/new.psbh.ro\/en\/wp-json\/wp\/v2\/comments?post=607"}],"version-history":[{"count":1,"href":"https:\/\/new.psbh.ro\/en\/wp-json\/wp\/v2\/pages\/607\/revisions"}],"predecessor-version":[{"id":2076,"href":"https:\/\/new.psbh.ro\/en\/wp-json\/wp\/v2\/pages\/607\/revisions\/2076"}],"wp:featuredmedia":[{"embeddable":true,"href":"https:\/\/new.psbh.ro\/en\/wp-json\/"}],"wp:attachment":[{"href":"https:\/\/new.psbh.ro\/en\/wp-json\/wp\/v2\/media?parent=607"}],"curies":[{"name":"wp","href":"https:\/\/api.w.org\/{rel}","templated":true}]}}