{"id":610,"date":"2017-02-18T20:20:26","date_gmt":"2017-02-18T20:20:26","guid":{"rendered":"http:\/\/law.pinsupreme.com\/?page_id=610"},"modified":"2024-12-11T14:35:40","modified_gmt":"2024-12-11T14:35:40","slug":"privacy-policy-2","status":"publish","type":"page","link":"https:\/\/new.psbh.ro\/en\/privacy-policy-2\/","title":{"rendered":"Politica de confiden\u021bialitate"},"content":{"rendered":"<p>\u00cen 25 mai 2018 a devenit aplicabil Regulamentul European 2016\/679 privind protec\u021bia persoanelor fizice referitor la prelucrarea datelor cu caracter personal \u0219i libera circula\u021bie a acestor date (,,Regulamentul\u201d, ,,GDPR\u201d). Scopul principal al acestuia este cre\u0219terea nivelului de protec\u021bie a datelor personale \u0219i crearea unui climat de \u00eencredere care s\u0103 permit\u0103 fiec\u0103rei persoane controlul asupra propriilor date. Av\u00e2nd \u00een vedere aceste aspecte, se impune s\u0103 v\u0103 inform\u0103m cu privire la prelucrarea datelor dumneavoastr\u0103 cu caracter personal, la modalit\u0103\u021bile prin care protej\u0103m datele dumneavoastr\u0103 personale, precum \u0219i cu privire la drepturile dumneavoastr\u0103, \u00een conformitate cu prevederile GDPR.<\/p>\n<ul>\n<li><strong>DESCRIERE<\/strong><\/li>\n<\/ul>\n<p>Politica noastr\u0103 de prelucrare a datelor cu caracter personal descrie modalitatea \u00een care vom colecta \u0219i procesa datele cu caracter personal ale clien\u021bilor, poten\u021bialilor clien\u021bi, colaboratorilor \u0219i poten\u021bialilor colaboratori \u0219i se aplic\u0103 tuturor datelor cu caracter personal colectate pe site-ul <a href=\"http:\/\/www.psbh.ro\/\">www.psbh.ro<\/a>, precum \u0219i tuturor datelor cu caracter personal pe care le colect\u0103m prin intermediul e-mail-ului sau prin orice alt\u0103 cale de comunicare prin intermediul c\u0103reia se vor procesa aceste date.<\/p>\n<p>De asemenea, putem colecta informa\u021bii cu privire la preferin\u021bele dumneavoastr\u0103 prin utilizarea site-ului sus-men\u021bionat, atunci c\u00e2nd solicita\u021bi informa\u021bii de la noi sau ne angaj\u0103m serviciile ori ca rezultat al rela\u021biei pe care o ave\u021bi cu noi.<\/p>\n<p>\u00cen general, inten\u021bia noastr\u0103 este de a colecta numai datele cu caracter personal oferite voluntar de c\u0103tre fiecare persoan\u0103 vizat\u0103, astfel \u00eenc\u00e2t s\u0103 putem furniza servicii, desf\u0103\u0219ura rela\u021biile contractuale, promova \u0219i oferi informa\u021bii despre serviciile noastre.<\/p>\n<p>Noi, PSBH Popescu, Nicolau &amp; Asocia\u021bii \u2013 Societate Civil\u0103 de Avoca\u021bi, lu\u0103m toate m\u0103surile necesare pentru a ne asigura c\u0103, \u00een mod implicit, sunt prelucrate doar date cu caracter personal strict necesare pentru fiecare scop specific al prelucr\u0103rii. \u00cen cazul \u00een care sunt necesare date cu caracter personal suplimentare op\u021bionale, ve\u021bi fi anun\u021bat \u00een leg\u0103tur\u0103 cu aceast\u0103 \u00eemprejurare la momentul colect\u0103rii, consim\u021b\u0103m\u00e2ntul dumneavoastr\u0103 fiind solicitat \u00een mod expres.<\/p>\n<ul>\n<li><strong>DATELE PRELUCRATE<\/strong><\/li>\n<\/ul>\n<p>Date cu caracter personal \u00eenseamn\u0103 orice informa\u021bii privind o persoan\u0103 fizic\u0103 identificat\u0103 sau identificabil\u0103 (\u201epersoana vizat\u0103\u201d); o persoan\u0103 fizic\u0103 identificabil\u0103 este o persoan\u0103 care poate fi identificat\u0103, direct sau indirect, \u00een special prin referire la un element de identificare, cum ar fi un nume, un num\u0103r de identificare, date de localizare, un identificator online, sau la unul sau mai multe elemente specifice, proprii identit\u0103\u021bii sale fizice, fiziologice, genetice, psihice, economice, culturale sau sociale.<\/p>\n<p>Dac\u0103 va fi cazul, datele cu caracter personal pe care le colect\u0103m vor putea include, de asemenea, date despre infrac\u021biuni presupuse sau dovedite, \u00een fiecare caz \u00een care acest lucru este permis sau solicitat de lege ori \u00een scopul aducerii la \u00eendeplinire a unui contract \u00eentre p\u0103r\u021bi.<\/p>\n<p>Cu privire la categoriile speciale de date pe care noi le putem prelucra, v\u0103 inform\u0103m c\u0103 temeiul juridic pe care ne putem baza este (i) consim\u021b\u0103m\u00e2ntul dumneavoastr\u0103, (ii) obliga\u021bia legal\u0103 care ne revine pentru a prelucra astfel de date, sau (iii) prelucrarea este necesar\u0103 pentru constatarea, exercitarea sau ap\u0103rarea unui drept \u00een instan\u021b\u0103.<\/p>\n<p><strong>\u00a0<\/strong><\/p>\n<ul>\n<li><strong>PRINCIPII GDPR<\/strong><\/li>\n<\/ul>\n<p>Ori de c\u00e2te ori vom prelucra date cu caracter personal vom \u021bine cont de urm\u0103toarele principii:<\/p>\n<p>LEGALITATE, ECHITATE \u0218I TRANSPAREN\u021a\u0102 \u2013 datele dvs. cu caracter personal vor fi prelucrate \u201d\u00een mod legal, echitabil \u0219i transparent\u201d;<\/p>\n<p>LIMIT\u0102RI LEGATE DE SCOP \u2013 datele dvs. vor fi colectate \u00een scopuri bine determinate, explicite \u0219i legitime, iar prelucr\u0103rile ulterioare ale datelor respective nu se vor abate de la aceste scopuri;<\/p>\n<p>REDUCEREA LA MINIMUM A DATELOR \u2013 orice colectare de date personale va fi foarte bine analizat\u0103 \u00eenainte de solicitarea efectiv\u0103 a datelor pe care urmeaz\u0103 s\u0103 le prelucr\u0103m, care vor fi relevante \u0219i strict limitate la ceea ce este absolut necesar pentru scopurile \u00een care sunt prelucrate;<\/p>\n<p>EXACTITATEA INFORMA\u021aIILOR \u2013 operatorii trebuie s\u0103 ia toate m\u0103surile pentru a asigura validitatea datelor, iar cele dovedite inexacte trebuie actualizate f\u0103r\u0103 \u00eent\u00e2rziere sau \u0219terse;<\/p>\n<p>LIMITAREA STOC\u0102RII \u2013 datele trebuie p\u0103strate exclusiv pentru perioada pentru care sunt necesare prelucr\u0103rii asumate. Perioadele mai lungi de stocare reprezint\u0103 excep\u021bii asociate cu activit\u0103\u021bi publice de arhivare, cercetare sau statistic\u0103, care se pot desf\u0103\u0219ura \u00een anumite condi\u021bii;<\/p>\n<p>INTEGRITATE \u0218I CONFIDEN\u021aIALITATE \u2013 prelucrarea datelor personale trebuie f\u0103cut\u0103 \u00een condi\u021bii de siguran\u021b\u0103, care s\u0103 includ\u0103 \u201dprotec\u021bia \u00eempotriva prelucr\u0103rii neautorizate sau ilegale \u0219i \u00eempotriva pierderii, a distrugerii sau a deterior\u0103rii accidentale, prin luarea de m\u0103suri tehnice sau organizatorice corespunz\u0103toare\u201d.<\/p>\n<ul>\n<li><strong>\u00a0DREPTURI<\/strong><\/li>\n<\/ul>\n<p>Noi, PSBH Popescu, Nicolau &amp; Asocia\u021bii-Societate Civil\u0103 de Avoca\u021bi, v\u0103 asigur\u0103m respectarea drepturilor conferite persoanelor vizate \u00een temeiul GDPR, printre care:<\/p>\n<p>DREPTUL DE ACCES \u2013 v\u0103 permite ob\u021binerea detaliilor relevante prelucr\u0103rii datelor cu caracter personal;<\/p>\n<p>DREPTUL LA RECTIFICARE \u2013 v\u0103 permite rectificarea sau completarea datelor dvs. personale, dac\u0103 acestea au fost incorect sau incomplet prelucrate;<\/p>\n<p>DREPTUL DE A FI UITAT \u2013 v\u0103 permite \u0219tergerea datelor dvs. cu caracter personal \u00een anumite cazuri (de exemplu, dac\u0103 datele nu mai sunt necesare \u00een leg\u0103tur\u0103 cu scopurile pentru care au fost colectate) \u0219i, \u00een cazul \u00een care datele cu caracter personal au fost f\u0103cute publice, transmiterea informa\u021biilor referitoare la solicitarea de \u0219tergere c\u0103tre al\u021bi operatori;<\/p>\n<p>DREPTUL LA RESTRIC\u021aIONAREA DATELOR PRELUCRATE \u2013 v\u0103 permite ob\u021binerea restric\u021bion\u0103rii proces\u0103rii datelor dvs. personale \u00een anumite cazuri (de exemplu, atunci c\u00e2nd contesta\u021bi exactitatea datelor dvs. personale, pentru o perioad\u0103 care s\u0103 ne permit\u0103 s\u0103 verific\u0103m o astfel de exactitate);<\/p>\n<p>DREPTUL DE A OBIECTA \u2013 v\u0103 permite s\u0103 v\u0103 opune\u021bi prelucr\u0103rii \u00een continuare a datelor dvs. personale \u00een condi\u021biile \u0219i limitele stabilite de lege;<\/p>\n<p>DREPTUL LA PORTABILITATEA DATELOR \u2013 v\u0103 permite s\u0103 primi\u021bi datele personale referitoare la dvs. pe care ni le-a\u021bi furnizat, \u00eentr-un format structurat, utilizat \u00een format electronic sau s\u0103 transmite\u021bi aceste date altui operator de date;<\/p>\n<p>DREPTUL DE RETRAGERE A CONSIM\u021a\u0102M\u00c2NTULUI \u2013 v\u0103 permite s\u0103 retrage\u021bi oric\u00e2nd un consim\u021b\u0103m\u00e2nt dat \u00een vederea opririi unei prelucr\u0103ri a datelor care se bazeaz\u0103 pe acel consim\u021b\u0103m\u00e2nt. Retragerea nu va afecta legalitatea prelucr\u0103rii pe baza consim\u021b\u0103m\u00e2ntului acordat \u00eenainte de retragere;<\/p>\n<p>DREPTUL DE A DEPUNE O PL\u00c2NGERE LA O AUTORITATE DE SUPRAVEGHERE \u2013 dreptul de a \u00eenainta o pl\u00e2ngere c\u0103tre Autoritate Na\u021bional\u0103 de Supraveghere a Protec\u021biei Datelor din Rom\u00e2nia, \u00een cazul \u00een care considera\u021bi c\u0103 prelucrarea datelor dvs. cu caracter personal \u00eencalc\u0103 legile aplicabile.<\/p>\n<ul>\n<li><strong>SCOPURILE \u0218I PRELUCRAREA DATELOR CU CARACTER PERSONAL \u00ceN BAZA CONSIM\u021a\u0102M\u00c2NTULUI OB\u021aINUT<\/strong><\/li>\n<\/ul>\n<p>Vom prelucra datele dvs. \u00een mod legal, echitabil \u0219i transparent, scopurile \u00een care urmeaz\u0103 s\u0103 folosim aceste date fiind bine determinate, mai exact \u00een vederea preg\u0103tirii \u0219i oferirii serviciilor pe care le solicita\u021bi de la noi \u0219i\/sau \u00een desf\u0103\u0219urarea rela\u021biilor contractuale.<\/p>\n<p>Printre altele, datele dvs. vor fi prelucrate \u00een vederea comunic\u0103rii prin e-mail, coresponden\u021b\u0103, telefonic, video sau prin orice alt mijloc de comunicare prin care se vor transmite r\u0103spunsurile la solicit\u0103rile dvs., materialele preg\u0103tite \u00een cadrul activit\u0103\u021bii de asisten\u021b\u0103 \u0219i reprezentare, precum \u0219i orice alt r\u0103spuns sau solicitare din cadrul colabor\u0103rii sau poten\u021bialei colabor\u0103ri cu PSBH Popescu, Nicolau &amp; Asocia\u021bii-Societate Civil\u0103 de Avoca\u021bi. \u00cen acest caz prelucrarea datelor cu caracter personal va avea la baz\u0103 interesul legitim \u00een vederea oferirii serviciilor noastre \u00een func\u021bie de aria de practic\u0103 sau rela\u021bia contractual\u0103.<\/p>\n<p>Putem prelucra datele dvs. \u0219i \u00een contextul furniz\u0103rii serviciilor bazate pe obliga\u021bii legale sau a obliga\u021biilor impuse de dispozi\u021biile legale, \u00een acest caz obliga\u021bia legal\u0103 reprezint\u0103 temeiul prelucr\u0103rii datelor cu caracter personal.<\/p>\n<p>De asemenea, putem utiliza datele dvs. de contact pentru a v\u0103 furniza buletinele noastre informative (newsletter) cu privire la nout\u0103\u021bile juridice \u0219i articole publicate de c\u0103tre noi, doar \u00een cazul \u00een care v-a\u021bi exprimat consim\u021b\u0103m\u00e2ntul \u00een mod expres prin completarea \u201cFormularului de exprimare a consim\u021b\u0103m\u00e2ntului\u201d. \u00cen acest caz, scopul prelucr\u0103rii datelor dvs. cu caracter personal va fi cel de marketing.<\/p>\n<p>\u00cen toate cazurile, datele sunt furnizate direct de dvs. ca urmare a solicit\u0103rii noastre \u0219i a exprim\u0103rii consim\u021b\u0103m\u00e2ntului dvs., \u00een vederea \u00eendeplinirii scopurilor sus-men\u021bionate.<\/p>\n<p>Noi, <strong>PSBH Popescu, Nicolau &amp; Asocia\u021bii-Societate Civil\u0103 de Avoca\u021bi<\/strong>, v\u0103 solicit\u0103m furnizarea urm\u0103toarelor categorii de date cu caracter personal: nume, prenume, date de contact, respectiv telefon \u0219i adres\u0103 de e-mail, exclusiv \u00een scopurile sus-men\u021bionate, \u00een vederea desf\u0103\u0219ur\u0103rii activit\u0103\u021bii noastre curente \u0219i \u00een vederea prest\u0103rii serviciilor noastre.<\/p>\n<p>Ne angaj\u0103m s\u0103 protej\u0103m confiden\u021bialitatea datelor dumneavoastr\u0103 cu caracter personal. Dac\u0103 ave\u021bi \u00eentreb\u0103ri sau comentarii cu privire la administrarea datelor dumneavoastr\u0103 cu caracter personal, precum \u0219i \u00een vederea exercit\u0103rii drepturilor, v\u0103 rug\u0103m s\u0103 ne contacta\u021bi.<\/p>\n<ul>\n<li><strong>DEZV\u0102LUIREA DATELOR CU CARACTER PERSONAL<\/strong><\/li>\n<\/ul>\n<p>Ca regul\u0103, nu partaj\u0103m date cu caracter personal cu ter\u021be p\u0103r\u021bi, cu excep\u021bia cazului \u00een care acest lucru este necesar pentru nevoile noastre legitime profesionale \u0219i opera\u021bionale, precum \u0219i \u00een interesul dumneavoastr\u0103, pentru a v\u0103 \u00eendeplini cerin\u021bele \u0219i\/sau dup\u0103 cum este cerut sau permis de legi sau standardele profesionale, \u00een contextul furniz\u0103rii serviciilor pe care le-a\u021bi solicitat.<\/p>\n<ul>\n<li><strong>DURATA STOC\u0102RII DATELOR CU CARACTER PERSONAL<\/strong><\/li>\n<\/ul>\n<p>Datele dvs. personale vor fi p\u0103strate, \u00een conformitate cu politicile noastre interne \u0219i obliga\u021biile legale care ne revin, pe o perioad\u0103 determinat\u0103, at\u00e2t timp c\u00e2t este necesar pentru atingerea scopului prelucr\u0103rii acestora ori at\u00e2t timp c\u00e2t prest\u0103m servicii care sunt \u00een sfera dvs. de interes, \u00een vederea inform\u0103rii cu privire la acestea.<\/p>\n<p>Cu toate acestea, vom \u00eenceta s\u0103 prelucr\u0103m oricare dintre datele dumneavoastr\u0103 cu caracter personal, at\u00e2ta timp c\u00e2t nu mai sunt necesare pentru scopurile stabilite sau c\u00e2nd v\u0103 retrage\u021bi consim\u021b\u0103m\u00e2ntul, acesta fiind temeiul juridic al prelucr\u0103rii \u0219i (i) nu exist\u0103 motive legitime imperioase pentru continuarea unei prelucr\u0103ri care s\u0103 prevaleze intereselor, drepturilor \u0219i libert\u0103\u021bilor dumneavoastr\u0103 sau (ii) dac\u0103 datele cu caracter personal nu sunt necesare pentru stabilirea, exercitarea sau ap\u0103rarea unui drept \u00een instan\u021b\u0103.<\/p>","protected":false},"excerpt":{"rendered":"<p>\u00cen 25 mai 2018 a devenit aplicabil Regulamentul European 2016\/679 privind protec\u021bia persoanelor fizice referitor la prelucrarea datelor cu caracter personal \u0219i libera circula\u021bie a acestor date (,,Regulamentul\u201d, ,,GDPR\u201d). Scopul principal al acestuia este cre\u0219terea nivelului de protec\u021bie a datelor personale \u0219i crearea unui climat de \u00eencredere care s\u0103 permit\u0103 fiec\u0103rei persoane controlul asupra propriilor&#8230;<\/p>\n<div class=\"[&hellip;]\"><a href=\"https:\/\/new.psbh.ro\/en\/privacy-policy-2\/\">Read More<\/a><\/div>","protected":false},"author":1,"featured_media":25,"parent":0,"menu_order":0,"comment_status":"closed","ping_status":"closed","template":"","meta":{"footnotes":""},"class_list":["post-610","page","type-page","status-publish","has-post-thumbnail","hentry"],"_links":{"self":[{"href":"https:\/\/new.psbh.ro\/en\/wp-json\/wp\/v2\/pages\/610","targetHints":{"allow":["GET"]}}],"collection":[{"href":"https:\/\/new.psbh.ro\/en\/wp-json\/wp\/v2\/pages"}],"about":[{"href":"https:\/\/new.psbh.ro\/en\/wp-json\/wp\/v2\/types\/page"}],"author":[{"embeddable":true,"href":"https:\/\/new.psbh.ro\/en\/wp-json\/wp\/v2\/users\/1"}],"replies":[{"embeddable":true,"href":"https:\/\/new.psbh.ro\/en\/wp-json\/wp\/v2\/comments?post=610"}],"version-history":[{"count":1,"href":"https:\/\/new.psbh.ro\/en\/wp-json\/wp\/v2\/pages\/610\/revisions"}],"predecessor-version":[{"id":2131,"href":"https:\/\/new.psbh.ro\/en\/wp-json\/wp\/v2\/pages\/610\/revisions\/2131"}],"wp:featuredmedia":[{"embeddable":true,"href":"https:\/\/new.psbh.ro\/en\/wp-json\/"}],"wp:attachment":[{"href":"https:\/\/new.psbh.ro\/en\/wp-json\/wp\/v2\/media?parent=610"}],"curies":[{"name":"wp","href":"https:\/\/api.w.org\/{rel}","templated":true}]}}